{"id":309,"date":"2021-11-12T06:56:12","date_gmt":"2021-11-12T06:56:12","guid":{"rendered":"https:\/\/monta.com\/dk\/?page_id=309"},"modified":"2026-03-02T11:18:14","modified_gmt":"2026-03-02T10:18:14","slug":"kontakt-salg","status":"publish","type":"page","link":"https:\/\/monta.com\/da\/kontakt-salg\/","title":{"rendered":"Kontakt salg"},"content":{"rendered":"<section aria-labelledby=\"formlogos-heading-block_d4b0a9ad9251ced89d1761c1be4e2c1b\" class=\"bg-black text-white  rounded-section\">\n    <div class=\"grid grid-cols-1 md:grid-cols-5 gap-8 md:gap-30\">\n        <!-- Text Column -->\n        <div class=\"md:col-span-2 flex flex-col\">\n            <div>\n                \n                                                    <h1 id=\"formlogos-heading-block_d4b0a9ad9251ced89d1761c1be4e2c1b\" class=\"text-white mb-6\">\n                        Lad os finde den bedste ladesoftware til din virksomhed                    <\/h1>\n                                \n                                <div class=\"rich-text text-white\/90 mb-8\">\n                    <p>Monta har udviklet en komplet opladningssoftware, der kan drive din virksomhed uanset form\u00e5l. Fra opladning til flerfamiliehuse til virksomhedens bilparker til offentlige DCFC, Montas software giver dig mulighed for at vokse hurtigt, skalere effektivt og give dine chauff\u00f8rer den bedste ladeoplevelse. Lad os v\u00e6kste dit netv\u00e6rk sammen.<\/p>\n                <\/div>\n                            <\/div>\n\n            <!-- Logo Row -->\n            \n                            <div class=\"md:mt-10 mt-6\">\n                                                                <h2 class=\"text-white\/90 font-normal mb-6 intro\">\n                            Anerkendt af branchens ledere                        <\/h2>\n                                        \n                                            <div class=\"grid grid-cols-2 lg:flex lg:flex-nowrap items-center lg:gap-0 gap-2 opacity-100\">\n                                                            <img decoding=\"async\" src=\"https:\/\/monta.com\/wp-content\/uploads\/2024\/09\/NORLYS-BLACK.svg\" alt=\"Partner logo\"\n                                    class=\"h-8 lg:h-10 brightness-0 invert\" loading=\"lazy\" \/>\n                                                                                        <img decoding=\"async\" src=\"https:\/\/monta.com\/app\/uploads\/sites\/15\/2025\/11\/logo_ENERGIFYN-black.png\" alt=\"Sorte grafiske elementer fra EnergifyN-logoet, med fokus p\u00e5 energisymbole og moderne skrifttype, p\u00e5 hvid baggrund.\"\n                                    class=\"h-8 lg:h-10 brightness-0 invert\" loading=\"lazy\" \/>\n                                                                                        <img decoding=\"async\" src=\"https:\/\/monta.com\/app\/uploads\/sites\/15\/2025\/11\/img_NRGI-black.png\" alt=\"Logo med sort tekst og grafik, repr\u00e6senterer NRGI, anvendt p\u00e5 &quot;Kontakt salg&quot;-side.\"\n                                    class=\"h-8 lg:h-10 brightness-0 invert\" loading=\"lazy\" \/>\n                                                                                        <img decoding=\"async\" src=\"https:\/\/monta.com\/wp-content\/uploads\/2025\/06\/logo_ewii-black.svg\" alt=\"logo ewii black\"\n                                    class=\"h-8 lg:h-10 brightness-0 invert\" loading=\"lazy\" \/>\n                                                    <\/div>\n                                    <\/div>\n                    <\/div>\n\n        <!-- Form\/Widget Column with Lottie Background -->\n        <div class=\"md:col-span-3 relative flex items-center\">\n                            <!-- Lottie Background -->\n                <div class=\"absolute md:top-[60px] md:left-[-65px] md:w-[390px] md:translate-none left-1\/2 transform -translate-x-1\/2 w-[80%] top-[-20px]\">\n                    <lottie-player src=\"https:\/\/monta.com\/wp-content\/uploads\/2025\/11\/Group.json\" background=\"transparent\" speed=\"0.3\"\n                        loop autoplay mode=\"normal\" aria-hidden=\"true\">\n                    <\/lottie-player>\n                <\/div>\n            \n            <div class=\"relative z-10 max-w-165 w-full mx-auto md:mx-0 md:ml-auto md:mt-0 mt-30\">\n                <div\n                    class=\"rounded-2xl  \">\n                    <div class=\"relative z-10\">\n                                                <script src=\"https:\/\/js.hsforms.net\/forms\/embed\/developer\/20114015.js\" defer><\/script>\r\n<div class=\"hs-form-html\" data-region=\"na1\" data-form-id=\"e222cf07-90d6-4e87-add8-ba367baa52f4\" data-portal-id=\"20114015\"><\/div>                                            <\/div>\n                <\/div>\n            <\/div>\n        <\/div>\n    <\/div>\n<\/section>","protected":false},"excerpt":{"rendered":"","protected":false},"author":1,"featured_media":0,"parent":0,"menu_order":0,"comment_status":"closed","ping_status":"closed","template":"template-contact-sales.blade.php","meta":{"_acf_changed":false,"inline_featured_image":false,"footnotes":""},"class_list":["post-309","page","type-page","status-publish","hentry"],"acf":[],"_links":{"self":[{"href":"https:\/\/monta.com\/da\/wp-json\/wp\/v2\/pages\/309","targetHints":{"allow":["GET"]}}],"collection":[{"href":"https:\/\/monta.com\/da\/wp-json\/wp\/v2\/pages"}],"about":[{"href":"https:\/\/monta.com\/da\/wp-json\/wp\/v2\/types\/page"}],"author":[{"embeddable":true,"href":"https:\/\/monta.com\/da\/wp-json\/wp\/v2\/users\/1"}],"replies":[{"embeddable":true,"href":"https:\/\/monta.com\/da\/wp-json\/wp\/v2\/comments?post=309"}],"version-history":[{"count":11,"href":"https:\/\/monta.com\/da\/wp-json\/wp\/v2\/pages\/309\/revisions"}],"predecessor-version":[{"id":7650,"href":"https:\/\/monta.com\/da\/wp-json\/wp\/v2\/pages\/309\/revisions\/7650"}],"wp:attachment":[{"href":"https:\/\/monta.com\/da\/wp-json\/wp\/v2\/media?parent=309"}],"curies":[{"name":"wp","href":"https:\/\/api.w.org\/{rel}","templated":true}]}}