{"id":1189,"date":"2022-11-14T07:08:59","date_gmt":"2022-11-14T06:08:59","guid":{"rendered":"https:\/\/monta.com\/de\/?page_id=1189"},"modified":"2026-03-09T11:24:21","modified_gmt":"2026-03-09T10:24:21","slug":"kundenstories","status":"publish","type":"page","link":"https:\/\/monta.com\/de\/kundenstories\/","title":{"rendered":"Case studies"},"content":{"rendered":"<section aria-label=\"Kundenstories\" class=\"bg-transparent text-charcoal mb-0 rounded-section\" >\n    <div class=\"grid grid-cols-1 md:grid-cols-12 gap-12 items-center\">\n                <div class=\"md:col-span-5\">\n                                                                <h1 class=\"h1 mb-10 \">\n                    Kundenstories                <\/h1>\n                                                <div class=\"md:hidden block mb-10 \">\n                                    <img decoding=\"async\" title=\"icon_circle-abstract-1\" alt=\"\" src=\"https:\/\/monta.com\/wp-content\/uploads\/2025\/06\/icon_circle-abstract-1.svg\" \/>\n                                                            <\/div>\n                        <div class=\"rich-text \">\n                <p>Monta unterst\u00fctzt Unternehmen auf der ganzen Welt mit nahtlosen, skalierbaren und innovativen L\u00f6sungen f\u00fcr das Laden von Elektrofahrzeugen und vereinfacht die Infrastruktur f\u00fcr Betreiber von Ladestationen, L\u00f6sungsanbieter und Hardwarehersteller.<\/p>\n\n            <\/div>\n                                                        <\/div>\n                <div class=\"md:col-span-6 md:col-start-7 justify-items-end hidden md:block\">\n                            <img decoding=\"async\" title=\"icon_circle-abstract-1\" class=\"mx-auto max-h-144\" alt=\"\"\n                    src=\"https:\/\/monta.com\/wp-content\/uploads\/2025\/06\/icon_circle-abstract-1.svg\" \/>\n                                            <\/div>\n            <\/div>\n<\/section>\n\n\n\n<section aria-label=\"Vertrauen von \u00fcber 1.000 Betreibern weltweit\" class=\" bg-white py-8 pt-4\">\n    <div class=\" mx-auto text-center\">\n                <div class=\"text-gray-600 mt-6 mb-3\">Vertrauen von \u00fcber 1.000 Betreibern weltweit<\/div>\n        <div class=\"flex flex-wrap justify-center gap-4 md:gap-8 mb-6 items-center max-w-[1054px] m-auto\">\n                            <!-- Logo 1 -->\n                <div class=\"w-[calc(50%-0.5rem)] md:w-[calc(25%-1.5rem)]\">\n                    <img decoding=\"async\" src=\"https:\/\/monta.com\/app\/uploads\/sites\/13\/2026\/02\/logo_daheim-laden.de_.png\" title=\"Ladesoftware f\u00fcr Ladeinfrastruktur-Betreiber - Dasheimladen.de\" alt=\"\" class=\"w-full\" \/>\n                <\/div>\n                                        <!-- Logo 2 -->\n                <div class=\"w-[calc(50%-0.5rem)] md:w-[calc(25%-1.5rem)]\">\n                    <img decoding=\"async\" src=\"https:\/\/monta.com\/app\/uploads\/sites\/13\/2025\/07\/logo_eliso_black-1.png\" title=\"Ladesoftware f\u00fcr Betreiber von Ladeinfrastruktur - eliso Logo\" alt=\"Schwarzes Logo mit dem Schriftzug &quot;eliso&quot; in einer modernen, abgerundeten Schriftart.\" class=\"w-full\" \/>\n                <\/div>\n                                        <!-- Logo 3 -->\n                <div class=\"w-[calc(50%-0.5rem)] md:w-[calc(25%-1.5rem)]\">\n                    <img decoding=\"async\" src=\"https:\/\/monta.com\/app\/uploads\/sites\/13\/2025\/07\/logo_The-mobility-house.png\" title=\"Ladesoftware f\u00fcr Ladeinfrastruktur von The Mobility House\" alt=\"Logo von The Mobility House mit drei grauen Pfeilen \u00fcber dem Schriftzug, der in klarer, serifenloser Schrift gehalten ist.\" class=\"w-full\" \/>\n                <\/div>\n                                        <!-- Logo 4 -->\n                <div class=\"w-[calc(50%-0.5rem)] md:w-[calc(25%-1.5rem)]\">\n                    <img decoding=\"async\" src=\"https:\/\/monta.com\/app\/uploads\/sites\/13\/2025\/11\/logo_charge2change-black.png\" title=\"charge2change Logo f\u00fcr Kontakt Verkauf Seite\" alt=\"Symbol in Form eines stilisierten &quot;C&quot; und &quot;Zahlensymbol&quot; in Violett und Schwarz, mit dem Schriftzug &quot;charge2change&quot; rechts daneben.\" class=\"w-full\" \/>\n                <\/div>\n                    <\/div>\n            <\/div>\n<\/section>\n\n\n<section aria-label=\"Erfahren Sie, wie Tausende von Unternehmen mit Monta ihr Ladegesch\u00e4ft managen\" class=\"\">\n            <div class=\"grid grid-cols-1 md:grid-cols-2 md:gap-22 mb-14\">\n            <div>\n                                     <h2>                         Erfahren Sie, wie Tausende von Unternehmen mit Monta ihr Ladegesch\u00e4ft managen\n                     <\/h2>                             <\/div>\n                    <\/div>\n    \n    <post-grid\n        data-post-types='[\"case-studies\"]'\n        data-taxonomies='[{\"slug\":\"post_tag\",\"restBase\":\"tags\",\"label\":\"Anwendungsfall\",\"customTerms\":[{\"id\":278,\"name\":\"L\\u00f6sungsanbieter\"},{\"id\":280,\"name\":\"Standortbetreiber\"}]},{\"slug\":\"case_study_country\",\"restBase\":\"case_study_country\",\"label\":\"Land\"}]'\n        data-per-page=\"6\"\n        data-columns=\"3\"\n        data-api-url=\"https:\/\/monta.com\/de\/wp-json\/postgrid\/v1\/posts\"\n        data-rest-url=\"https:\/\/monta.com\/de\/wp-json\/wp\/v2\/\"\n        data-label-type=\"taxonomy\"\n        data-label-source=\"\"\n        data-post-type-labels='{\"case-studies\":\"Case studies\"}'\n        data-enable-post-type-filter=\"false\"\n        data-post-type-filter-label=\"\"\n        locale=\"de_DE\"\n    ><\/post-grid>\n<\/section>\n\n\n<section  aria-labelledby=\"numberslider-heading-block_6f78cbb6b555a2eda03b06b7474c3a5e\"  class=\"text-white bg-primary-blue  rounded-section number-slider !pr-0 md:!pr-10\">\n    <div class=\"\">\n                    <div class=\"grid grid-cols-1 md:grid-cols-12 md:mb-31 mb-10\">\n                 <h2  id=\"numberslider-heading-block_6f78cbb6b555a2eda03b06b7474c3a5e\" class=\"h2 md:col-span-6 mb-7 md:mb-0\">Wir helfen unseren Kunden, messbare Ergebnisse zu erzielen  <\/h2>                 <div class=\"rich-text intro md:col-start-8 md:col-span-5\">\n                    \n                <\/div>\n            <\/div>\n                        <number-slider data-slides='[{\"illustration\":{\"ID\":6909,\"id\":6909,\"title\":\"icon_squares-abstract\",\"filename\":\"icon_squares-abstract.svg\",\"filesize\":0,\"url\":\"https:\\\/\\\/monta.com\\\/wp-content\\\/uploads\\\/2025\\\/06\\\/icon_squares-abstract.svg\",\"link\":\"https:\\\/\\\/monta.com\\\/de\\\/icon_squares-abstract\\\/\",\"alt\":\"\",\"author\":\"35\",\"description\":\"\",\"caption\":\"\",\"name\":\"icon_squares-abstract\",\"status\":\"inherit\",\"uploaded_to\":0,\"date\":\"2025-07-03 09:45:18\",\"modified\":\"2025-07-03 09:45:18\",\"menu_order\":0,\"mime_type\":\"image\\\/svg+xml\",\"type\":\"image\",\"subtype\":\"svg+xml\",\"icon\":\"https:\\\/\\\/monta.com\\\/de\\\/wp-includes\\\/images\\\/media\\\/default.png\",\"width\":97,\"height\":112,\"sizes\":{\"thumbnail\":\"https:\\\/\\\/monta.com\\\/wp-content\\\/uploads\\\/2025\\\/06\\\/icon_squares-abstract.svg\",\"thumbnail-width\":130,\"thumbnail-height\":150,\"medium\":\"https:\\\/\\\/monta.com\\\/wp-content\\\/uploads\\\/2025\\\/06\\\/icon_squares-abstract.svg\",\"medium-width\":261,\"medium-height\":300,\"medium_large\":\"https:\\\/\\\/monta.com\\\/wp-content\\\/uploads\\\/2025\\\/06\\\/icon_squares-abstract.svg\",\"medium_large-width\":768,\"medium_large-height\":883,\"large\":\"https:\\\/\\\/monta.com\\\/wp-content\\\/uploads\\\/2025\\\/06\\\/icon_squares-abstract.svg\",\"large-width\":890,\"large-height\":1024,\"1536x1536\":\"https:\\\/\\\/monta.com\\\/wp-content\\\/uploads\\\/2025\\\/06\\\/icon_squares-abstract.svg\",\"1536x1536-width\":97,\"1536x1536-height\":112,\"2048x2048\":\"https:\\\/\\\/monta.com\\\/wp-content\\\/uploads\\\/2025\\\/06\\\/icon_squares-abstract.svg\",\"2048x2048-width\":97,\"2048x2048-height\":112}},\"number\":\"3,200+\",\"number_label\":\"Ladepunkte in 10 Monaten von EWII installiert\",\"number_description\":\"\"},{\"illustration\":{\"ID\":6905,\"id\":6905,\"title\":\"icon_square-abstract\",\"filename\":\"icon_square-abstract.svg\",\"filesize\":0,\"url\":\"https:\\\/\\\/monta.com\\\/wp-content\\\/uploads\\\/2025\\\/06\\\/icon_square-abstract.svg\",\"link\":\"https:\\\/\\\/monta.com\\\/de\\\/icon_square-abstract\\\/\",\"alt\":\"\",\"author\":\"35\",\"description\":\"\",\"caption\":\"\",\"name\":\"icon_square-abstract\",\"status\":\"inherit\",\"uploaded_to\":0,\"date\":\"2025-07-03 09:42:59\",\"modified\":\"2025-07-03 09:42:59\",\"menu_order\":0,\"mime_type\":\"image\\\/svg+xml\",\"type\":\"image\",\"subtype\":\"svg+xml\",\"icon\":\"https:\\\/\\\/monta.com\\\/de\\\/wp-includes\\\/images\\\/media\\\/default.png\",\"width\":112,\"height\":113,\"sizes\":{\"thumbnail\":\"https:\\\/\\\/monta.com\\\/wp-content\\\/uploads\\\/2025\\\/06\\\/icon_square-abstract.svg\",\"thumbnail-width\":148,\"thumbnail-height\":150,\"medium\":\"https:\\\/\\\/monta.com\\\/wp-content\\\/uploads\\\/2025\\\/06\\\/icon_square-abstract.svg\",\"medium-width\":297,\"medium-height\":300,\"medium_large\":\"https:\\\/\\\/monta.com\\\/wp-content\\\/uploads\\\/2025\\\/06\\\/icon_square-abstract.svg\",\"medium_large-width\":768,\"medium_large-height\":776,\"large\":\"https:\\\/\\\/monta.com\\\/wp-content\\\/uploads\\\/2025\\\/06\\\/icon_square-abstract.svg\",\"large-width\":1014,\"large-height\":1024,\"1536x1536\":\"https:\\\/\\\/monta.com\\\/wp-content\\\/uploads\\\/2025\\\/06\\\/icon_square-abstract.svg\",\"1536x1536-width\":112,\"1536x1536-height\":113,\"2048x2048\":\"https:\\\/\\\/monta.com\\\/wp-content\\\/uploads\\\/2025\\\/06\\\/icon_square-abstract.svg\",\"2048x2048-width\":112,\"2048x2048-height\":113}},\"number\":\"330%\",\"number_label\":\"Umsatzwachstum in sechs Monaten f\\u00fcr Zapp Mobility\",\"number_description\":\"\"},{\"illustration\":{\"ID\":6907,\"id\":6907,\"title\":\"icon_sphere-abstract\",\"filename\":\"icon_sphere-abstract.svg\",\"filesize\":0,\"url\":\"https:\\\/\\\/monta.com\\\/wp-content\\\/uploads\\\/2025\\\/06\\\/icon_sphere-abstract.svg\",\"link\":\"https:\\\/\\\/monta.com\\\/de\\\/icon_sphere-abstract\\\/\",\"alt\":\"\",\"author\":\"35\",\"description\":\"\",\"caption\":\"\",\"name\":\"icon_sphere-abstract\",\"status\":\"inherit\",\"uploaded_to\":0,\"date\":\"2025-07-03 09:44:30\",\"modified\":\"2025-07-03 09:44:30\",\"menu_order\":0,\"mime_type\":\"image\\\/svg+xml\",\"type\":\"image\",\"subtype\":\"svg+xml\",\"icon\":\"https:\\\/\\\/monta.com\\\/de\\\/wp-includes\\\/images\\\/media\\\/default.png\",\"width\":99,\"height\":100,\"sizes\":{\"thumbnail\":\"https:\\\/\\\/monta.com\\\/wp-content\\\/uploads\\\/2025\\\/06\\\/icon_sphere-abstract.svg\",\"thumbnail-width\":148,\"thumbnail-height\":150,\"medium\":\"https:\\\/\\\/monta.com\\\/wp-content\\\/uploads\\\/2025\\\/06\\\/icon_sphere-abstract.svg\",\"medium-width\":297,\"medium-height\":300,\"medium_large\":\"https:\\\/\\\/monta.com\\\/wp-content\\\/uploads\\\/2025\\\/06\\\/icon_sphere-abstract.svg\",\"medium_large-width\":768,\"medium_large-height\":776,\"large\":\"https:\\\/\\\/monta.com\\\/wp-content\\\/uploads\\\/2025\\\/06\\\/icon_sphere-abstract.svg\",\"large-width\":1014,\"large-height\":1024,\"1536x1536\":\"https:\\\/\\\/monta.com\\\/wp-content\\\/uploads\\\/2025\\\/06\\\/icon_sphere-abstract.svg\",\"1536x1536-width\":99,\"1536x1536-height\":100,\"2048x2048\":\"https:\\\/\\\/monta.com\\\/wp-content\\\/uploads\\\/2025\\\/06\\\/icon_sphere-abstract.svg\",\"2048x2048-width\":99,\"2048x2048-height\":100}},\"number\":\"250+\",\"number_label\":\"Skalierung von 0 auf \\u00fcber 250 Ladepunkte innerhalb weniger Monate\",\"number_description\":\"\"},{\"illustration\":{\"ID\":7116,\"id\":7116,\"title\":\"icon_pattern_abstract\",\"filename\":\"icon_pattern_abstract.svg\",\"filesize\":0,\"url\":\"https:\\\/\\\/monta.com\\\/wp-content\\\/uploads\\\/2025\\\/06\\\/icon_pattern_abstract.svg\",\"link\":\"https:\\\/\\\/monta.com\\\/de\\\/icon_pattern_abstract\\\/\",\"alt\":\"\",\"author\":\"35\",\"description\":\"\",\"caption\":\"\",\"name\":\"icon_pattern_abstract\",\"status\":\"inherit\",\"uploaded_to\":0,\"date\":\"2025-07-04 11:47:42\",\"modified\":\"2025-07-04 11:47:42\",\"menu_order\":0,\"mime_type\":\"image\\\/svg+xml\",\"type\":\"image\",\"subtype\":\"svg+xml\",\"icon\":\"https:\\\/\\\/monta.com\\\/de\\\/wp-includes\\\/images\\\/media\\\/default.png\",\"width\":101,\"height\":91,\"sizes\":{\"thumbnail\":\"https:\\\/\\\/monta.com\\\/wp-content\\\/uploads\\\/2025\\\/06\\\/icon_pattern_abstract.svg\",\"thumbnail-width\":150,\"thumbnail-height\":135,\"medium\":\"https:\\\/\\\/monta.com\\\/wp-content\\\/uploads\\\/2025\\\/06\\\/icon_pattern_abstract.svg\",\"medium-width\":300,\"medium-height\":270,\"medium_large\":\"https:\\\/\\\/monta.com\\\/wp-content\\\/uploads\\\/2025\\\/06\\\/icon_pattern_abstract.svg\",\"medium_large-width\":768,\"medium_large-height\":692,\"large\":\"https:\\\/\\\/monta.com\\\/wp-content\\\/uploads\\\/2025\\\/06\\\/icon_pattern_abstract.svg\",\"large-width\":1024,\"large-height\":923,\"1536x1536\":\"https:\\\/\\\/monta.com\\\/wp-content\\\/uploads\\\/2025\\\/06\\\/icon_pattern_abstract.svg\",\"1536x1536-width\":101,\"1536x1536-height\":91,\"2048x2048\":\"https:\\\/\\\/monta.com\\\/wp-content\\\/uploads\\\/2025\\\/06\\\/icon_pattern_abstract.svg\",\"2048x2048-width\":101,\"2048x2048-height\":91}},\"number\":\"1,000+\",\"number_label\":\"DC-Ladeger\\u00e4te in Norwegen f\\u00fcr Uno-X installiert\",\"number_description\":\"\"},{\"illustration\":{\"ID\":7109,\"id\":7109,\"title\":\"icon_globe_abstract\",\"filename\":\"icon_globe_abstract.svg\",\"filesize\":0,\"url\":\"https:\\\/\\\/monta.com\\\/wp-content\\\/uploads\\\/2025\\\/06\\\/icon_globe_abstract.svg\",\"link\":\"https:\\\/\\\/monta.com\\\/de\\\/icon_globe_abstract\\\/\",\"alt\":\"\",\"author\":\"35\",\"description\":\"\",\"caption\":\"\",\"name\":\"icon_globe_abstract\",\"status\":\"inherit\",\"uploaded_to\":0,\"date\":\"2025-07-04 11:47:32\",\"modified\":\"2025-07-04 11:47:32\",\"menu_order\":0,\"mime_type\":\"image\\\/svg+xml\",\"type\":\"image\",\"subtype\":\"svg+xml\",\"icon\":\"https:\\\/\\\/monta.com\\\/de\\\/wp-includes\\\/images\\\/media\\\/default.png\",\"width\":101,\"height\":101,\"sizes\":{\"thumbnail\":\"https:\\\/\\\/monta.com\\\/wp-content\\\/uploads\\\/2025\\\/06\\\/icon_globe_abstract.svg\",\"thumbnail-width\":150,\"thumbnail-height\":150,\"medium\":\"https:\\\/\\\/monta.com\\\/wp-content\\\/uploads\\\/2025\\\/06\\\/icon_globe_abstract.svg\",\"medium-width\":300,\"medium-height\":300,\"medium_large\":\"https:\\\/\\\/monta.com\\\/wp-content\\\/uploads\\\/2025\\\/06\\\/icon_globe_abstract.svg\",\"medium_large-width\":768,\"medium_large-height\":768,\"large\":\"https:\\\/\\\/monta.com\\\/wp-content\\\/uploads\\\/2025\\\/06\\\/icon_globe_abstract.svg\",\"large-width\":1024,\"large-height\":1024,\"1536x1536\":\"https:\\\/\\\/monta.com\\\/wp-content\\\/uploads\\\/2025\\\/06\\\/icon_globe_abstract.svg\",\"1536x1536-width\":101,\"1536x1536-height\":101,\"2048x2048\":\"https:\\\/\\\/monta.com\\\/wp-content\\\/uploads\\\/2025\\\/06\\\/icon_globe_abstract.svg\",\"2048x2048-width\":101,\"2048x2048-height\":101}},\"number\":\"1350+\",\"number_label\":\"Ladestationen am Flughafen Kopenhagen installiert\",\"number_description\":\"\"},{\"illustration\":{\"ID\":6902,\"id\":6902,\"title\":\"icon_circle-abstract\",\"filename\":\"icon_circle-abstract.svg\",\"filesize\":0,\"url\":\"https:\\\/\\\/monta.com\\\/wp-content\\\/uploads\\\/2025\\\/06\\\/icon_circle-abstract.svg\",\"link\":\"https:\\\/\\\/monta.com\\\/de\\\/icon_circle-abstract\\\/\",\"alt\":\"\",\"author\":\"35\",\"description\":\"\",\"caption\":\"\",\"name\":\"icon_circle-abstract\",\"status\":\"inherit\",\"uploaded_to\":0,\"date\":\"2025-07-03 09:41:52\",\"modified\":\"2025-07-03 09:41:52\",\"menu_order\":0,\"mime_type\":\"image\\\/svg+xml\",\"type\":\"image\",\"subtype\":\"svg+xml\",\"icon\":\"https:\\\/\\\/monta.com\\\/de\\\/wp-includes\\\/images\\\/media\\\/default.png\",\"width\":100,\"height\":100,\"sizes\":{\"thumbnail\":\"https:\\\/\\\/monta.com\\\/wp-content\\\/uploads\\\/2025\\\/06\\\/icon_circle-abstract.svg\",\"thumbnail-width\":150,\"thumbnail-height\":150,\"medium\":\"https:\\\/\\\/monta.com\\\/wp-content\\\/uploads\\\/2025\\\/06\\\/icon_circle-abstract.svg\",\"medium-width\":300,\"medium-height\":300,\"medium_large\":\"https:\\\/\\\/monta.com\\\/wp-content\\\/uploads\\\/2025\\\/06\\\/icon_circle-abstract.svg\",\"medium_large-width\":768,\"medium_large-height\":768,\"large\":\"https:\\\/\\\/monta.com\\\/wp-content\\\/uploads\\\/2025\\\/06\\\/icon_circle-abstract.svg\",\"large-width\":1024,\"large-height\":1024,\"1536x1536\":\"https:\\\/\\\/monta.com\\\/wp-content\\\/uploads\\\/2025\\\/06\\\/icon_circle-abstract.svg\",\"1536x1536-width\":100,\"1536x1536-height\":100,\"2048x2048\":\"https:\\\/\\\/monta.com\\\/wp-content\\\/uploads\\\/2025\\\/06\\\/icon_circle-abstract.svg\",\"2048x2048-width\":100,\"2048x2048-height\":100}},\"number\":\"14 Tage\",\"number_label\":\"die Ladestationen von Ampure vollst\\u00e4ndig zu migrieren und deren veraltetes Backend zu deaktivieren\",\"number_description\":\"\"}]' bg=\"primary-blue\">\n        \n        <\/number-slider>\n    <\/div>\n<\/section>\n\n<section aria-label=\"Entdecken Sie, wie Monta den Erfolg Ihres E-Ladegesch\u00e4fts unterst\u00fctzt\" class=\"bg-grey text-black  rounded-section\" >\n    <div class=\"grid grid-cols-1 md:grid-cols-12 gap-12 items-center\">\n                <div class=\"md:col-span-5\">\n                                    <div class=\"pill-label mb-8 \">\n                Schlie\u00dfen Sie sich den \u00fcber 700+ Partnern            <\/div>\n                                                    <h2 class=\"h2 mb-10 \">\n                    Entdecken Sie, wie Monta den Erfolg Ihres E-Ladegesch\u00e4fts unterst\u00fctzt                <\/h2>\n                                                <div class=\"md:hidden block mb-10 \">\n                                                    <lottie-player src=\"https:\/\/monta.com\/app\/uploads\/sites\/13\/2025\/08\/Homepage_HubAnimation_NoBG_DE.json\" background=\"transparent\" speed=\"1\"\n                        style=\"width: 100%; height: auto; margin-bottom: 24px;\" loop autoplay mode=\"normal\">\n                                            <\/div>\n                        <div class=\"rich-text \">\n                <p>Skalieren Sie Ihren EV-Ladebetrieb m\u00fchelos mit der intuitiven Plattform von Monta. Von nahtlosen Integrationen bis hin zu fortschrittlichen Analysen helfen wir Ihnen, den Betrieb zu vereinfachen, Ausfallzeiten zu reduzieren und Ihr Wachstum zu f\u00f6rdern.<\/p>\n\n            <\/div>\n                                    <a href=\"https:\/\/monta.com\/de\/kontakt-verkauf\/\" class=\"btn-primary-blue mt-8\">\n                Kontakt Verkauf            <\/a>\n                                            <\/div>\n                <div class=\"md:col-span-6 md:col-start-7 justify-items-end hidden md:block\">\n                                        <lottie-player src=\"https:\/\/monta.com\/app\/uploads\/sites\/13\/2025\/08\/Homepage_HubAnimation_NoBG_DE.json\" background=\"transparent\" speed=\"1\"\n                    style=\"width: 100%; height: auto\" loop autoplay mode=\"normal\">\n                <\/lottie-player>\n                                <\/div>\n            <\/div>\n<\/section>\n\n","protected":false},"excerpt":{"rendered":"","protected":false},"author":1,"featured_media":0,"parent":0,"menu_order":0,"comment_status":"closed","ping_status":"closed","template":"","meta":{"_acf_changed":false,"inline_featured_image":false,"footnotes":""},"class_list":["post-1189","page","type-page","status-publish","hentry"],"acf":[],"_links":{"self":[{"href":"https:\/\/monta.com\/de\/wp-json\/wp\/v2\/pages\/1189","targetHints":{"allow":["GET"]}}],"collection":[{"href":"https:\/\/monta.com\/de\/wp-json\/wp\/v2\/pages"}],"about":[{"href":"https:\/\/monta.com\/de\/wp-json\/wp\/v2\/types\/page"}],"author":[{"embeddable":true,"href":"https:\/\/monta.com\/de\/wp-json\/wp\/v2\/users\/1"}],"replies":[{"embeddable":true,"href":"https:\/\/monta.com\/de\/wp-json\/wp\/v2\/comments?post=1189"}],"version-history":[{"count":21,"href":"https:\/\/monta.com\/de\/wp-json\/wp\/v2\/pages\/1189\/revisions"}],"predecessor-version":[{"id":8830,"href":"https:\/\/monta.com\/de\/wp-json\/wp\/v2\/pages\/1189\/revisions\/8830"}],"wp:attachment":[{"href":"https:\/\/monta.com\/de\/wp-json\/wp\/v2\/media?parent=1189"}],"curies":[{"name":"wp","href":"https:\/\/api.w.org\/{rel}","templated":true}]}}