{"id":1915,"date":"2023-02-21T15:03:52","date_gmt":"2023-02-21T14:03:52","guid":{"rendered":"https:\/\/monta.com\/de\/?page_id=1915"},"modified":"2025-11-06T13:24:41","modified_gmt":"2025-11-06T12:24:41","slug":"unterstuetzte-ladestationen","status":"publish","type":"page","link":"https:\/\/monta.com\/de\/unterstuetzte-ladestationen\/","title":{"rendered":"Unterst\u00fctzte Ladestationen"},"content":{"rendered":"<section aria-label=\"Von Monta unterst\u00fctzte Ladestationen\" class=\"bg-black text-white  rounded-section\" >\n    <div class=\"grid grid-cols-1 md:grid-cols-12 gap-12 items-center\">\n                <div class=\"md:col-span-4\">\n                                                                <h1 class=\"h1 mb-10 \">\n                    Von Monta unterst\u00fctzte Ladestationen                <\/h1>\n                                                <div class=\"md:hidden block mb-10 \">\n                                    <img decoding=\"async\" title=\"Electric Vehicle Charger Brands Showcase: Schneider, Ampure, Easee, Siemens, Hardy Barth, RolecEV\" alt=\"Grid layout featuring various electric vehicle charge points from brands like Schneider Electric, Ampure, Easee, Siemens, Hardy Barth, and RolecEV, on a dark background.\" src=\"https:\/\/monta.com\/wp-content\/uploads\/2025\/11\/MontaHub_ChargePoints_Mobile.png\" \/>\n                                                            <\/div>\n                        <div class=\"rich-text \">\n                <p>Erfahre alles, was du \u00fcber die von uns unterst\u00fctzten Hardware-Modelle wissen musst. Unsere Bewertungen sind transparent, fair und datengest\u00fctzt. Direkt von unserer Plattform.<\/p>\n\n            <\/div>\n                                    <a href=\"#charger-list\" class=\"btn-primary-blue mt-8\">\n                Modelle ansehen            <\/a>\n                                            <\/div>\n                <div class=\"col-start-6 col-span-7 justify-items-end hidden md:block\">\n                            <img decoding=\"async\" title=\"Electric Vehicle Charger Brands Showcase: Schneider, Ampure, Easee, Siemens, Hardy Barth, RolecEV\" class=\"mx-auto max-h-144\" alt=\"Grid layout featuring various electric vehicle charge points from brands like Schneider Electric, Ampure, Easee, Siemens, Hardy Barth, and RolecEV, on a dark background.\"\n                    src=\"https:\/\/monta.com\/wp-content\/uploads\/2025\/11\/MontaHub_ChargePoints_Mobile.png\" \/>\n                                            <\/div>\n            <\/div>\n<\/section>\n\n\n\n<section id=\"charger-list\" aria-label=\"Chargepoint list\" class=\"\">\n    <charger-list locale=\"de_DE\"><\/charger-list>\n<\/section>\n\n<section aria-label=\"\u00dcberwache und verbessere die Leistung deiner Hardware\" class=\"bg-grey text-black  rounded-section\" >\n    <div class=\"grid grid-cols-1 md:grid-cols-12 gap-12 items-center\">\n                <div class=\"md:col-span-4\">\n                                                                <h2 class=\"h2 mb-10 \">\n                    \u00dcberwache und verbessere die Leistung deiner Hardware                <\/h2>\n                                                <div class=\"md:hidden block mb-10 \">\n                                                    <lottie-player src=\"https:\/\/monta.com\/wp-content\/uploads\/2025\/07\/HubAnimation_NoBG-1.json\" background=\"transparent\" speed=\"1\"\n                        style=\"width: 100%; height: auto; margin-bottom: 24px;\" loop autoplay mode=\"normal\">\n                                            <\/div>\n                        <div class=\"rich-text \">\n                <p>\u00dcbernehmen Sie die Kontrolle \u00fcber jede Ladestation mit Echtzeit-Statistiken und zentralisierten Firmware-Updates.<\/p>\n\n            <\/div>\n                                    <a href=\"https:\/\/monta.com\/de\/hardware-portal\/\" class=\"btn-primary-blue mt-8\">\n                Hardware Portal entdecken            <\/a>\n                                            <\/div>\n                <div class=\"col-start-6 col-span-7 justify-items-end hidden md:block\">\n                                        <lottie-player src=\"https:\/\/monta.com\/wp-content\/uploads\/2025\/07\/HubAnimation_NoBG-1.json\" background=\"transparent\" speed=\"1\"\n                    style=\"width: 100%; height: auto\" loop autoplay mode=\"normal\">\n                <\/lottie-player>\n                                <\/div>\n            <\/div>\n<\/section>\n\n","protected":false},"excerpt":{"rendered":"","protected":false},"author":17,"featured_media":0,"parent":0,"menu_order":0,"comment_status":"closed","ping_status":"closed","template":"","meta":{"_acf_changed":false,"inline_featured_image":false,"footnotes":""},"class_list":["post-1915","page","type-page","status-publish","hentry"],"acf":[],"_links":{"self":[{"href":"https:\/\/monta.com\/de\/wp-json\/wp\/v2\/pages\/1915","targetHints":{"allow":["GET"]}}],"collection":[{"href":"https:\/\/monta.com\/de\/wp-json\/wp\/v2\/pages"}],"about":[{"href":"https:\/\/monta.com\/de\/wp-json\/wp\/v2\/types\/page"}],"author":[{"embeddable":true,"href":"https:\/\/monta.com\/de\/wp-json\/wp\/v2\/users\/17"}],"replies":[{"embeddable":true,"href":"https:\/\/monta.com\/de\/wp-json\/wp\/v2\/comments?post=1915"}],"version-history":[{"count":6,"href":"https:\/\/monta.com\/de\/wp-json\/wp\/v2\/pages\/1915\/revisions"}],"predecessor-version":[{"id":8298,"href":"https:\/\/monta.com\/de\/wp-json\/wp\/v2\/pages\/1915\/revisions\/8298"}],"wp:attachment":[{"href":"https:\/\/monta.com\/de\/wp-json\/wp\/v2\/media?parent=1915"}],"curies":[{"name":"wp","href":"https:\/\/api.w.org\/{rel}","templated":true}]}}