{"id":309,"date":"2021-11-12T06:56:12","date_gmt":"2021-11-12T06:56:12","guid":{"rendered":"https:\/\/monta.com\/de\/?page_id=309"},"modified":"2026-02-10T10:50:01","modified_gmt":"2026-02-10T09:50:01","slug":"vertrieb-kontaktieren","status":"publish","type":"page","link":"https:\/\/monta.com\/de\/vertrieb-kontaktieren\/","title":{"rendered":"Vertrieb kontaktieren"},"content":{"rendered":"<section aria-labelledby=\"formlogos-heading-block_2ca0815af543baa06173464169b7574b\" class=\"bg-black text-white  rounded-section\">\n    <div class=\"grid grid-cols-1 md:grid-cols-5 gap-8 md:gap-30\">\n        <!-- Text Column -->\n        <div class=\"md:col-span-2 flex flex-col\">\n            <div>\n                                <div class=\"pill-label mb-8 text-light-blue border-light-blue\">\n                    Demo buchen                <\/div>\n                \n                                                    <h1 id=\"formlogos-heading-block_2ca0815af543baa06173464169b7574b\" class=\"text-white mb-6\">\n                        Wir finden die beste Ladesoftware f\u00fcr Ihr Unternehmen                    <\/h1>\n                                \n                                <div class=\"rich-text text-white\/90 mb-8\">\n                    <p>Monta hat eine End-to-End-Ladesoftware entwickelt, die Ihr Ladegesch\u00e4ft in jedem Anwendungsfall unterst\u00fctzen kann. Von Ladeinfrastruktur f\u00fcr Mehrfamilienh\u00e4user \u00fcber Firmenflotten bis hin zu \u00f6ffentlichen DCFC-Ladestationen erm\u00f6glicht Ihnen Montas Software, schnell zu wachsen, effizient zu skalieren und Ihren Fahrer:innen das beste Ladeerlebnis zu bieten. Lassen Sie uns gemeinsam Ihr Ladenetz ausbauen.<\/p>\n                <\/div>\n                            <\/div>\n\n            <!-- Logo Row -->\n            \n                            <div class=\"md:mt-10 mt-6\">\n                                                                <h2 class=\"text-white\/90 font-normal mb-6 intro\">\n                            Anerkannt von Branchenf\u00fchrern                        <\/h2>\n                                        \n                                            <div class=\"grid grid-cols-2 lg:flex lg:flex-nowrap items-center lg:gap-0 gap-2 opacity-100\">\n                                                            <img decoding=\"async\" src=\"https:\/\/monta.com\/app\/uploads\/sites\/13\/2025\/07\/logo_eliso_black-1.png\" alt=\"Schwarzes Logo mit dem Schriftzug &quot;eliso&quot; in einer modernen, abgerundeten Schriftart.\"\n                                    class=\"h-8 lg:h-10 brightness-0 invert\" loading=\"lazy\" \/>\n                                                                                        <img decoding=\"async\" src=\"https:\/\/monta.com\/app\/uploads\/sites\/13\/2025\/11\/logo_charge2change-black.png\" alt=\"Symbol in Form eines stilisierten &quot;C&quot; und &quot;Zahlensymbol&quot; in Violett und Schwarz, mit dem Schriftzug &quot;charge2change&quot; rechts daneben.\"\n                                    class=\"h-8 lg:h-10 brightness-0 invert\" loading=\"lazy\" \/>\n                                                                                        <img decoding=\"async\" src=\"https:\/\/monta.com\/app\/uploads\/sites\/13\/2025\/07\/logo_The-mobility-house.png\" alt=\"Logo von The Mobility House mit drei grauen Pfeilen \u00fcber dem Schriftzug, der in klarer, serifenloser Schrift gehalten ist.\"\n                                    class=\"h-8 lg:h-10 brightness-0 invert\" loading=\"lazy\" \/>\n                                                                                <\/div>\n                                    <\/div>\n                    <\/div>\n\n        <!-- Form\/Widget Column with Lottie Background -->\n        <div class=\"md:col-span-3 relative flex items-center\">\n                            <!-- Lottie Background -->\n                <div class=\"absolute md:top-[60px] md:left-[-65px] md:w-[390px] md:translate-none left-1\/2 transform -translate-x-1\/2 w-[80%] top-[-20px]\">\n                    <lottie-player src=\"https:\/\/monta.com\/wp-content\/uploads\/2025\/11\/Group.json\" background=\"transparent\" speed=\"0.3\"\n                        loop autoplay mode=\"normal\" aria-hidden=\"true\">\n                    <\/lottie-player>\n                <\/div>\n            \n            <div class=\"relative z-10 max-w-165 w-full mx-auto md:mx-0 md:ml-auto md:mt-0 mt-30\">\n                <div\n                    class=\"rounded-2xl  \">\n                    <div class=\"relative z-10\">\n                                                <script src=\"https:\/\/js.hsforms.net\/forms\/embed\/developer\/20114015.js\" defer><\/script>\r\n<div class=\"hs-form-html\" data-region=\"na1\" data-form-id=\"5a2983b3-2ef5-483a-9bbe-881b9a2643c5\" data-portal-id=\"20114015\"><\/div>                                            <\/div>\n                <\/div>\n            <\/div>\n        <\/div>\n    <\/div>\n<\/section>","protected":false},"excerpt":{"rendered":"","protected":false},"author":1,"featured_media":0,"parent":0,"menu_order":0,"comment_status":"closed","ping_status":"closed","template":"template-contact-sales.blade.php","meta":{"_acf_changed":false,"inline_featured_image":false,"footnotes":""},"class_list":["post-309","page","type-page","status-publish","hentry"],"acf":[],"_links":{"self":[{"href":"https:\/\/monta.com\/de\/wp-json\/wp\/v2\/pages\/309","targetHints":{"allow":["GET"]}}],"collection":[{"href":"https:\/\/monta.com\/de\/wp-json\/wp\/v2\/pages"}],"about":[{"href":"https:\/\/monta.com\/de\/wp-json\/wp\/v2\/types\/page"}],"author":[{"embeddable":true,"href":"https:\/\/monta.com\/de\/wp-json\/wp\/v2\/users\/1"}],"replies":[{"embeddable":true,"href":"https:\/\/monta.com\/de\/wp-json\/wp\/v2\/comments?post=309"}],"version-history":[{"count":22,"href":"https:\/\/monta.com\/de\/wp-json\/wp\/v2\/pages\/309\/revisions"}],"predecessor-version":[{"id":8664,"href":"https:\/\/monta.com\/de\/wp-json\/wp\/v2\/pages\/309\/revisions\/8664"}],"wp:attachment":[{"href":"https:\/\/monta.com\/de\/wp-json\/wp\/v2\/media?parent=309"}],"curies":[{"name":"wp","href":"https:\/\/api.w.org\/{rel}","templated":true}]}}