{"id":347,"date":"2021-11-12T11:57:27","date_gmt":"2021-11-12T11:57:27","guid":{"rendered":"https:\/\/monta.com\/de\/?page_id=347"},"modified":"2026-03-09T11:14:13","modified_gmt":"2026-03-09T10:14:13","slug":"blog","status":"publish","type":"page","link":"https:\/\/monta.com\/de\/blog\/","title":{"rendered":"Blog"},"content":{"rendered":"<section aria-label=\"Blog\" class=\"\">\n            <div class=\"grid grid-cols-1 md:grid-cols-2 md:gap-22 mb-14\">\n            <div>\n                                    <h1>                         Blog\n                    <\/h1>                             <\/div>\n                            <div class=\"rich-text intro\">\n                    <p>Hier finden Sie n\u00fctzliche Blogeintr\u00e4ge, Nachrichten und Brancheneinblicke zum Thema Laden von Elektrofahrzeugen und dem \u00d6kosystem der Elektrofahrzeuge.<\/p>\n\n                <\/div>\n                    <\/div>\n    \n    <post-grid\n        data-post-types='[\"post\"]'\n        data-taxonomies='[{\"slug\":\"category\",\"restBase\":\"categories\",\"label\":\"Kategorie\"}]'\n        data-per-page=\"6\"\n        data-columns=\"3\"\n        data-api-url=\"https:\/\/monta.com\/de\/wp-json\/postgrid\/v1\/posts\"\n        data-rest-url=\"https:\/\/monta.com\/de\/wp-json\/wp\/v2\/\"\n        data-label-type=\"taxonomy\"\n        data-label-source=\"\"\n        data-post-type-labels='{\"post\":\"Beitr\\u00e4ge\"}'\n        data-enable-post-type-filter=\"false\"\n        data-post-type-filter-label=\"\"\n        locale=\"de_DE\"\n    ><\/post-grid>\n<\/section>\n","protected":false},"excerpt":{"rendered":"","protected":false},"author":1,"featured_media":0,"parent":0,"menu_order":0,"comment_status":"closed","ping_status":"closed","template":"","meta":{"_acf_changed":false,"inline_featured_image":false,"footnotes":""},"class_list":["post-347","page","type-page","status-publish","hentry"],"acf":[],"_links":{"self":[{"href":"https:\/\/monta.com\/de\/wp-json\/wp\/v2\/pages\/347","targetHints":{"allow":["GET"]}}],"collection":[{"href":"https:\/\/monta.com\/de\/wp-json\/wp\/v2\/pages"}],"about":[{"href":"https:\/\/monta.com\/de\/wp-json\/wp\/v2\/types\/page"}],"author":[{"embeddable":true,"href":"https:\/\/monta.com\/de\/wp-json\/wp\/v2\/users\/1"}],"replies":[{"embeddable":true,"href":"https:\/\/monta.com\/de\/wp-json\/wp\/v2\/comments?post=347"}],"version-history":[{"count":5,"href":"https:\/\/monta.com\/de\/wp-json\/wp\/v2\/pages\/347\/revisions"}],"predecessor-version":[{"id":8823,"href":"https:\/\/monta.com\/de\/wp-json\/wp\/v2\/pages\/347\/revisions\/8823"}],"wp:attachment":[{"href":"https:\/\/monta.com\/de\/wp-json\/wp\/v2\/media?parent=347"}],"curies":[{"name":"wp","href":"https:\/\/api.w.org\/{rel}","templated":true}]}}