{"id":7368,"date":"2025-07-08T13:25:47","date_gmt":"2025-07-08T12:25:47","guid":{"rendered":"https:\/\/monta.com\/de\/?page_id=7368"},"modified":"2025-08-04T13:19:36","modified_gmt":"2025-08-04T12:19:36","slug":"funktionen","status":"publish","type":"page","link":"https:\/\/monta.com\/de\/funktionen\/","title":{"rendered":"Produktfunktionen"},"content":{"rendered":"<section aria-label=\"Produktfunktionen\" class=\"bg-transparent text-charcoal  rounded-section\" >\n    <div class=\"grid grid-cols-1 md:grid-cols-12 gap-12 items-center\">\n                <div class=\"md:col-span-5\">\n                                                                <h1 class=\"h1 mb-10 \">\n                    Produktfunktionen                <\/h1>\n                                                <div class=\"md:hidden block mb-10 \">\n                                    <img decoding=\"async\" title=\"icon_circle-abstract-1\" alt=\"\" src=\"https:\/\/monta.com\/wp-content\/uploads\/2025\/06\/icon_circle-abstract-1.svg\" \/>\n                                                            <\/div>\n                        <div class=\"rich-text \">\n                <p>Entdecken Sie die leistungsstarken Funktionen von Monta, die alle Akteure im \u00d6kosystem f\u00fcr das Laden von Elektrofahrzeugen unterst\u00fctzen.<\/p>\n\n            <\/div>\n                                                        <\/div>\n                <div class=\"md:col-span-6 md:col-start-7 justify-items-end hidden md:block\">\n                            <img decoding=\"async\" title=\"icon_circle-abstract-1\" class=\"mx-auto max-h-200\" alt=\"\"\n                    src=\"https:\/\/monta.com\/wp-content\/uploads\/2025\/06\/icon_circle-abstract-1.svg\" \/>\n                                            <\/div>\n            <\/div>\n<\/section>\n\n\n\n<section aria-label=\"Alle Funktionen\" class=\"\">\n    <div class=\"grid grid-cols-1 md:grid-cols-12\">\n        <div class=\"col-span-12 md:col-span-5\">\n             <h2  class=\"mb-8 md:mb-14\">Alle Funktionen <\/h2>         <\/div>\n        <div class=\"col-span-12\">\n                                    <div class=\"border-faded-grey-horizontal border-t-0 md:border-t-1 border-b-0 md:last:border-b-1 grid grid-cols-1 md:grid-cols-4\">\n                                                    <a href=\"https:\/\/monta.com\/de\/funktionen\/dynamicpricing\/\" class=\"md:px-4 py-8 border-l-0 border-t-0 md:border-b-0 max-md:border-faded-grey-horizontal max-md:border-b-1 hover:text-primary-blue hover:fill-primary-blue\n                            md:border-faded-top-grey-vertical md:border-r-1                             \">\n                                <div>\n                                    <div class=\"flex justify-between gap-4\">\n                                        <h4 class=\"md:min-h-22 mb-2\">DynamicPricing<\/h4>\n                                        <svg class=\"w-6 self-start shrink-0 mt-1\" viewBox=\"0 0 19 18\" xmlns=\"http:\/\/www.w3.org\/2000\/svg\">\n    <path d=\"M9.03253 17.467C3.50578 17.467 0 13.4869 0 8.7232C0 3.95947 3.48516 0 9.03253 0C14.6005 0 18.0857 3.95947 18.0857 8.7232C18.0857 13.4869 14.5799 17.467 9.03253 17.467ZM1.64978 8.74382C1.64978 12.7858 4.2688 16.0028 9.03253 16.0028C13.8169 16.0028 16.4359 12.7858 16.4359 8.74382C16.4359 4.70187 13.8169 1.46418 9.03253 1.46418C4.2688 1.46418 1.64978 4.70187 1.64978 8.74382ZM4.57813 9.54809V7.93956H11.0741L8.33138 5.23804L9.40373 4.16569L13.9819 8.74382L9.40373 13.322L8.352 12.2702L11.0741 9.54809H4.57813Z\"\/>\n<\/svg>                                        \n                                    <\/div>                            \n                                <\/div>\n                                <div class=\"md:mr-0 mr-8 text-black\">\n                                    Die DynamicPricing-Funktion von Monta erm\u00f6glicht es den Betreibern, ihren kWh-Preis auf der Grundlage des Stundenpreises festzulegen, den sie f\u00fcr Strom zahlen, und nicht auf der Grundlage einer statischen Zahl.\n                                <\/div>\n                            <\/a>\n                                                    <a href=\"https:\/\/monta.com\/de\/funktionen\/instantcharge\/\" class=\"md:px-4 py-8 border-l-0 border-t-0 md:border-b-0 max-md:border-faded-grey-horizontal max-md:border-b-1 hover:text-primary-blue hover:fill-primary-blue\n                            md:border-faded-top-grey-vertical md:border-r-1                             \">\n                                <div>\n                                    <div class=\"flex justify-between gap-4\">\n                                        <h4 class=\"md:min-h-22 mb-2\">Instant Charge<\/h4>\n                                        <svg class=\"w-6 self-start shrink-0 mt-1\" viewBox=\"0 0 19 18\" xmlns=\"http:\/\/www.w3.org\/2000\/svg\">\n    <path d=\"M9.03253 17.467C3.50578 17.467 0 13.4869 0 8.7232C0 3.95947 3.48516 0 9.03253 0C14.6005 0 18.0857 3.95947 18.0857 8.7232C18.0857 13.4869 14.5799 17.467 9.03253 17.467ZM1.64978 8.74382C1.64978 12.7858 4.2688 16.0028 9.03253 16.0028C13.8169 16.0028 16.4359 12.7858 16.4359 8.74382C16.4359 4.70187 13.8169 1.46418 9.03253 1.46418C4.2688 1.46418 1.64978 4.70187 1.64978 8.74382ZM4.57813 9.54809V7.93956H11.0741L8.33138 5.23804L9.40373 4.16569L13.9819 8.74382L9.40373 13.322L8.352 12.2702L11.0741 9.54809H4.57813Z\"\/>\n<\/svg>                                        \n                                    <\/div>                            \n                                <\/div>\n                                <div class=\"md:mr-0 mr-8 text-black\">\n                                    Mit App-Clips k\u00f6nnen E-Fahrer laden und bezahlen, ohne die App herunterladen zu m\u00fcssen. Das ist f\u00fcr die meisten E-Fahrer sehr praktisch.\n                                <\/div>\n                            <\/a>\n                                                    <a href=\"https:\/\/monta.com\/de\/funktionen\/smartbooking\/\" class=\"md:px-4 py-8 border-l-0 border-t-0 md:border-b-0 max-md:border-faded-grey-horizontal max-md:border-b-1 hover:text-primary-blue hover:fill-primary-blue\n                            md:border-faded-top-grey-vertical md:border-r-1                             \">\n                                <div>\n                                    <div class=\"flex justify-between gap-4\">\n                                        <h4 class=\"md:min-h-22 mb-2\">Ladestationen reservieren<\/h4>\n                                        <svg class=\"w-6 self-start shrink-0 mt-1\" viewBox=\"0 0 19 18\" xmlns=\"http:\/\/www.w3.org\/2000\/svg\">\n    <path d=\"M9.03253 17.467C3.50578 17.467 0 13.4869 0 8.7232C0 3.95947 3.48516 0 9.03253 0C14.6005 0 18.0857 3.95947 18.0857 8.7232C18.0857 13.4869 14.5799 17.467 9.03253 17.467ZM1.64978 8.74382C1.64978 12.7858 4.2688 16.0028 9.03253 16.0028C13.8169 16.0028 16.4359 12.7858 16.4359 8.74382C16.4359 4.70187 13.8169 1.46418 9.03253 1.46418C4.2688 1.46418 1.64978 4.70187 1.64978 8.74382ZM4.57813 9.54809V7.93956H11.0741L8.33138 5.23804L9.40373 4.16569L13.9819 8.74382L9.40373 13.322L8.352 12.2702L11.0741 9.54809H4.57813Z\"\/>\n<\/svg>                                        \n                                    <\/div>                            \n                                <\/div>\n                                <div class=\"md:mr-0 mr-8 text-black\">\n                                    Reservieren Sie eine Ladestation und sichern Sie die Verf\u00fcgbarkeit, da nur Sie die Ladestation starten k\u00f6nnen.\n                                <\/div>\n                            <\/a>\n                                                    <a href=\"https:\/\/monta.com\/de\/funktionen\/lastmanagement\/\" class=\"md:px-4 py-8 border-l-0 border-t-0 md:border-b-0 max-md:border-faded-grey-horizontal max-md:border-b-1 hover:text-primary-blue hover:fill-primary-blue\n                                                         \">\n                                <div>\n                                    <div class=\"flex justify-between gap-4\">\n                                        <h4 class=\"md:min-h-22 mb-2\">Lastmanagement<\/h4>\n                                        <svg class=\"w-6 self-start shrink-0 mt-1\" viewBox=\"0 0 19 18\" xmlns=\"http:\/\/www.w3.org\/2000\/svg\">\n    <path d=\"M9.03253 17.467C3.50578 17.467 0 13.4869 0 8.7232C0 3.95947 3.48516 0 9.03253 0C14.6005 0 18.0857 3.95947 18.0857 8.7232C18.0857 13.4869 14.5799 17.467 9.03253 17.467ZM1.64978 8.74382C1.64978 12.7858 4.2688 16.0028 9.03253 16.0028C13.8169 16.0028 16.4359 12.7858 16.4359 8.74382C16.4359 4.70187 13.8169 1.46418 9.03253 1.46418C4.2688 1.46418 1.64978 4.70187 1.64978 8.74382ZM4.57813 9.54809V7.93956H11.0741L8.33138 5.23804L9.40373 4.16569L13.9819 8.74382L9.40373 13.322L8.352 12.2702L11.0741 9.54809H4.57813Z\"\/>\n<\/svg>                                        \n                                    <\/div>                            \n                                <\/div>\n                                <div class=\"md:mr-0 mr-8 text-black\">\n                                    Nutzen Sie drei Lastausgleichsoptionen, um Strom auf intelligente Weise zu verteilen.\n                                <\/div>\n                            <\/a>\n                                            <\/div>\n                                    <div class=\"border-faded-grey-horizontal border-t-0 md:border-t-1 border-b-0 md:last:border-b-1 grid grid-cols-1 md:grid-cols-4\">\n                                                    <a href=\"https:\/\/monta.com\/de\/funktionen\/roaming-netzwerk\/\" class=\"md:px-4 py-8 border-l-0 border-t-0 md:border-b-0 max-md:border-faded-grey-horizontal max-md:border-b-1 hover:text-primary-blue hover:fill-primary-blue\n                            md:border-faded-bottom-grey-vertical md:border-r-1                             \">\n                                <div>\n                                    <div class=\"flex justify-between gap-4\">\n                                        <h4 class=\"md:min-h-22 mb-2\">Roaming netzwerk<\/h4>\n                                        <svg class=\"w-6 self-start shrink-0 mt-1\" viewBox=\"0 0 19 18\" xmlns=\"http:\/\/www.w3.org\/2000\/svg\">\n    <path d=\"M9.03253 17.467C3.50578 17.467 0 13.4869 0 8.7232C0 3.95947 3.48516 0 9.03253 0C14.6005 0 18.0857 3.95947 18.0857 8.7232C18.0857 13.4869 14.5799 17.467 9.03253 17.467ZM1.64978 8.74382C1.64978 12.7858 4.2688 16.0028 9.03253 16.0028C13.8169 16.0028 16.4359 12.7858 16.4359 8.74382C16.4359 4.70187 13.8169 1.46418 9.03253 1.46418C4.2688 1.46418 1.64978 4.70187 1.64978 8.74382ZM4.57813 9.54809V7.93956H11.0741L8.33138 5.23804L9.40373 4.16569L13.9819 8.74382L9.40373 13.322L8.352 12.2702L11.0741 9.54809H4.57813Z\"\/>\n<\/svg>                                        \n                                    <\/div>                            \n                                <\/div>\n                                <div class=\"md:mr-0 mr-8 text-black\">\n                                    Entdecke die Macht des Roamings\nWerde Teil des Monta-Netzwerks und steigere deinen Umsatz.\n                                <\/div>\n                            <\/a>\n                                                    <a href=\"https:\/\/monta.com\/de\/funktionen\/ruckerstattungen\/\" class=\"md:px-4 py-8 border-l-0 border-t-0 md:border-b-0 max-md:border-faded-grey-horizontal max-md:border-b-1 hover:text-primary-blue hover:fill-primary-blue\n                            md:border-faded-bottom-grey-vertical md:border-r-1                             \">\n                                <div>\n                                    <div class=\"flex justify-between gap-4\">\n                                        <h4 class=\"md:min-h-22 mb-2\">R\u00fcckerstattungen<\/h4>\n                                        <svg class=\"w-6 self-start shrink-0 mt-1\" viewBox=\"0 0 19 18\" xmlns=\"http:\/\/www.w3.org\/2000\/svg\">\n    <path d=\"M9.03253 17.467C3.50578 17.467 0 13.4869 0 8.7232C0 3.95947 3.48516 0 9.03253 0C14.6005 0 18.0857 3.95947 18.0857 8.7232C18.0857 13.4869 14.5799 17.467 9.03253 17.467ZM1.64978 8.74382C1.64978 12.7858 4.2688 16.0028 9.03253 16.0028C13.8169 16.0028 16.4359 12.7858 16.4359 8.74382C16.4359 4.70187 13.8169 1.46418 9.03253 1.46418C4.2688 1.46418 1.64978 4.70187 1.64978 8.74382ZM4.57813 9.54809V7.93956H11.0741L8.33138 5.23804L9.40373 4.16569L13.9819 8.74382L9.40373 13.322L8.352 12.2702L11.0741 9.54809H4.57813Z\"\/>\n<\/svg>                                        \n                                    <\/div>                            \n                                <\/div>\n                                <div class=\"md:mr-0 mr-8 text-black\">\n                                    Unternehmen k\u00f6nnen ihren Mitarbeiter*innen direkt die Kosten f\u00fcr das Laden ihrer Elektroautos zu Hause oder unterwegs erstatten.\n                                <\/div>\n                            <\/a>\n                                                    <a href=\"https:\/\/monta.com\/de\/funktionen\/smartqueue\/\" class=\"md:px-4 py-8 border-l-0 border-t-0 md:border-b-0 max-md:border-faded-grey-horizontal max-md:border-b-1 hover:text-primary-blue hover:fill-primary-blue\n                            md:border-faded-bottom-grey-vertical md:border-r-1                             \">\n                                <div>\n                                    <div class=\"flex justify-between gap-4\">\n                                        <h4 class=\"md:min-h-22 mb-2\">SmartQueue<\/h4>\n                                        <svg class=\"w-6 self-start shrink-0 mt-1\" viewBox=\"0 0 19 18\" xmlns=\"http:\/\/www.w3.org\/2000\/svg\">\n    <path d=\"M9.03253 17.467C3.50578 17.467 0 13.4869 0 8.7232C0 3.95947 3.48516 0 9.03253 0C14.6005 0 18.0857 3.95947 18.0857 8.7232C18.0857 13.4869 14.5799 17.467 9.03253 17.467ZM1.64978 8.74382C1.64978 12.7858 4.2688 16.0028 9.03253 16.0028C13.8169 16.0028 16.4359 12.7858 16.4359 8.74382C16.4359 4.70187 13.8169 1.46418 9.03253 1.46418C4.2688 1.46418 1.64978 4.70187 1.64978 8.74382ZM4.57813 9.54809V7.93956H11.0741L8.33138 5.23804L9.40373 4.16569L13.9819 8.74382L9.40373 13.322L8.352 12.2702L11.0741 9.54809H4.57813Z\"\/>\n<\/svg>                                        \n                                    <\/div>                            \n                                <\/div>\n                                <div class=\"md:mr-0 mr-8 text-black\">\n                                    Intelligentes Warteschlangen-\nSystem, das wartende E-Fahrer*innen auf verf\u00fcgbare Ladestationen verteilt.\n                                <\/div>\n                            <\/a>\n                                                    <a href=\"https:\/\/monta.com\/de\/funktionen\/zahlungsoptionen-und-rechnungsstellung\/\" class=\"md:px-4 py-8 border-l-0 border-t-0 md:border-b-0 max-md:border-faded-grey-horizontal max-md:border-b-1 hover:text-primary-blue hover:fill-primary-blue\n                                                         \">\n                                <div>\n                                    <div class=\"flex justify-between gap-4\">\n                                        <h4 class=\"md:min-h-22 mb-2\">Zahlungsoptionen und Rechnungsstellung<\/h4>\n                                        <svg class=\"w-6 self-start shrink-0 mt-1\" viewBox=\"0 0 19 18\" xmlns=\"http:\/\/www.w3.org\/2000\/svg\">\n    <path d=\"M9.03253 17.467C3.50578 17.467 0 13.4869 0 8.7232C0 3.95947 3.48516 0 9.03253 0C14.6005 0 18.0857 3.95947 18.0857 8.7232C18.0857 13.4869 14.5799 17.467 9.03253 17.467ZM1.64978 8.74382C1.64978 12.7858 4.2688 16.0028 9.03253 16.0028C13.8169 16.0028 16.4359 12.7858 16.4359 8.74382C16.4359 4.70187 13.8169 1.46418 9.03253 1.46418C4.2688 1.46418 1.64978 4.70187 1.64978 8.74382ZM4.57813 9.54809V7.93956H11.0741L8.33138 5.23804L9.40373 4.16569L13.9819 8.74382L9.40373 13.322L8.352 12.2702L11.0741 9.54809H4.57813Z\"\/>\n<\/svg>                                        \n                                    <\/div>                            \n                                <\/div>\n                                <div class=\"md:mr-0 mr-8 text-black\">\n                                    Einfaches Aufladen, nahtlose Zahlungen, m\u00fchelose Rechnungsstellung.\n                                <\/div>\n                            <\/a>\n                                            <\/div>\n                            \n    <\/div>\n<\/section>","protected":false},"excerpt":{"rendered":"","protected":false},"author":35,"featured_media":0,"parent":0,"menu_order":0,"comment_status":"closed","ping_status":"closed","template":"","meta":{"_acf_changed":false,"inline_featured_image":false,"footnotes":""},"class_list":["post-7368","page","type-page","status-publish","hentry"],"acf":null,"_links":{"self":[{"href":"https:\/\/monta.com\/de\/wp-json\/wp\/v2\/pages\/7368","targetHints":{"allow":["GET"]}}],"collection":[{"href":"https:\/\/monta.com\/de\/wp-json\/wp\/v2\/pages"}],"about":[{"href":"https:\/\/monta.com\/de\/wp-json\/wp\/v2\/types\/page"}],"author":[{"embeddable":true,"href":"https:\/\/monta.com\/de\/wp-json\/wp\/v2\/users\/35"}],"replies":[{"embeddable":true,"href":"https:\/\/monta.com\/de\/wp-json\/wp\/v2\/comments?post=7368"}],"version-history":[{"count":9,"href":"https:\/\/monta.com\/de\/wp-json\/wp\/v2\/pages\/7368\/revisions"}],"predecessor-version":[{"id":7813,"href":"https:\/\/monta.com\/de\/wp-json\/wp\/v2\/pages\/7368\/revisions\/7813"}],"wp:attachment":[{"href":"https:\/\/monta.com\/de\/wp-json\/wp\/v2\/media?parent=7368"}],"curies":[{"name":"wp","href":"https:\/\/api.w.org\/{rel}","templated":true}]}}