{"id":7699,"date":"2025-07-28T15:18:02","date_gmt":"2025-07-28T14:18:02","guid":{"rendered":"https:\/\/monta.com\/de\/?page_id=7699"},"modified":"2026-03-09T14:48:58","modified_gmt":"2026-03-09T13:48:58","slug":"downloads","status":"publish","type":"page","link":"https:\/\/monta.com\/de\/downloads\/","title":{"rendered":"Downloads"},"content":{"rendered":"<section aria-label=\"Downloads\" class=\"bg-transparent text-charcoal  rounded-section\" >\n    <div class=\"grid grid-cols-1 md:grid-cols-12 gap-12 items-center\">\n                <div class=\"md:col-span-5\">\n                                    <div class=\"pill-label mb-8 \">\n                Monta resources            <\/div>\n                                                    <h1 class=\"h1 mb-10 \">\n                    Downloads                <\/h1>\n                                                <div class=\"md:hidden block mb-10 \">\n                                    <img decoding=\"async\" title=\"icon_lines_abstract\" alt=\"\" src=\"https:\/\/monta.com\/wp-content\/uploads\/2025\/06\/icon_lines_abstract.svg\" \/>\n                                                            <\/div>\n                        <div class=\"rich-text \">\n                <p>Greife an einem Ort auf alle unsere Downloads zu und entdecke Reports zur Ladetechnologie f\u00fcr Elektrofahrzeuge, zur Stromnetzstabilit\u00e4t und zu innovativen L\u00f6sungen f\u00fcr eine nachhaltige Zukunft. Jetzt herunterladen!<\/p>\n\n            <\/div>\n                                                        <\/div>\n                <div class=\"md:col-span-6 md:col-start-7 justify-items-end hidden md:block\">\n                            <img decoding=\"async\" title=\"icon_lines_abstract\" class=\"mx-auto max-h-200\" alt=\"\"\n                    src=\"https:\/\/monta.com\/wp-content\/uploads\/2025\/06\/icon_lines_abstract.svg\" \/>\n                                            <\/div>\n            <\/div>\n<\/section>\n\n\n\n<section aria-label=\"White paper und Leitf\u00e4den\" class=\"\">\n            <div class=\"grid grid-cols-1 md:grid-cols-2 md:gap-22 mb-14\">\n            <div>\n                                     <h2>                         White paper und Leitf\u00e4den\n                     <\/h2>                             <\/div>\n                            <div class=\"rich-text intro\">\n                    <p>Entdecken Sie unsere Sammlung von Whitepapern und Leitf\u00e4den, die Ihnen helfen sollen, sich in der komplexen Welt der Elektrofahrzeugbranche zurechtzufinden.<\/p>\n\n                <\/div>\n                    <\/div>\n    \n    <post-grid\n        data-post-types='[\"downloads\"]'\n        data-taxonomies='[{\"slug\":\"downloadables_category\",\"restBase\":\"downloadables_category\",\"label\":\"Inhaltstyp\"}]'\n        data-per-page=\"9\"\n        data-columns=\"3\"\n        data-api-url=\"https:\/\/monta.com\/de\/wp-json\/postgrid\/v1\/posts\"\n        data-rest-url=\"https:\/\/monta.com\/de\/wp-json\/wp\/v2\/\"\n        data-label-type=\"taxonomy\"\n        data-label-source=\"downloadables_category\"\n        data-post-type-labels='{\"downloads\":\"Downloadables\"}'\n        data-enable-post-type-filter=\"false\"\n        data-post-type-filter-label=\"\"\n        locale=\"de_DE\"\n    ><\/post-grid>\n<\/section>\n","protected":false},"excerpt":{"rendered":"","protected":false},"author":1,"featured_media":0,"parent":0,"menu_order":0,"comment_status":"closed","ping_status":"closed","template":"","meta":{"_acf_changed":false,"inline_featured_image":false,"footnotes":""},"class_list":["post-7699","page","type-page","status-publish","hentry"],"acf":null,"_links":{"self":[{"href":"https:\/\/monta.com\/de\/wp-json\/wp\/v2\/pages\/7699","targetHints":{"allow":["GET"]}}],"collection":[{"href":"https:\/\/monta.com\/de\/wp-json\/wp\/v2\/pages"}],"about":[{"href":"https:\/\/monta.com\/de\/wp-json\/wp\/v2\/types\/page"}],"author":[{"embeddable":true,"href":"https:\/\/monta.com\/de\/wp-json\/wp\/v2\/users\/1"}],"replies":[{"embeddable":true,"href":"https:\/\/monta.com\/de\/wp-json\/wp\/v2\/comments?post=7699"}],"version-history":[{"count":11,"href":"https:\/\/monta.com\/de\/wp-json\/wp\/v2\/pages\/7699\/revisions"}],"predecessor-version":[{"id":8837,"href":"https:\/\/monta.com\/de\/wp-json\/wp\/v2\/pages\/7699\/revisions\/8837"}],"wp:attachment":[{"href":"https:\/\/monta.com\/de\/wp-json\/wp\/v2\/media?parent=7699"}],"curies":[{"name":"wp","href":"https:\/\/api.w.org\/{rel}","templated":true}]}}