{"id":8238,"date":"2025-10-27T11:06:31","date_gmt":"2025-10-27T10:06:31","guid":{"rendered":"https:\/\/monta.com\/de\/?page_id=8238"},"modified":"2025-10-27T11:27:28","modified_gmt":"2025-10-27T10:27:28","slug":"rechtliches","status":"publish","type":"page","link":"https:\/\/monta.com\/de\/rechtliches\/","title":{"rendered":"Rechtliches"},"content":{"rendered":"<section aria-labelledby=\"table-heading-block_490871ddcc934ee8bad66e7c5c3b4e15\" class=\"\">\n    <div class=\"md:grid md:grid-cols-12 mb-12\">\n        <div class=\"col-span-5 mb-6 md:mb-0\">\n                            <h1 id=\"table-heading-block_490871ddcc934ee8bad66e7c5c3b4e15\" class=\"h1\">Rechtliches<\/h1>\n                    <\/div>\n        <div class=\"col-start-8 col-span-5 intro\">\n                    <\/div>\n    <\/div>\n    <div class=\"table-scroll-hint\">\n        <lottie-player\n            class=\"mx-auto block\"\n            src=\"https:\/\/monta.com\/app\/uploads\/2026\/03\/HorizontalScroll-Icon-1.json\"\n            background=\"transparent\"\n            speed=\"1\"\n            style=\"width: 80px; height: 80px;\"\n            loop\n            autoplay>\n        <\/lottie-player>\n    <\/div>\n    <div class=\"overflow-x-auto -mx-4 px-4 md:mx-0 md:px-0\">\n        <div class=\"acf-innerblocks-container\">\n\n<figure class=\"wp-block-table\"><table class=\"has-fixed-layout\"><tbody><tr><td>Informationen<\/td><td><\/td><\/tr><tr><td><a href=\"\/de\/rechtliches\/nutzungsbedingungen\/\">Nutzungsbedingungen<\/a><\/td><td>Die Bedingungen, denen alle Nutzer f\u00fcr die Nutzung der Dienste von Monta zustimmen und die sie einhalten m\u00fcssen.<\/td><\/tr><tr><td><a href=\"\/de\/rechtliches\/datenschutzerklarung\/\">Datenschutzerkl\u00e4rung<\/a><\/td><td>Beschreibung der Erhebung und Verwendung personenbezogener Daten in den Diensten von Monta.<\/td><\/tr><tr><td><a href=\"\/en\/legal-risk-compliance\/cookie-policy\/\" target=\"_blank\" rel=\"noreferrer noopener\">Cookie policy<\/a><\/td><td>Eine umfassende Beschreibung der Cookie-Richtlinie von Monta.<\/td><\/tr><tr><td><a href=\"\/en\/legal-risk-compliance\/information-security-policy\/\">Information security policy<\/a><\/td><td>Monta&#8217;s ISO27001-konforme Richtlinie zur Informationssicherheit.<\/td><\/tr><tr><td><a href=\"https:\/\/app.monta.app\/gdpr\" target=\"_blank\" rel=\"noreferrer noopener\">GDPR Compliance<\/a><\/td><td>Eine Beschreibung des DSGVO-Konformit\u00e4tsprogramms von Monta.<\/td><\/tr><tr><td><a href=\"\/en\/legal-risk-compliance\/code-of-conduct\/\" target=\"_blank\" rel=\"noreferrer noopener\">Code of conduct<\/a><\/td><td>Eine Beschreibung der ethischen Standards und Grunds\u00e4tze, die unser Handeln leiten.<\/td><\/tr><tr><td><a href=\"\/en\/legal-risk-compliance\/anti-money-laundering-financial-crime-prevention\/\" target=\"_blank\" rel=\"noreferrer noopener\">Anti-Money Laundering &amp; Financial Crime Prevention<\/a><\/td><td>Monta engagiert sich f\u00fcr die Verhinderung von Geldw\u00e4sche durch robuste, konforme Kontrollen.<\/td><\/tr><tr><td><a href=\"https:\/\/monta.com\/en\/legal-risk-compliance\/customer-due-diligence-faq\/\" target=\"_blank\" rel=\"noreferrer noopener\">Customer Due Diligence FAQ<\/a><\/td><td>Antworten auf h\u00e4ufig gestellte Fragen zum CDD-Prozess von Monta und zu den AML\/KYC-Anforderungen.<\/td><\/tr><tr><td><a href=\"\/en\/legal-risk-compliance\/information-about-vat\/\" target=\"_blank\" rel=\"noreferrer noopener\">Information about VAT<\/a><\/td><td>Automatisierte EU-Mehrwertsteuer \u00fcber Wallet; Genauigkeit h\u00e4ngt von Ihren Daten ab; Wiederverk\u00e4ufer unterliegen der Umkehrung der Steuerschuldnerschaft.<\/td><\/tr><\/tbody><\/table><\/figure>\n\n<\/div>\n    <\/div>\n<\/section>\n\n\n","protected":false},"excerpt":{"rendered":"","protected":false},"author":35,"featured_media":0,"parent":0,"menu_order":0,"comment_status":"closed","ping_status":"closed","template":"","meta":{"_acf_changed":false,"inline_featured_image":false,"footnotes":""},"class_list":["post-8238","page","type-page","status-publish","hentry"],"acf":null,"_links":{"self":[{"href":"https:\/\/monta.com\/de\/wp-json\/wp\/v2\/pages\/8238","targetHints":{"allow":["GET"]}}],"collection":[{"href":"https:\/\/monta.com\/de\/wp-json\/wp\/v2\/pages"}],"about":[{"href":"https:\/\/monta.com\/de\/wp-json\/wp\/v2\/types\/page"}],"author":[{"embeddable":true,"href":"https:\/\/monta.com\/de\/wp-json\/wp\/v2\/users\/35"}],"replies":[{"embeddable":true,"href":"https:\/\/monta.com\/de\/wp-json\/wp\/v2\/comments?post=8238"}],"version-history":[{"count":8,"href":"https:\/\/monta.com\/de\/wp-json\/wp\/v2\/pages\/8238\/revisions"}],"predecessor-version":[{"id":8268,"href":"https:\/\/monta.com\/de\/wp-json\/wp\/v2\/pages\/8238\/revisions\/8268"}],"wp:attachment":[{"href":"https:\/\/monta.com\/de\/wp-json\/wp\/v2\/media?parent=8238"}],"curies":[{"name":"wp","href":"https:\/\/api.w.org\/{rel}","templated":true}]}}