{"id":8241,"date":"2025-10-27T11:06:50","date_gmt":"2025-10-27T10:06:50","guid":{"rendered":"https:\/\/monta.com\/de\/?page_id=8241"},"modified":"2025-10-27T11:26:14","modified_gmt":"2025-10-27T10:26:14","slug":"nutzungsbedingungen","status":"publish","type":"page","link":"https:\/\/monta.com\/de\/rechtliches\/nutzungsbedingungen\/","title":{"rendered":"Nutzungsbedingungen"},"content":{"rendered":"<p><strong>Nutzungsbedingungen<\/strong><\/p>\n<p>Monta ApS<\/p>\n<p>Strandboulevarden 122, 2100 Copenhagen, Denmark<\/p>\n<p>info@monta.com<\/p>\n<p>Company registration number: 41668385<\/p>\n<p><strong>1. Allgemeines<\/strong><\/p>\n<p>1.1 Monta ist ein Anbieter von Softwarel\u00f6sungen. Das Angebot ist in zwei Bereiche aufgeteilt, die Monta App und das Monta Partnerportal. Die Monta App richtet sich haupts\u00e4chlich an den Endnutzer\/E-Fahrer und erm\u00f6glicht es verf\u00fcgbare Ladestationen zu finden und dort zu laden. Des Weiteren kann die App u.a. genutzt werden, um die eigene Ladestation zu kontrollieren und anderen Nutzern Zugriff zur eigenen Ladestation zu geben. Das Monta Partnerportal richtet sich haupts\u00e4chlich an Zielgruppen wie Installateure, Gro\u00dfh\u00e4ndler, Ladestationshersteller und -betreiber, Unternehmen, WEGs oder andere betriebliche Nutzer. Das Partnerportal bietet unter anderem die M\u00f6glichkeit Ladestationen, Nutzer und Zahlungen zu verwalten und erm\u00f6glicht es die Ladestationen an die individuellen Bed\u00fcrfnisse anzupassen.<\/p>\n<p>1.2 Diese Nutzungsbedingungen gelten in dem Vertrag zwischen dem Unternehmen (B2B)\/der Person (B2C), das\/die die Dienstleistungen nutzt oder auf sie zugreift (\u201eder Nutzer&quot; oder \u201eSie&quot;) und Monta ApS (\u201eMonta&quot; oder \u201ewir&quot;), gemeinsam bezeichnet als die \u201eParteien&quot; oder einzeln die \u201ePartei&quot;.<\/p>\n<p>1.3 Verbunden mit den Datenschutzbestimmungen von Monta regeln die vorliegenden Nutzungsbedingungen die Nutzung der von Monta angebotenen Dienstleistungen (\u201eDienstleistungen&quot;) durch Sie.<\/p>\n<p>1.4 Zu den Dienstleistungen k\u00f6nnen unter anderem von Monta unter eigener Marke und\/oder unter den Marken seiner Partner betriebene mobile Anwendungen und\/oder Websites geh\u00f6ren. Diese Dienstleistungen umfassen unter anderem alle Eigenschaften und Funktionen, darunter auch Websites, Benutzer-Portale, mobile Anwendungen, Content und Benutzerschnittstellen, im Zusammenhang mit der Monta-Plattform f\u00fcr Fahrer von Elektroautos und Bedienern von Ladestation, auf denen die Benutzer Ladestation verwalten und suchen und f\u00fcr den Ladevorgang von Elektrofahrzeugen bezahlen.<\/p>\n<p><strong>2. Annahme<\/strong><\/p>\n<p>2.1 Durch die Registrierung f\u00fcr die Dienstleistungen und die Annahme dieser Nutzungsbedingungen schlie\u00dfen Sie einen Vertrag mit Monta ab, der Ihnen die Inanspruchnahme der Dienstleistungen erlaubt.<\/p>\n<p>2.2 Alle Gesch\u00e4fte, die Teil der Dienstleistungen sind, darunter u.a. die Bestellung von Ladekarten und die Einleitung von Ladevorg\u00e4ngen unterliegen den Bestimmungen des zwischen Ihnen und Monta abgeschlossenen Dienstleistungsvertrags. Eine Registrierung ohne die ausdr\u00fcckliche Annahme dieser Nutzungsbedingungen ist nicht m\u00f6glich.<\/p>\n<p><strong>3. Preise<\/strong><\/p>\n<p>3.1 Alle geltenden Preise sind inklusive MwSt., sofern nicht anderweitig festgelegt, und werden an den Dienstleistungen vor Beginn des Ladevorgangs oder vor Beginn einer Transaktion angef\u00fchrt.<\/p>\n<p>3.2 Die Monta App ist f\u00fcr den pers\u00f6nlichen Gebrauch kostenlos. F\u00fcr bestimmte Dienstleistungen k\u00f6nnen jedoch Geb\u00fchren anfallen, darunter Transaktionsgeb\u00fchren f\u00fcr die entgeltliche Bereitstellung von Ladepunkten f\u00fcr andere Nutzer. In den F\u00e4llen, in denen Geb\u00fchren erhoben werden, wird dies dem Kunden jeweils vor Vertragsschluss gesondert \u00fcber die Monta App angezeigt.<\/p>\n<p>3.3 F\u00fcr Unternehmen und sonstige Partner k\u00f6nnen die Dienstleistungen Transaktionsgeb\u00fchren und monatliche Abonnements umfassen. Diese werden den Unternehmen vor Vertragsschluss \u00fcber die App und die Webseite angezeigt.<\/p>\n<p>3.4 Monta verkauft au\u00dferdem materielle G\u00fcter \u00fcber den Monta Shop, darunter Ladekarten, QR-Aufkleber und SIM-Karten. Die entsprechenden Preise werden vor dem Kaufvorgang unmissverst\u00e4ndlich auf der Website inklusive etwaiger Steuern und Versandkosten genannt.<\/p>\n<p>3.5 Vor dem Ladevorgang wird der Preis mit den Kosten pro konsumierter kWh Strom, und ggf. den Startgeb\u00fchren f\u00fcr den Ladevorgang und den Geb\u00fchren f\u00fcr die Ladedauer \u00fcber die App angezeigt. Wenn der Nutzer eine Lades\u00e4ule reserviert, jedoch nicht erscheint oder diese l\u00e4nger in Anspruch nimmt, k\u00f6nnen ebenfalls Geb\u00fchren anfallen. Die Kosten f\u00fcr eine Reservierung werden ebenfalls \u00fcber die App und vor dem Starten des Ladevorgangs angezeigt. Der endg\u00fcltige zu zahlende Preis f\u00fcr die in Anspruch genommene Ladedienstleistung (Menge der konsumierten Energie und ggf. Park- und\/oder Startgeb\u00fchr) werden dem Kunden nach Ende des Ladevorgangs in der Abrechnung mitgeteilt.<\/p>\n<p>3.6 Die Nutzer k\u00f6nnen den gew\u00fcnschten Geldbetrag auf ihr Kundenkonto (\u201eWallet&quot;) \u00fcberweisen, \u00fcber das sie den Ladevorgang bezahlen. Die Nutzer k\u00f6nnen manuell oder automatisch Geld auf ihr Monta Wallet \u00fcberweisen, wenn das Guthaben auf dem Konto unter einen bestimmten Betrag f\u00e4llt. Die Nutzer k\u00f6nnen ihr Guthaben auch wieder von ihrem Monta Wallet zur\u00fcckbuchen. Nach jedem Ladevorgang wird der entsprechende Betrag vom Monta Wallet abgebucht. Monta schickt eine Rechnung \u00fcber den genutzten Ladeservice, einschlie\u00dflich der einzelnen durchgef\u00fchrten Ladevorg\u00e4nge auf Grundlage des Messergebnisses. Der Nutzer muss daf\u00fcr sorgen, dass sich f\u00fcr den Ladevorgang ausreichend Guthaben auf dem Monta Wallet befindet. Alternativ ist auch eine Bezahlung per EC-\/Kreditkarte und Rechnung m\u00f6glich.<\/p>\n<p><strong>4. Rechnungsstellung<\/strong><\/p>\n<p>4.1 Monta bietet unterschiedliche Zahlungsmethoden, darunter Ihre Monta Wallet, EC-\/Kreditkarte und\/oder \u00fcber Rechnung.<\/p>\n<p>4.2 Die Rechnungen kann Monta per E-Mail zusenden und ist au\u00dferdem auf dem entsprechenden Benutzerkonto unter Dienstleistungen einsehbar. Sofern nicht anderweitig vereinbart, m\u00fcssen die von Monta ausgestellten Rechnungen innerhalb von sp\u00e4testens f\u00fcnfzehn (15) Tagen nach Rechnungsdatum beglichen werden. Das F\u00e4lligkeitsdatum ist auf der Rechnung angef\u00fchrt. Bei Zahlungsverzug werden Verzugszinsen in H\u00f6he von 1,5 % pro Monat f\u00fcr jeden ausstehenden Betrag f\u00e4llig bzw. der gesetzlich zul\u00e4ssige H\u00f6chstzinssatz, je nachdem, welcher niedriger ist, zzgl. aller Inkassogeb\u00fchren. Bei Zahlungsverzug k\u00f6nnen die Dienstleistungen unverz\u00fcglich gek\u00fcndigt werden.<\/p>\n<p>4.3 Bei Nichtzahlung der Geb\u00fchren durch den Nutzer, die Monta im Zusammenhang mit diesem Vertrag in Rechnung gestellt hat, kann Monta den Zugang zu den Dienstleistungen mit sofortiger Wirkung aussetzen. Durch die Aussetzung der Dienstleistungen wird der Nutzer nicht von seiner Zahlungsverpflichtung besagter Rechnungen und sonstiger gegen\u00fcber Monta f\u00fcr die entsprechenden Dienstleistungen f\u00e4lliger Geb\u00fchren entbunden.<\/p>\n<p><strong>5. Verpflichtungen<\/strong><\/p>\n<p>5.1 Sie kooperieren mit Monta durch Bereitstellung von Informationen und Material, z.B. unternehmensbezogene Informationen f\u00fcr Rechnungen, Lademenge, Anschrift, das Monta f\u00fcr die Erbringung der Dienstleistungen ggf. anfordert, und garantieren, dass besagte Informationen vollst\u00e4ndig und in allen wesentlichen Belangen genau sind.<\/p>\n<p>5.2 Sie m\u00fcssen sicherstellen, dass die registrierte Zahlungsmethode g\u00fcltig ist, dass sie \u00fcber ausreichendes Guthaben verf\u00fcgt und nicht gesperrt ist. Wenn keine Abbuchung m\u00f6glich ist, beh\u00e4lt sich Monta das Recht vor, Ihren Zugang zu den Dienstleistungen oder zu einem Teil davon auszusetzen, bis der f\u00e4llige Betrag vollst\u00e4ndig bezahlt ist. Monta ist dazu berechtigt, die Zahlung von Ihnen auf anderem Wege einzufordern, z.B. durch Zusendung einer separaten Rechnung f\u00fcr die Nutzung der Dienstleistungen.<\/p>\n<p>5.3 Sie sind f\u00fcr die Einhaltung der spezifischen Parkeinschr\u00e4nkungen und -bestimmungen an den Ladestationen verantwortlich (darunter die schriftlichen Anweisungen an der Ladestation oder die Anweisungen des Personals der Betreiber der Ladestationen).<\/p>\n<p>5.4 Sie m\u00fcssen die Lades\u00e4ule korrekt und in \u00dcbereinstimmung mit den bereitgestellten Anweisungen nutzen und sicherstellen, dass die Lades\u00e4ule f\u00fcr das Fahrzeug, das geladen werden soll, geeignet ist. Bei besch\u00e4digter oder defekter Lades\u00e4ule muss der Nutzer Monta dar\u00fcber in Kenntnis setzen.<\/p>\n<p>5.5 Sie m\u00fcssen Ihr Monta-Konto gegen Missbrauch durch Dritte sch\u00fctzen und Monta unverz\u00fcglich \u00fcber einen festgestellten Missbrauch in Kenntnis setzen. Sie sind daf\u00fcr verantwortlich, dass Ihr Konto gesch\u00fctzt wird und d\u00fcrfen Dritten keinen Zugang zu Ihrem Konto gew\u00e4hren.<\/p>\n<p>5.6 Wenn Sie glauben, dass Ihr Konto oder Ihre Ladekarte durch eine unberechtigte Person oder missbr\u00e4uchlich verwendet wurde, sind Sie verpflichtet, Monta unverz\u00fcglich dar\u00fcber in Kenntnis zu setzen. Monta wird dann ggf. Ihren Zugang zu den Dienstleistungen sperren.<\/p>\n<p>5.7 Bei Verlust Ihrer Ladekarte oder des Mobiltelefons, auf der die Anwendung von Monta installiert ist, m\u00fcssen Sie Monta unverz\u00fcglich dar\u00fcber in Kenntnis setzen. Monta wird dann ggf. Ihren Zugang zu den Dienstleistungen sperren. Wenn Sie keine entsprechende Mitteilung machen und die betroffene Ladekarte oder das betroffene Mobiltelefon weiterhin missbr\u00e4uchlich verwendet wird, beh\u00e4lt sich Monta das Recht vor, die entstandenen Sch\u00e4den gem\u00e4\u00df den gesetzlichen Bestimmungen bei Ihnen geltend zu machen. Der Klarheit wegen stellt diese Klausel keine zus\u00e4tzlichen Schadenersatzforderungen gegen Sie als Verbraucher dar, sondern ist lediglich ein Vorbehalt des Rechts auf Schadenersatzforderung gem\u00e4\u00df den gesetzlichen Bestimmungen.<\/p>\n<p>5.8 Sie m\u00fcssen nur daf\u00fcr sorgen, dass Sie alle geltenden Bestimmungen, Gesetze und Konventionen vor der Nutzung der Dienstleistungen erf\u00fcllen.<\/p>\n<p>5.9 Sofern Ihnen dies Monta nicht ausdr\u00fccklich schriftlich gestattet, sind Ihnen folgende direkte oder indirekte Handlungen untersagt (und ebenso wenig d\u00fcrfen Sie diese Dritten gestatten): I. Vermietung, Verpachtung, Vervielf\u00e4ltigung, \u00dcbertragung, Weiterverkauf, Unterlizenzierung, Verleasen, Time-Sharing oder die anderweitige Bereitstellung des Zugangs zu den Dienstleistungen an Dritte; II. \u00c4nderung oder Bearbeitung der Monta Dienstleistungen oder eines Teils davon; III. Reverse Engineering, Zerlegung, Dekompilieren, \u00dcbersetzung oder anderweitige Bem\u00fchungen zur Beschaffung oder Ableitung des Quellcodes, zugrundeliegender Ideen, Algorithmen, Dateiformate oder nicht-\u00f6ffentlicher APIs der Dienste, au\u00dfer in dem nach geltendem Recht ausdr\u00fccklich zul\u00e4ssigen Umfang und nur nach vorangegangener schriftlicher Mitteilung an Monta; IV. Verletzung oder Umgehung von Sicherheitsma\u00dfnahmen der Dienstleistungen oder Konfiguration der Dienstleistungen zur Vermeidung von Geb\u00fchren oder zur St\u00f6rung der Integrit\u00e4t, Leistung oder Sicherheit der Dienstleistungen; V. Zugriff auf die Dienstleistungen zum Zweck des Aufbaus eines Wettbewerbsprodukts oder -dienstleistung oder zum Kopieren ihrer Eigenschaften oder Benutzerschnittstellen; VI. Gebrauch oder Zulassung der Nutzung der Dienstleistungen zu unrechtm\u00e4\u00dfigen oder irref\u00fchrenden Zwecken oder auf eine von diesem Vertrag abweichende Art und Weise; VII. Erfassung, Nutzung und Weitergabe von Daten, die die Rechte Dritter verletzen, darunter den Datenschutz, \u00d6ffentlichkeitsrechte und geistiges Eigentum (\u201eGeistige Eigentumsrechte&quot; sind alle Urheberrechte, Urheberpers\u00f6nlichkeitsrechte, Schutzmarken, Firmenaufmachungen, Patente, Gesch\u00e4ftsgeheimnisse, unlauterer Wettbewerb und sonstige andere Eigentumsrechte).<\/p>\n<p>5.10 Sie erkennen an, dass Monta alle Rechte, Rechtsanspr\u00fcche und Interessen (einschlie\u00dflich aller Rechte am geistigen Eigentum) an den Dienstleistungen sowie an allen damit zusammenh\u00e4ngenden oder zugrundeliegenden Dokumentationen, Technologien, Codes, Know-how, Logos, Vorlagen und allem anderen hat, was als Teil des Supports anderer Dienstleistungen geliefert wird, sowie an Aktualisierungen, \u00c4nderungen oder Bearbeitungen der vorgenannten (die alle als vertrauliche Informationen von Monta gelten), und dass Monta alle nicht spezifisch in diesem Vertrag gew\u00e4hrten Lizenzen vorbeh\u00e4lt. Sie nehmen zustimmend zur Kenntnis, dass Sie keine Rechte auf Erhalt einer Kopie der Software hinter den Dienstleistungen haben und dass Monta nach eigenem Ermessen von Zeit zu Zeit Aktualisierungen vornehmen, Fehler beheben, \u00c4nderungen oder Verbesserungen der Dienstleistungen vornehmen kann. Monta beh\u00e4lt sich von Zeit zu Zeit das Recht auf \u00c4nderung oder Aufhebung von Eigenschaften der Dienstleistungen vor.<\/p>\n<p><strong>6. Verbraucher<\/strong><\/p>\n<p>6.1 R\u00fccknahme und R\u00fcckgabe von Produkten: Sie haben das Recht, den Vertrag innerhalb von vierzehn (14) Tagen ab dem Tag zu widerrufen, an dem Sie oder ein von Ihnen benannter Dritter in den Besitz einer von Monta gekauften physischen Ware (\u201eProdukt\u201c) gelangt sind. Sie m\u00fcssen Monta \u00fcber Ihren Entschluss, den Vertrag zu widerrufen, mittels einer weiteren unmissverst\u00e4ndlichen Erkl\u00e4rung (z. B. eine E-Mail an info@monta.com) informieren. Wenn Sie vom Vertrag zur\u00fccktreten wollen, m\u00fcssen Sie die Produkte unverz\u00fcglich, sp\u00e4testens jedoch innerhalb von 14 Tagen ab dem Tag, an dem Monta der R\u00fccktritt mitgeteilt wurde, an Monta zur\u00fcck- oder \u00fcbergeben. Sie sind verpflichtet, die Produkte auf eigene Kosten und gem\u00e4\u00df den Anweisungen von Monta an Monta zur\u00fcckzusenden. Monta verpflichtet sich, alle erhaltenen Zahlungen, mit Ausnahme der von Ihnen beschlossenen au\u00dferordentlichen Lieferkosten, unverz\u00fcglich und in jedem Fall sp\u00e4testens 14 Tage nach dem Tag, an dem Monta die zur\u00fcckgegebenen Produkte erh\u00e4lt, zu erstatten. F\u00fcr diese R\u00fcckzahlung verwenden wir dasselbe Zahlungsmittel, das Sie bei der urspr\u00fcnglichen Transaktion eingesetzt haben, es sei denn, mit Monta wurde ausdr\u00fccklich etwas anderes vereinbart. Sie haften f\u00fcr jede Wertminderung der Produkte, die sich aus einem anderen Umgang als demjenigen ergibt, der zur Feststellung der Art, der Eigenschaften und der Funktionsweise des Produkts erforderlich ist. Sie haften ferner f\u00fcr jede Wertminderung, zu der die Produkte weiterverkauft werden k\u00f6nnen.<\/p>\n<p>6.2 Geb\u00fchrenpflichtige Dienste: Das Widerrufsrecht erlischt ab dem Zeitpunkt, an dem der Kauf einer Dienstleistung\/einer Ladung abgeschlossen ist. Wenn Sie im Zusammenhang mit dem Kauf von Ladedienstleistungen beantragt haben, dass die Ladung vor Ablauf der Widerrufsfrist beginnt, und Sie dennoch widerrufen m\u00f6chten, m\u00fcssen Sie damit rechnen, dass wir eine angemessene Verg\u00fctung f\u00fcr den Teil der Dienstleistung berechnen, der zum Zeitpunkt des Widerrufs bereits erbracht wurde. Nach Ende dieser Dienstleistung erlischt das Widerrufsrecht.<\/p>\n<p>6.3 M\u00e4ngel: F\u00fcr M\u00e4ngel an den gelieferten Produkten gilt das d\u00e4nische Kauf- und Vermarktungsgesetz. Wenn Sie eine Beschwerde \u00fcber einen Mangel oder andere Angelegenheiten in Bezug auf die Produkte einreichen m\u00f6chten, kontaktieren Sie uns bitte \u00fcber die E-Mail-Adresse info@monta.com.<\/p>\n<p>6.4 Beilegung von Streitigkeiten: Alle Anspr\u00fcche nach d\u00e4nischem Recht k\u00f6nnen bei der d\u00e4nischen Verbraucherschlichtungsstelle oder dem d\u00e4nischen Zentrum f\u00fcr die Beilegung von Beschwerden geltend gemacht werden, die auf der Website des Zentrums f\u00fcr \u201cKlagel\u00f8sning og Forbrugerklagen\u00e6vnet\u201d (naevneneshus.dk) zu finden sind. Die Europ\u00e4ische Kommission bietet den B\u00fcrgerinnen und B\u00fcrgern der EU- und EWR-Mitgliedstaaten \u00fcber ihre Plattform f\u00fcr Online-Streitbeilegung ebenfalls ein alternatives Streitbeilegungsverfahren an. Wenn Sie mit dem Ergebnis dieses Verfahrens nicht zufrieden sind, k\u00f6nnen Sie immer noch ein ordentliches Gerichtsverfahren anstrengen.<\/p>\n<p>6.5 Empfehlungs- und Aktionscodes von Monta: Guthaben, das Sie durch Empfehlungs- oder Aktionscodes auf Ihr Wallet erhalten, kann nur f\u00fcr K\u00e4ufe durch Nutzung der Dienste verwendet werden und nicht abgehoben werden. Empfehlungs- und Aktionscodes d\u00fcrfen nur an potenzielle echte Personen weitergegeben werden, die keine bestehenden Monta-Nutzer sind. Ein Versto\u00df gegen diese Bestimmung f\u00fchrt zur Annullierung des Guthabens. Nicht genutztes Guthaben wird automatisch und ohne Vorank\u00fcndigung 6 Monate nach Erhalt von Ihrem Konto entfernt.<\/p>\n<p>6.6 Wallet: Das Guthaben auf Ihrem Wallet darf nur f\u00fcr die Bezahlung von kostenpflichtigen Diensten verwendet werden. Sie k\u00f6nnen nur Betr\u00e4ge in Ihr Wallet einzahlen, die f\u00fcr Ihren eigenen Ladebedarf und die Nutzung der Dienste von Monta erforderlich sind. Wenn Sie das Guthaben im Wallet f\u00fcr eine Transaktion verwenden, best\u00e4tigen Sie, dass Sie der authentische Nutzer sind. Wenn Sie von einem Missbrauch Kenntnis erlangen, sind Sie verpflichtet, uns dies unverz\u00fcglich zu melden, und wir k\u00f6nnen dann den Zugang zu den Diensten sperren.<\/p>\n<p><strong>7. Haftbarkeit<\/strong><\/p>\n<p>7.1 F\u00fcr die Nutzung der Dienstleistungen ist ausschlie\u00dflich der Nutzer haftbar. Die Dienstleistungen werden in der vorliegenden Form bereitgestellt und k\u00f6nnen jederzeit und ohne entsprechende Mitteilung oder Haftbarkeit ge\u00e4ndert, aktualisiert, unterbrochen, ausgesetzt oder eingestellt werden.<\/p>\n<p>7.2 Alle Garantien, Bedingungen oder sonstige gesetzliche Bestimmungen sind im weitestm\u00f6glichen gesetzlich zul\u00e4ssigen Umfang vom Vertrag ausgeschlossen.<\/p>\n<p>7.3 Keine der Bestimmungen dieses Vertrags hat den Ausschluss oder die Beschr\u00e4nkung der Haftung der einen Partei gegen\u00fcber der anderen Partei f\u00fcr Todesf\u00e4lle oder Personensch\u00e4den, die auf Fahrl\u00e4ssigkeit, Betrug oder arglistige T\u00e4uschung zur\u00fcckzuf\u00fchren sind, zur Folge.<\/p>\n<p>7.4 Monta (oder seine Tochtergesellschaften, Lizenzgeber und Zulieferer) haften nicht f\u00fcr aus diesem Vertrag, den Dienstleistungen oder den von Monta betriebenen Websites entstehende oder damit zusammenh\u00e4ngende Belange oder unabh\u00e4ngig von der Form eines Anspruchs oder einer Klage (unabh\u00e4ngig davon, ob auf Grundlage von Vertr\u00e4gen, Fahrl\u00e4ssigkeit, Gef\u00e4hrdungshaftung oder anderweitig) f\u00fcr; (i) entgangene Gewinne, Vertr\u00e4ge, Einnahmen, Gesch\u00e4fte, Gesch\u00e4ftsm\u00f6glichkeiten, f\u00fcr Verlust oder Besch\u00e4digung von Daten oder Wiederherstellung von Daten, Firmenwert, Sicherheitsverletzungen infolge von St\u00f6rungen der Telekommunikation Dritter und\/oder des Internets, erwartete Einsparungen oder Einnahmen (unabh\u00e4ngig davon, ob es sich dabei um direkte, indirekte oder Folgesch\u00e4den handelt); ii) Verluste oder Sch\u00e4den im Zusammenhang mit der Haftbarkeit gegen\u00fcber Dritten (unabh\u00e4ngig davon, ob es sich dabei um direkte, indirekte oder Folgesch\u00e4den handelt); (iii) s\u00e4mtliche Belange au\u00dferhalb seiner Kontrolle; und (iv) indirekte, zuf\u00e4llige oder Folgesch\u00e4den jeglicher Art; oder (v) Gesamtschadenersatz f\u00fcr alle Anspr\u00fcche, die \u00fcber die vom Nutzer an Monta gezahlten Betr\u00e4ge hinausgehen (innerhalb des 12-Monats-Zeitraums vor dem Datum, an dem der erste Anspruch entstanden ist), selbst wenn Monta auf die M\u00f6glichkeit besagter Sch\u00e4den hingewiesen wurde. Diese Einschr\u00e4nkungen sind unabh\u00e4ngig von allen anderen Bestimmungen dieses Vertrags und gelten unbeschadet der Unwirksamkeit darin vorgesehener Rechtsmittel.<\/p>\n<p><strong>8. H\u00f6here Gewalt<\/strong><\/p>\n<p>Keine der Parteien haftet f\u00fcr Verz\u00f6gerungen oder die Nichterf\u00fcllung ihrer vertraglichen Verpflichtungen (mit Ausnahme von Zahlungsverpflichtungen), wenn die Verz\u00f6gerung oder Nichterf\u00fcllung durch Ursachen hervorgerufen wird, die au\u00dferhalb ihrer Kontrolle liegen, wie z.B. Streik, Blockade, Krieg, terroristische Handlungen, Aufruhr, Naturkatastrophen, Ausfall oder Einschr\u00e4nkung der Stromversorgung oder der Telekommunikations- oder Datennetze oder -dienste oder staatliche Ma\u00dfnahmen.<\/p>\n<p><strong>9. K\u00fcndigung<\/strong><\/p>\n<p>9.1 Dieser Vertrag kann jederzeit von jeder Partei ohne K\u00fcndigungsfrist und grundlos gek\u00fcndigt werden. Nach dem Wirksamwerden der K\u00fcndigung haben Sie keinen Zugriff mehr auf die Dienstleistungen.<\/p>\n<p>9.2 Alle Abschnitte dieses Vertrags, die naturgem\u00e4\u00df nach einer K\u00fcndigung fortbestehen m\u00fcssen (Abschnitt 5 und 6), bestehen nach der K\u00fcndigung fort, darunter, ohne Einschr\u00e4nkung, aufgelaufene Zahlungsanspr\u00fcche, Geheimhaltungsverpflichtungen, Gew\u00e4hrleistungsausschl\u00fcsse und Haftungsbeschr\u00e4nkungen. Die K\u00fcndigung hat somit keinerlei Auswirkungen auf bestehende Anspr\u00fcche in Bezug auf bisher erfolgte Ladevorg\u00e4nge, einschlie\u00dflich der Zahlungsverpflichtung f\u00fcr alle von Ihnen vor der K\u00fcndigung vorgenommenen Ladevorg\u00e4nge.<\/p>\n<p><strong>10. Datenschutz<\/strong><\/p>\n<p>10.1 Monta oder die beauftragten Dienstleister erheben, verarbeiten und nutzen Ihre Daten f\u00fcr die Durchf\u00fchrung des Vertragsverh\u00e4ltnisses gem\u00e4\u00df den Bestimmungen der Datenschutzgrundverordnung (DSGVO, 2016\/679) und sonstiger einschl\u00e4giger nationaler Datenschutzgesetze.<\/p>\n<p>10.2 Die eindeutige Identifikationsnummer zur Identifizierung Ihrer Person, Ihres Fahrzeugs, Ihrer personenbezogenen Daten und Transaktionsdaten k\u00f6nnen zum Zweck der Aktivierung der Ladestationen, der L\u00f6sung m\u00f6glicher Probleme im Zusammenhang mit dem Ladeservice und der Rechnungsstellung an den Betreiber der Ladestation \u00fcbermittelt werden. Personenbezogene Daten, Kontaktangaben und Angaben zur Transaktion k\u00f6nnen zum Zweck der Rechnungsstellung und des Kundendiensts ebenso an Partner von Monta \u00fcbermittelt werden.<\/p>\n<p>Monta kann nicht-personenbezogene und anonymisierte, bei der Bereitstellung der Dienstleistungen erfasste Daten verwenden, um (i) die Dienstleistungen und seine anderen Produkte und Dienstleistungen zu verbessern und (ii) statistische Informationen an seine Partner weiterzugeben.<\/p>\n<p>Durch Zustimmung zu diesem Vertrag stimmen Sie auch unseren Datenschutzbestimmungen zu.<\/p>\n<p><strong>10. Verzicht<\/strong><\/p>\n<p>Die Entscheidung von Monta bzgl. des Verzichts der Durchsetzung oder Aus\u00fcbung einer Bestimmung des Vertrags stellt keinen Verzicht auf besagte Bestimmung dar.<\/p>\n<p><strong>12. \u00dcbertragung<\/strong><\/p>\n<p>Die Parteien sind ohne schriftliche Zustimmung von Monta nicht zur \u00dcbertragung ihrer Rechte oder Pflichten im Zusammenhang mit diesem Vertrag an Dritte berechtigt.<\/p>\n<p><strong>13. Salvatorische Klausel<\/strong><\/p>\n<p>Sofern eine Bestimmung des Vertrags aus jedwedem Grund oder in jedwedem Umfang als unwirksam oder nicht vollstreckbar gilt, hat besagte Unwirksamkeit oder Nichtvollstreckbarkeit keinerlei Auswirkungen auf die \u00fcbrigen Bestimmungen des Vertrags und die Anwendung besagter Bestimmung wird im gesetzlich zul\u00e4ssigen Umfang vollstreckt.<\/p>\n<p><strong>14. Nutzungsbedingungen<\/strong><\/p>\n<p>Diese Nutzungsbedingungen regeln den Vertragsinhalt zwischen dem Nutzer und Monta in Bezug auf den Vertragsgegenstand dar. Er ersetzt und hebt s\u00e4mtliche vorangegangenen Vereinbarungen, Abmachungen, Nebenvereinbarungen, Nebenvertr\u00e4ge, Aussagen, Zusicherungen, Erkl\u00e4rungen und Absprachen auf, die die Parteien in diesem Zusammenhang in m\u00fcndlicher oder schriftlicher Form abgegeben haben oder die in ihrem Namen erfolgt sind.<\/p>\n<p>\u00c4nderungen an diesen AGB sind nur wirksam, wenn sie schriftlich erfolgen und von den Parteien (oder ihren bevollm\u00e4chtigten Vertretern) unterzeichnet sind.<\/p>\n<p><strong>15. Geltendes Recht und Gerichtsstand<\/strong><\/p>\n<p>Diese AGB sind durch die d\u00e4nischen Gesetze geregelt.<\/p>\n<p>F\u00fcr Streitigkeiten aufgrund oder im Zusammenhang mit AGB ist der Gerichtsstand Kopenhagen als alleiniger Gerichtsstand zust\u00e4ndig.<\/p>\n<p><strong>16. \u00c4nderungen an diesen Nutzungsbedingungen<\/strong><\/p>\n<p>Diese AGB wurden zuletzt am 21. Juni 2022 aktualisiert.<\/p>\n<p>Monta beh\u00e4lt sich das Recht vor, diese Nutzungsbedingungen jederzeit nach eigenem Ermessen zu \u00e4ndern, zu aktualisieren oder anderweitig zu \u00fcberarbeiten. Die besagte \u00dcberarbeitung ist unmittelbar nach der Ver\u00f6ffentlichung der \u00fcberarbeiteten Nutzungsbedingungen auf dieser Website wirksam. Monta informiert Sie \u00fcber alle rechtserheblichen \u00c4nderungen an diesem Vertrag. Durch die Nutzung der Dienstleistungen nach der Ver\u00f6ffentlichung von \u00c4nderungen, Aktualisierungen oder \u00dcberarbeitungen durch Monta verpflichtet sich der Benutzer zur Einhaltung besagter \u00fcberarbeiteter Nutzungsbedingungen. Wenn Sie mit einer \u00c4nderung, Aktualisierung oder sonstigen \u00c4nderungen dieser Bedingungen nicht einverstanden sind, k\u00f6nnen Sie die vorliegenden Bedingungen mit sofortiger Wirkung k\u00fcndigen und m\u00fcssen Ihre Nutzung oder Ihren Zugang zu den Diensten unverz\u00fcglich beenden.<\/p>\n","protected":false},"excerpt":{"rendered":"","protected":false},"author":35,"featured_media":0,"parent":8238,"menu_order":0,"comment_status":"closed","ping_status":"closed","template":"template-gutenberg-page.blade.php","meta":{"_acf_changed":false,"inline_featured_image":false,"footnotes":""},"class_list":["post-8241","page","type-page","status-publish","hentry"],"acf":[],"_links":{"self":[{"href":"https:\/\/monta.com\/de\/wp-json\/wp\/v2\/pages\/8241","targetHints":{"allow":["GET"]}}],"collection":[{"href":"https:\/\/monta.com\/de\/wp-json\/wp\/v2\/pages"}],"about":[{"href":"https:\/\/monta.com\/de\/wp-json\/wp\/v2\/types\/page"}],"author":[{"embeddable":true,"href":"https:\/\/monta.com\/de\/wp-json\/wp\/v2\/users\/35"}],"replies":[{"embeddable":true,"href":"https:\/\/monta.com\/de\/wp-json\/wp\/v2\/comments?post=8241"}],"version-history":[{"count":7,"href":"https:\/\/monta.com\/de\/wp-json\/wp\/v2\/pages\/8241\/revisions"}],"predecessor-version":[{"id":8269,"href":"https:\/\/monta.com\/de\/wp-json\/wp\/v2\/pages\/8241\/revisions\/8269"}],"up":[{"embeddable":true,"href":"https:\/\/monta.com\/de\/wp-json\/wp\/v2\/pages\/8238"}],"wp:attachment":[{"href":"https:\/\/monta.com\/de\/wp-json\/wp\/v2\/media?parent=8241"}],"curies":[{"name":"wp","href":"https:\/\/api.w.org\/{rel}","templated":true}]}}