{"id":309,"date":"2021-11-12T06:56:12","date_gmt":"2021-11-12T06:56:12","guid":{"rendered":"https:\/\/monta.com\/es\/?page_id=309"},"modified":"2026-03-02T11:18:18","modified_gmt":"2026-03-02T10:18:18","slug":"contacto-ventas","status":"publish","type":"page","link":"https:\/\/monta.com\/es\/contacto-ventas\/","title":{"rendered":"Contacto ventas"},"content":{"rendered":"<section aria-labelledby=\"formlogos-heading-block_83956a6f3852cf2b17d77f0df765ea3e\" class=\"bg-black text-white  rounded-section\">\n    <div class=\"grid grid-cols-1 md:grid-cols-5 gap-8 md:gap-30\">\n        <!-- Text Column -->\n        <div class=\"md:col-span-2 flex flex-col\">\n            <div>\n                \n                                                    <h1 id=\"formlogos-heading-block_83956a6f3852cf2b17d77f0df765ea3e\" class=\"text-white mb-6\">\n                        Le proporcionaremos el mejor software de recarga para su negocio.                    <\/h1>\n                                \n                                <div class=\"rich-text text-white\/90 mb-8\">\n                    <p>Monta ha desarrollado un software de recarga integral que puede impulsar su negocio de recarga, independientemente de su caso de uso. Desde la recarga multifamiliar hasta las flotas empresariales y los DCFC p\u00fablicos, el software de Monta le permitir\u00e1 crecer r\u00e1pidamente, escalar de manera eficiente y ofrecer a sus conductores la mejor experiencia de recarga. Hagamos crecer su red juntos.<\/p>\n                <\/div>\n                            <\/div>\n\n            <!-- Logo Row -->\n            \n                            <div class=\"md:mt-10 mt-6\">\n                                                                <h2 class=\"text-white\/90 font-normal mb-6 intro\">\n                            Reconocido por los l\u00edderes de la industria                        <\/h2>\n                                        \n                                            <div class=\"grid grid-cols-2 lg:flex lg:flex-nowrap items-center lg:gap-0 gap-2 opacity-100\">\n                                                            <img decoding=\"async\" src=\"https:\/\/monta.com\/app\/uploads\/sites\/22\/2025\/11\/img_EMOVILI-black.png\" alt=\"Logo de EMOVILI en color negro, representando una marca relacionada con movilidad o transporte. Dise\u00f1o simple y moderno.\"\n                                    class=\"h-8 lg:h-10 brightness-0 invert\" loading=\"lazy\" \/>\n                                                                                        <img decoding=\"async\" src=\"https:\/\/monta.com\/wp-content\/uploads\/2025\/07\/logo_EVENERGIA-evenergia.png\" alt=\"Partner logo\"\n                                    class=\"h-8 lg:h-10 brightness-0 invert\" loading=\"lazy\" \/>\n                                                                                        <img decoding=\"async\" src=\"https:\/\/monta.com\/app\/uploads\/sites\/22\/2025\/05\/evus-logo-back.png\" alt=\"Logotipo en negro de la palabra &quot;EVUS&quot; con un dise\u00f1o moderno y estilizado. Fondo transparente.\"\n                                    class=\"h-8 lg:h-10 brightness-0 invert\" loading=\"lazy\" \/>\n                                                                                <\/div>\n                                    <\/div>\n                    <\/div>\n\n        <!-- Form\/Widget Column with Lottie Background -->\n        <div class=\"md:col-span-3 relative flex items-center\">\n                            <!-- Lottie Background -->\n                <div class=\"absolute md:top-[60px] md:left-[-65px] md:w-[390px] md:translate-none left-1\/2 transform -translate-x-1\/2 w-[80%] top-[-20px]\">\n                    <lottie-player src=\"https:\/\/monta.com\/wp-content\/uploads\/2025\/11\/Group.json\" background=\"transparent\" speed=\"0.3\"\n                        loop autoplay mode=\"normal\" aria-hidden=\"true\">\n                    <\/lottie-player>\n                <\/div>\n            \n            <div class=\"relative z-10 max-w-165 w-full mx-auto md:mx-0 md:ml-auto md:mt-0 mt-30\">\n                <div\n                    class=\"rounded-2xl  \">\n                    <div class=\"relative z-10\">\n                                                <script src=\"https:\/\/js.hsforms.net\/forms\/embed\/developer\/20114015.js\" defer><\/script>\r\n<div class=\"hs-form-html\" data-region=\"na1\" data-form-id=\"9745adff-1494-4e2f-aa65-26b31fc80bae\" data-portal-id=\"20114015\"><\/div>                                            <\/div>\n                <\/div>\n            <\/div>\n        <\/div>\n    <\/div>\n<\/section>","protected":false},"excerpt":{"rendered":"","protected":false},"author":1,"featured_media":0,"parent":0,"menu_order":0,"comment_status":"closed","ping_status":"closed","template":"template-contact-sales.blade.php","meta":{"_acf_changed":false,"inline_featured_image":false,"footnotes":""},"class_list":["post-309","page","type-page","status-publish","hentry"],"acf":[],"_links":{"self":[{"href":"https:\/\/monta.com\/es\/wp-json\/wp\/v2\/pages\/309","targetHints":{"allow":["GET"]}}],"collection":[{"href":"https:\/\/monta.com\/es\/wp-json\/wp\/v2\/pages"}],"about":[{"href":"https:\/\/monta.com\/es\/wp-json\/wp\/v2\/types\/page"}],"author":[{"embeddable":true,"href":"https:\/\/monta.com\/es\/wp-json\/wp\/v2\/users\/1"}],"replies":[{"embeddable":true,"href":"https:\/\/monta.com\/es\/wp-json\/wp\/v2\/comments?post=309"}],"version-history":[{"count":31,"href":"https:\/\/monta.com\/es\/wp-json\/wp\/v2\/pages\/309\/revisions"}],"predecessor-version":[{"id":4025,"href":"https:\/\/monta.com\/es\/wp-json\/wp\/v2\/pages\/309\/revisions\/4025"}],"wp:attachment":[{"href":"https:\/\/monta.com\/es\/wp-json\/wp\/v2\/media?parent=309"}],"curies":[{"name":"wp","href":"https:\/\/api.w.org\/{rel}","templated":true}]}}