{"id":3170,"date":"2025-07-09T08:57:47","date_gmt":"2025-07-09T07:57:47","guid":{"rendered":"https:\/\/monta.com\/es\/?page_id=3170"},"modified":"2026-03-02T11:23:18","modified_gmt":"2026-03-02T10:23:18","slug":"partner-services","status":"publish","type":"page","link":"https:\/\/monta.com\/es\/partner-services\/","title":{"rendered":"Partner Services"},"content":{"rendered":"<section aria-label=\"Cree una soluci\u00f3n con nuestra infraestructura como base.\" class=\"bg-transparent text-charcoal mb-0 rounded-section\" >\n    <div class=\"grid grid-cols-1 md:grid-cols-12 gap-12 items-center\">\n                <div class=\"md:col-span-6 -ml-4 md:-ml-10 my-0 md:-my-18 hidden md:block\">\n                            <img decoding=\"async\" title=\"illustration_portal_mockup\" alt=\"\" class=\"mx-auto max-h-200\"\n                    src=\"https:\/\/monta.com\/wp-content\/uploads\/2025\/06\/illustration_portal_mockup.webp\" \/>\n                                            <\/div>\n                <div class=\"md:col-span-5 md:col-start-8\">\n                                                                <h1 class=\"h1 mb-10 \">\n                    Cree una soluci\u00f3n con nuestra infraestructura como base.                <\/h1>\n                                                <div class=\"md:hidden block mb-10  -mx-4 \">\n                                    <img decoding=\"async\" title=\"img_mobile-hero\" alt=\"\" src=\"https:\/\/monta.com\/wp-content\/uploads\/2025\/07\/img_mobile-hero.webp\" \/>\n                                                            <\/div>\n                        <div class=\"rich-text \">\n                <h4><strong>Monta Partner Services<\/strong><\/h4>\n<p id=\"text_block-1482-16517\" class=\"ct-text-block margin-bottom--l text--secondary-dark\">Monta Partner Services ofrece lo mejor de ambos mundos, permiti\u00e9ndole crear una soluci\u00f3n utilizando nuestro completo paquete de herramientas, que incluye nuestra API para socios, asistencia para la migraci\u00f3n, soluciones de marca blanca y mucho m\u00e1s.<\/p>\n\n            <\/div>\n                                    <a href=\"https:\/\/monta.com\/es\/contacto-ventas\/\" class=\"btn-primary-blue mt-8\">\n                Pide una demo            <\/a>\n                                            <\/div>\n            <\/div>\n<\/section>\n\n\n\n<section aria-label=\"El socio de software preferido por los visionarios del sector\" class=\" bg-white py-8 pt-4\">\n    <div class=\" mx-auto text-center\">\n                <div class=\"text-gray-600 mt-6 mb-3\">El socio de software preferido por los visionarios del sector<\/div>\n        <div class=\"flex flex-wrap justify-center gap-4 md:gap-8 mb-6 items-center max-w-[1054px] m-auto\">\n                            <!-- Logo 1 -->\n                <div class=\"w-[calc(50%-0.5rem)] md:w-[calc(25%-1.5rem)]\">\n                    <img decoding=\"async\" src=\"https:\/\/monta.com\/wp-content\/uploads\/2025\/07\/logo_EVENERGIA-evenergia.png\" title=\"logo_EVENERGIA-evenergia\" alt=\"\" class=\"w-full\" \/>\n                <\/div>\n                                        <!-- Logo 2 -->\n                <div class=\"w-[calc(50%-0.5rem)] md:w-[calc(25%-1.5rem)]\">\n                    <img decoding=\"async\" src=\"https:\/\/monta.com\/wp-content\/uploads\/2025\/07\/img_Plug4Us-black.png\" title=\"img_Plug4Us-black\" alt=\"\" class=\"w-full\" \/>\n                <\/div>\n                                        <!-- Logo 3 -->\n                <div class=\"w-[calc(50%-0.5rem)] md:w-[calc(25%-1.5rem)]\">\n                    <img decoding=\"async\" src=\"https:\/\/monta.com\/wp-content\/uploads\/2025\/07\/img_EMOVILI-black.svg\" title=\"img_EMOVILI-black\" alt=\"\" class=\"w-full\" \/>\n                <\/div>\n                                        <!-- Logo 4 -->\n                <div class=\"w-[calc(50%-0.5rem)] md:w-[calc(25%-1.5rem)]\">\n                    <img decoding=\"async\" src=\"https:\/\/monta.com\/app\/uploads\/sites\/22\/2025\/05\/evus-logo-back.png\" title=\"Logo de EVUS: Innovaci\u00f3n en tecnolog\u00eda automotriz.\" alt=\"Logotipo en negro de la palabra &quot;EVUS&quot; con un dise\u00f1o moderno y estilizado. Fondo transparente.\" class=\"w-full\" \/>\n                <\/div>\n                    <\/div>\n            <\/div>\n<\/section>\n\n\n<section aria-label=\"\u00bfConstruir o comprar? Esa es la cuesti\u00f3n.\" class=\"bg-grey text-black  rounded-section\" >\n    <div class=\"grid grid-cols-1 md:grid-cols-12 gap-12 items-center\">\n                <div class=\"md:col-span-5\">\n                                    <div class=\"pill-label mb-8 \">\n                Plataforma Monta            <\/div>\n                                                    <h2 class=\"h2 mb-10 \">\n                    \u00bfConstruir o comprar? Esa es la cuesti\u00f3n.                <\/h2>\n                                                <div class=\"md:hidden block mb-10 \">\n                                    <img decoding=\"async\" title=\"T\u00edtulo de imagen: Opciones de creaci\u00f3n y compra en servicios para socios Resumen: Gr\u00e1fico de opciones de crear y comprar en servicios colaborativos.\" alt=\"Gr\u00e1fica en 3D de bloques apilados en forma de escalera, junto a botones de alternancia para &quot;Crear&quot; y &quot;Comprar&quot;. Fondo negro.\" src=\"https:\/\/monta.com\/app\/uploads\/sites\/22\/2025\/09\/Frame-26082703.png\" \/>\n                                                            <\/div>\n                        <div class=\"rich-text \">\n                <p>\u00bfLa respuesta? Ambas cosas. Monta Partner Services le ayuda a crear una soluci\u00f3n h\u00edbrida, permiti\u00e9ndole decidir qu\u00e9 partes desea construir y cu\u00e1les comprar.<\/p>\n<p>Este enfoque le permite dise\u00f1ar una configuraci\u00f3n de recarga de veh\u00edculos el\u00e9ctricos a medida, seleccionando los servicios exactos que se ajustan a sus necesidades. Los proveedores de soluciones de recarga de veh\u00edculos el\u00e9ctricos pueden utilizar una combinaci\u00f3n de capacidades personalizadas y llave en mano para atender a sus clientes de forma eficaz, adem\u00e1s de la plataforma integral de Monta.<\/p>\n\n            <\/div>\n                                                        <\/div>\n                <div class=\"md:col-span-6 md:col-start-7 justify-items-end hidden md:block\">\n                            <img decoding=\"async\" title=\"T\u00edtulo de imagen: Opciones de creaci\u00f3n y compra en servicios para socios Resumen: Gr\u00e1fico de opciones de crear y comprar en servicios colaborativos.\" class=\"mx-auto max-h-200\" alt=\"Gr\u00e1fica en 3D de bloques apilados en forma de escalera, junto a botones de alternancia para \"Crear\" y \"Comprar\". Fondo negro.\"\n                    src=\"https:\/\/monta.com\/app\/uploads\/sites\/22\/2025\/09\/Frame-26082703.png\" \/>\n                                            <\/div>\n            <\/div>\n<\/section>\n\n\n\n<section aria-label=\"Ofertas principales de los servicios para socios\" class=\"p-0 \">\n    <div class=\"md:grid md:grid-cols-12 px-4 md:px-10 md:pb-56 pb-18 md:-mb-27 -mb-12 md:pt-17 pt-6 bg-black text-white rounded-section\">\n        \n         <h2  class=\"mb-4 md:mb-0 md:col-span-5\">Ofertas principales de los servicios para socios <\/h2>             <\/div>\n    \n    <accordion data-items='[{\"title\":\"API para socios\",\"description\":\"\\u003Cp\\u003ENuestra API para socios es la clave para acceder a funcionalidades de nivel empresarial, lo que le permite integrar Monta directamente en sus sistemas.\\u003C\\\/p\\u003E\\n\\u003Cp\\u003EDesde mostrar puntos de recarga en el mapa de su aplicaci\\u00f3n hasta controlar sesiones de recarga y sincronizar con su CRM, la potencia y flexibilidad de la API pueden satisfacer todos sus requisitos t\\u00e9cnicos y empresariales.\\u003C\\\/p\\u003E\\n\",\"image\":{\"ID\":3685,\"id\":3685,\"title\":\"Punto de recarga \\u2013 Calle Mayor 27, Huesca, Espa\\u00f1a\",\"filename\":\"Partner-API.png\",\"filesize\":879500,\"url\":\"https:\\\/\\\/monta.com\\\/app\\\/uploads\\\/sites\\\/22\\\/2025\\\/09\\\/Partner-API.png\",\"link\":\"https:\\\/\\\/monta.com\\\/es\\\/partner-services\\\/partner-api-2\\\/\",\"alt\":\"Punto de recarga destacado sobre fondo oscuro, con una direcci\\u00f3n y estado de conexi\\u00f3n, rodeado de un patr\\u00f3n de cubos.\",\"author\":\"35\",\"description\":\"\",\"caption\":\"\",\"name\":\"partner-api-2\",\"status\":\"inherit\",\"uploaded_to\":3170,\"date\":\"2025-09-02 08:30:24\",\"modified\":\"2025-10-24 11:21:58\",\"menu_order\":0,\"mime_type\":\"image\\\/png\",\"type\":\"image\",\"subtype\":\"png\",\"icon\":\"https:\\\/\\\/monta.com\\\/es\\\/wp-includes\\\/images\\\/media\\\/default.png\",\"width\":2361,\"height\":1801,\"sizes\":{\"thumbnail\":\"https:\\\/\\\/monta.com\\\/app\\\/uploads\\\/sites\\\/22\\\/2025\\\/09\\\/Partner-API-150x150.png\",\"thumbnail-width\":150,\"thumbnail-height\":150,\"medium\":\"https:\\\/\\\/monta.com\\\/app\\\/uploads\\\/sites\\\/22\\\/2025\\\/09\\\/Partner-API-300x229.png\",\"medium-width\":300,\"medium-height\":229,\"medium_large\":\"https:\\\/\\\/monta.com\\\/app\\\/uploads\\\/sites\\\/22\\\/2025\\\/09\\\/Partner-API-768x586.png\",\"medium_large-width\":768,\"medium_large-height\":586,\"large\":\"https:\\\/\\\/monta.com\\\/app\\\/uploads\\\/sites\\\/22\\\/2025\\\/09\\\/Partner-API-1024x781.png\",\"large-width\":1024,\"large-height\":781,\"1536x1536\":\"https:\\\/\\\/monta.com\\\/app\\\/uploads\\\/sites\\\/22\\\/2025\\\/09\\\/Partner-API-1536x1172.png\",\"1536x1536-width\":1536,\"1536x1536-height\":1172,\"2048x2048\":\"https:\\\/\\\/monta.com\\\/app\\\/uploads\\\/sites\\\/22\\\/2025\\\/09\\\/Partner-API-2048x1562.png\",\"2048x2048-width\":2048,\"2048x2048-height\":1562}}},{\"title\":\"Apoyo a la migraci\\u00f3n\",\"description\":\"\\u003Cp\\u003EMigrar su infraestructura y su base de usuarios a Monta no tiene por qu\\u00e9 ser complicado. Ofrecemos un proceso de migraci\\u00f3n estructurado y dirigido por expertos, dise\\u00f1ado para minimizar el tiempo de inactividad y maximizar la eficiencia.\\u003C\\\/p\\u003E\\n\\u003Cp\\u003ECon un equipo de migraci\\u00f3n dedicado, las mejores herramientas de su clase y niveles de servicio flexibles, garantizamos una transici\\u00f3n fluida a nuestra plataforma, lo que permite que su negocio siga creciendo con una interrupci\\u00f3n m\\u00ednima.\\u003C\\\/p\\u003E\\n\",\"image\":{\"ID\":3137,\"id\":3137,\"title\":\"illustration_partner-api_migration-support\",\"filename\":\"illustration_partner-api_migration-support.webp\",\"filesize\":0,\"url\":\"https:\\\/\\\/monta.com\\\/wp-content\\\/uploads\\\/2025\\\/06\\\/illustration_partner-api_migration-support.webp\",\"link\":\"https:\\\/\\\/monta.com\\\/es\\\/illustration_partner-api_migration-support\\\/\",\"alt\":\"\",\"author\":\"35\",\"description\":\"\",\"caption\":\"\",\"name\":\"illustration_partner-api_migration-support\",\"status\":\"inherit\",\"uploaded_to\":0,\"date\":\"2025-07-09 07:41:09\",\"modified\":\"2025-07-09 07:41:09\",\"menu_order\":0,\"mime_type\":\"image\\\/webp\",\"type\":\"image\",\"subtype\":\"webp\",\"icon\":\"https:\\\/\\\/monta.com\\\/es\\\/wp-includes\\\/images\\\/media\\\/default.png\",\"width\":2360,\"height\":1800,\"sizes\":{\"thumbnail\":\"https:\\\/\\\/monta.com\\\/wp-content\\\/uploads\\\/2025\\\/06\\\/illustration_partner-api_migration-support-150x150.webp\",\"thumbnail-width\":150,\"thumbnail-height\":150,\"medium\":\"https:\\\/\\\/monta.com\\\/wp-content\\\/uploads\\\/2025\\\/06\\\/illustration_partner-api_migration-support-300x229.webp\",\"medium-width\":300,\"medium-height\":229,\"medium_large\":\"https:\\\/\\\/monta.com\\\/wp-content\\\/uploads\\\/2025\\\/06\\\/illustration_partner-api_migration-support-768x586.webp\",\"medium_large-width\":768,\"medium_large-height\":586,\"large\":\"https:\\\/\\\/monta.com\\\/wp-content\\\/uploads\\\/2025\\\/06\\\/illustration_partner-api_migration-support-1024x781.webp\",\"large-width\":1024,\"large-height\":781,\"1536x1536\":\"https:\\\/\\\/monta.com\\\/wp-content\\\/uploads\\\/2025\\\/06\\\/illustration_partner-api_migration-support-1536x1172.webp\",\"1536x1536-width\":1536,\"1536x1536-height\":1172,\"2048x2048\":\"https:\\\/\\\/monta.com\\\/wp-content\\\/uploads\\\/2025\\\/06\\\/illustration_partner-api_migration-support-2048x1562.webp\",\"2048x2048-width\":2048,\"2048x2048-height\":1562}}},{\"title\":\"Soluciones de marca blanca\",\"description\":\"\\u003Cp\\u003ENuestras soluciones de marca blanca ofrecen una variedad de servicios dise\\u00f1ados para satisfacer sus necesidades. Desde una aplicaci\\u00f3n personalizable y un centro de marca hasta recibos, facturas y mensajes personalizados, as\\u00ed como correos electr\\u00f3nicos enviados desde su propio dominio, lo tenemos todo cubierto.\\u003C\\\/p\\u003E\\n\\u003Cp\\u003EEsta soluci\\u00f3n le garantiza una r\\u00e1pida comercializaci\\u00f3n, al tiempo que ofrece la excelente satisfacci\\u00f3n del usuario por la que Monta es conocida.\\u003C\\\/p\\u003E\\n\",\"image\":{\"ID\":3687,\"id\":3687,\"title\":\"Dise\\u00f1os de interfaz para servicios de socios y personalizaci\\u00f3n.\",\"filename\":\"White-label-solutions.png\",\"filesize\":957191,\"url\":\"https:\\\/\\\/monta.com\\\/app\\\/uploads\\\/sites\\\/22\\\/2025\\\/09\\\/White-label-solutions.png\",\"link\":\"https:\\\/\\\/monta.com\\\/es\\\/partner-services\\\/white-label-solutions\\\/\",\"alt\":\"Tres pantallas de interfaz en diferentes colores: negro, azul y burdeos, destacando la personalizaci\\u00f3n con \\u0022TU LOGOTIPO\\u0022.\",\"author\":\"35\",\"description\":\"\",\"caption\":\"\",\"name\":\"white-label-solutions\",\"status\":\"inherit\",\"uploaded_to\":3170,\"date\":\"2025-09-02 08:31:26\",\"modified\":\"2025-10-24 11:21:44\",\"menu_order\":0,\"mime_type\":\"image\\\/png\",\"type\":\"image\",\"subtype\":\"png\",\"icon\":\"https:\\\/\\\/monta.com\\\/es\\\/wp-includes\\\/images\\\/media\\\/default.png\",\"width\":2361,\"height\":1801,\"sizes\":{\"thumbnail\":\"https:\\\/\\\/monta.com\\\/app\\\/uploads\\\/sites\\\/22\\\/2025\\\/09\\\/White-label-solutions-150x150.png\",\"thumbnail-width\":150,\"thumbnail-height\":150,\"medium\":\"https:\\\/\\\/monta.com\\\/app\\\/uploads\\\/sites\\\/22\\\/2025\\\/09\\\/White-label-solutions-300x229.png\",\"medium-width\":300,\"medium-height\":229,\"medium_large\":\"https:\\\/\\\/monta.com\\\/app\\\/uploads\\\/sites\\\/22\\\/2025\\\/09\\\/White-label-solutions-768x586.png\",\"medium_large-width\":768,\"medium_large-height\":586,\"large\":\"https:\\\/\\\/monta.com\\\/app\\\/uploads\\\/sites\\\/22\\\/2025\\\/09\\\/White-label-solutions-1024x781.png\",\"large-width\":1024,\"large-height\":781,\"1536x1536\":\"https:\\\/\\\/monta.com\\\/app\\\/uploads\\\/sites\\\/22\\\/2025\\\/09\\\/White-label-solutions-1536x1172.png\",\"1536x1536-width\":1536,\"1536x1536-height\":1172,\"2048x2048\":\"https:\\\/\\\/monta.com\\\/app\\\/uploads\\\/sites\\\/22\\\/2025\\\/09\\\/White-label-solutions-2048x1562.png\",\"2048x2048-width\":2048,\"2048x2048-height\":1562}}},{\"title\":\"Servicios profesionales\",\"description\":\"\\u003Cp\\u003EPiense en los Servicios Profesionales como si fueran sus propios ingenieros dedicados de Monta trabajando en sus proyectos, como si fueran parte de su propio equipo, desde integraciones personalizadas hasta solicitudes de funciones.\\u003C\\\/p\\u003E\\n\\u003Cp\\u003EComo socio valioso, sus comentarios son esenciales para dar forma a nuestra hoja de ruta. Es precisamente por eso que el equipo de Servicios Profesionales le ayudar\\u00e1 a priorizar e implementar funciones que, de otro modo, podr\\u00edan tardar meses en desarrollarse.\\u003C\\\/p\\u003E\\n\",\"image\":{\"ID\":3688,\"id\":3688,\"title\":\"T\\u00edtulo de imagen: Confirmaci\\u00f3n de integraci\\u00f3n personalizada Resumen: Mensaje de \\u00e9xito sobre una integraci\\u00f3n solicitada.\",\"filename\":\"Professional-Services.png\",\"filesize\":542867,\"url\":\"https:\\\/\\\/monta.com\\\/app\\\/uploads\\\/sites\\\/22\\\/2025\\\/09\\\/Professional-Services.png\",\"link\":\"https:\\\/\\\/monta.com\\\/es\\\/partner-services\\\/professional-services\\\/\",\"alt\":\"Fondo negro con un patr\\u00f3n circular de c\\u00edrculos grises y un cuadro central azul con el texto \\u0022\\u00a1Integraci\\u00f3n personalizada solicitada!\\u0022.\",\"author\":\"35\",\"description\":\"\",\"caption\":\"\",\"name\":\"professional-services\",\"status\":\"inherit\",\"uploaded_to\":3170,\"date\":\"2025-09-02 08:31:43\",\"modified\":\"2025-10-24 11:21:40\",\"menu_order\":0,\"mime_type\":\"image\\\/png\",\"type\":\"image\",\"subtype\":\"png\",\"icon\":\"https:\\\/\\\/monta.com\\\/es\\\/wp-includes\\\/images\\\/media\\\/default.png\",\"width\":2361,\"height\":1801,\"sizes\":{\"thumbnail\":\"https:\\\/\\\/monta.com\\\/app\\\/uploads\\\/sites\\\/22\\\/2025\\\/09\\\/Professional-Services-150x150.png\",\"thumbnail-width\":150,\"thumbnail-height\":150,\"medium\":\"https:\\\/\\\/monta.com\\\/app\\\/uploads\\\/sites\\\/22\\\/2025\\\/09\\\/Professional-Services-300x229.png\",\"medium-width\":300,\"medium-height\":229,\"medium_large\":\"https:\\\/\\\/monta.com\\\/app\\\/uploads\\\/sites\\\/22\\\/2025\\\/09\\\/Professional-Services-768x586.png\",\"medium_large-width\":768,\"medium_large-height\":586,\"large\":\"https:\\\/\\\/monta.com\\\/app\\\/uploads\\\/sites\\\/22\\\/2025\\\/09\\\/Professional-Services-1024x781.png\",\"large-width\":1024,\"large-height\":781,\"1536x1536\":\"https:\\\/\\\/monta.com\\\/app\\\/uploads\\\/sites\\\/22\\\/2025\\\/09\\\/Professional-Services-1536x1172.png\",\"1536x1536-width\":1536,\"1536x1536-height\":1172,\"2048x2048\":\"https:\\\/\\\/monta.com\\\/app\\\/uploads\\\/sites\\\/22\\\/2025\\\/09\\\/Professional-Services-2048x1562.png\",\"2048x2048-width\":2048,\"2048x2048-height\":1562}}}]' bg=\"black\"\/>\n<\/section>\n\n<section aria-label=\"Mejora a\u00fan m\u00e1s tus servicios para socios.\" class=\"\">\n        <div class=\"md:grid md:grid-cols-12 mb-12\">\n        <div class=\"col-span-5\">\n             <h2>  Mejora a\u00fan m\u00e1s tus servicios para socios.  <\/h2>         <\/div>\n        <div class=\"rich-text col-start-8 col-span-5 intro\">\n            Haga que su soluci\u00f3n sea a\u00fan m\u00e1s adecuada para su prop\u00f3sito con cualquiera de los siguientes complementos.\n        <\/div>\n    <\/div>\n            <div class=\"md:grid md:grid-cols-2 gap-6\">\n                                    <div class=\"md:grid md:grid-cols-3 mb-6 md:mb-0 gap-6 md:p-10 px-4 -mx-4 md:-mx-0 py-6 h-full bg-grey text-charcoal rounded-xl\">\n                    <div class=\"mb-4 md:mb-0 md:col-span-1 max-w-[30%] md:max-w-full\">\n                        <img decoding=\"async\" src=\"https:\/\/monta.com\/wp-content\/uploads\/2025\/06\/icon_squares-abstract.svg\" alt=\"Almacenamiento y gesti\u00f3n de datos\" class=\"\" \/>\n                    <\/div>\n                    <div class=\"md:col-span-2 flex flex-col\">\n                        <h3 class=\"mb-3 md:mb-8\">Almacenamiento y gesti\u00f3n de datos<\/h3>\n                        <div class=\"mb-3 md:mb-8 flex-1\">\n                            Con Monta Data Warehouse, puede acceder a los datos sin procesar de nuestro sistema y sincronizarlos con su propio almac\u00e9n de datos para enriquecer su panel de control y sus informes.\n                        <\/div>\n                                            <\/div>\n                <\/div>\n            \n                                    <div class=\"md:grid md:grid-cols-3 mb-6 md:mb-0 gap-6 md:p-10 px-4 -mx-4 md:-mx-0 py-6 h-full bg-grey text-charcoal rounded-xl\">\n                    <div class=\"mb-4 md:mb-0 md:col-span-1 max-w-[30%] md:max-w-full\">\n                        <img decoding=\"async\" src=\"https:\/\/monta.com\/wp-content\/uploads\/2025\/06\/icon_square-abstract.svg\" alt=\"Asistencia 24 horas al d\u00eda, 7 d\u00edas a la semana, para usted y sus clientes.\" class=\"\" \/>\n                    <\/div>\n                    <div class=\"md:col-span-2 flex flex-col\">\n                        <h3 class=\"mb-3 md:mb-8\">Asistencia 24 horas al d\u00eda, 7 d\u00edas a la semana, para usted y sus clientes.<\/h3>\n                        <div class=\"mb-3 md:mb-8 flex-1\">\n                            Monta Partner Services ofrece asistencia las 24 horas del d\u00eda, los 7 d\u00edas de la semana, tanto para usted como para sus usuarios finales, lo que garantiza que la ayuda est\u00e9 siempre a solo una llamada o un clic de distancia. Esto le permite centrarse en su actividad principal mientras nosotros le proporcionamos asesoramiento experto.\n                        <\/div>\n                                            <\/div>\n                <\/div>\n            \n            <\/div>\n        \n<\/section>\n\n\n<section aria-label=\" \u00bfListo para crear tu soluci\u00f3n de carga personalizada con los servicios para socios de Monta?\" class=\" md:mx-15 md:px-26 py-10 rounded-section bg-primary-blue md:flex md:items-center md:justify-between\">\n    <h3 class=\"text-random-fade text-white mb-5 md:mb-0 mr-0 md:mr-20\"> \u00bfListo para crear tu soluci\u00f3n de carga personalizada con los servicios para socios de Monta?<\/h3>\n        <div class=\"flex flex-col md:flex-row gap-4 items-stretch\">\n        <a href=\"https:\/\/monta.com\/es\/contacto-ventas\/\"\n            class=\"btn-primary-black whitespace-nowrap flex items-center gap-2 justify-center\">\n            Pide una demo            <div\n    class=\"size-5.5 border-white rounded-full border-2 place-content-center grid\" \n    >\n    <span href=\"#\" class=\"text-sm text-white ml-auto\">\u2192<\/span>\n<\/div>        <\/a>\n            <\/div>\n        <\/section>","protected":false},"excerpt":{"rendered":"","protected":false},"author":35,"featured_media":0,"parent":0,"menu_order":0,"comment_status":"closed","ping_status":"closed","template":"","meta":{"_acf_changed":false,"inline_featured_image":false,"footnotes":""},"class_list":["post-3170","page","type-page","status-publish","hentry"],"acf":null,"_links":{"self":[{"href":"https:\/\/monta.com\/es\/wp-json\/wp\/v2\/pages\/3170","targetHints":{"allow":["GET"]}}],"collection":[{"href":"https:\/\/monta.com\/es\/wp-json\/wp\/v2\/pages"}],"about":[{"href":"https:\/\/monta.com\/es\/wp-json\/wp\/v2\/types\/page"}],"author":[{"embeddable":true,"href":"https:\/\/monta.com\/es\/wp-json\/wp\/v2\/users\/35"}],"replies":[{"embeddable":true,"href":"https:\/\/monta.com\/es\/wp-json\/wp\/v2\/comments?post=3170"}],"version-history":[{"count":12,"href":"https:\/\/monta.com\/es\/wp-json\/wp\/v2\/pages\/3170\/revisions"}],"predecessor-version":[{"id":4029,"href":"https:\/\/monta.com\/es\/wp-json\/wp\/v2\/pages\/3170\/revisions\/4029"}],"wp:attachment":[{"href":"https:\/\/monta.com\/es\/wp-json\/wp\/v2\/media?parent=3170"}],"curies":[{"name":"wp","href":"https:\/\/api.w.org\/{rel}","templated":true}]}}