{"id":3224,"date":"2025-07-09T10:17:22","date_gmt":"2025-07-09T09:17:22","guid":{"rendered":"https:\/\/monta.com\/es\/?page_id=3224"},"modified":"2026-03-02T11:25:38","modified_gmt":"2026-03-02T10:25:38","slug":"solution-provider","status":"publish","type":"page","link":"https:\/\/monta.com\/es\/soluciones\/solution-provider\/","title":{"rendered":"Proveedores de nuestra soluci\u00f3n"},"content":{"rendered":"<section aria-label=\"Ofrecer soluciones completas de recarga para veh\u00edculos el\u00e9ctricos.\" class=\"bg-primary-blue text-white mb-0 rounded-section\" >\n    <div class=\"grid grid-cols-1 md:grid-cols-12 gap-12 items-center\">\n                <div class=\"md:col-span-5\">\n                                                                <h1 class=\"h1 mb-10 \">\n                    Ofrecer soluciones completas de recarga para veh\u00edculos el\u00e9ctricos.                <\/h1>\n                                                <div class=\"md:hidden block mb-10  -mx-4 \">\n                                    <img decoding=\"async\" title=\"Proveedores de soluciones de recarga: estad\u00edsticas y puntos de recarga.\" alt=\"Interfaz de usuario que muestra datos de operaciones de puntos de recarga, con gr\u00e1ficos y tablas en tonos azul y blanco.\" src=\"https:\/\/monta.com\/app\/uploads\/sites\/22\/2025\/09\/Solutionproviders_hero.png\" \/>\n                                                            <\/div>\n                        <div class=\"rich-text \">\n                <p id=\"text_block-159-16517\" class=\"ct-text-block margin-bottom--l text--secondary-dark\">Monta est\u00e1 dise\u00f1ado para empresas que ofrecen soluciones completas de recarga de veh\u00edculos el\u00e9ctricos sin ser propietarias de las instalaciones. Nuestro software le permite vender y gestionar de forma eficiente soluciones para otras empresas, adapt\u00e1ndose perfectamente a diversos casos de uso, modelos de hardware y pa\u00edses. Independientemente del nivel de complejidad, el software de Monta est\u00e1 dise\u00f1ado para ayudarle a alcanzar sus objetivos.<\/p>\n\n            <\/div>\n                                    <a href=\"https:\/\/monta.com\/es\/contacto-ventas\/\" class=\"btn-primary-black mt-8\">\n                Pide una demo            <\/a>\n                                            <\/div>\n                <div class=\"md:col-span-6 md:col-start-7 -mr-4 md:-mr-10 my-0 md:-my-18 justify-items-end hidden md:block\">\n                            <img decoding=\"async\" title=\"Proveedores de soluciones de recarga: estad\u00edsticas y puntos de recarga.\" class=\"mx-auto max-h-200\" alt=\"Interfaz de usuario que muestra datos de operaciones de puntos de recarga, con gr\u00e1ficos y tablas en tonos azul y blanco.\"\n                    src=\"https:\/\/monta.com\/app\/uploads\/sites\/22\/2025\/09\/Solutionproviders_hero.png\" \/>\n                                            <\/div>\n            <\/div>\n<\/section>\n\n\n\n<section aria-label=\"El socio de software preferido por los visionarios del sector\" class=\" bg-white py-8 pt-4\">\n    <div class=\" mx-auto text-center\">\n                <div class=\"text-gray-600 mt-6 mb-3\">El socio de software preferido por los visionarios del sector<\/div>\n        <div class=\"flex flex-wrap justify-center gap-4 md:gap-8 mb-6 items-center max-w-[1054px] m-auto\">\n                            <!-- Logo 1 -->\n                <div class=\"w-[calc(50%-0.5rem)] md:w-[calc(25%-1.5rem)]\">\n                    <img decoding=\"async\" src=\"https:\/\/monta.com\/wp-content\/uploads\/2025\/07\/logo_EVENERGIA-evenergia.png\" title=\"logo_EVENERGIA-evenergia\" alt=\"\" class=\"w-full\" \/>\n                <\/div>\n                                        <!-- Logo 2 -->\n                <div class=\"w-[calc(50%-0.5rem)] md:w-[calc(25%-1.5rem)]\">\n                    <img decoding=\"async\" src=\"https:\/\/monta.com\/wp-content\/uploads\/2025\/07\/img_Plug4Us-black.png\" title=\"img_Plug4Us-black\" alt=\"\" class=\"w-full\" \/>\n                <\/div>\n                                        <!-- Logo 3 -->\n                <div class=\"w-[calc(50%-0.5rem)] md:w-[calc(25%-1.5rem)]\">\n                    <img decoding=\"async\" src=\"https:\/\/monta.com\/wp-content\/uploads\/2025\/07\/img_EMOVILI-black.svg\" title=\"img_EMOVILI-black\" alt=\"\" class=\"w-full\" \/>\n                <\/div>\n                                        <!-- Logo 4 -->\n                <div class=\"w-[calc(50%-0.5rem)] md:w-[calc(25%-1.5rem)]\">\n                    <img decoding=\"async\" src=\"https:\/\/monta.com\/app\/uploads\/sites\/22\/2025\/05\/evus-logo-back.png\" title=\"Logo de EVUS: Innovaci\u00f3n en tecnolog\u00eda automotriz.\" alt=\"Logotipo en negro de la palabra &quot;EVUS&quot; con un dise\u00f1o moderno y estilizado. Fondo transparente.\" class=\"w-full\" \/>\n                <\/div>\n                    <\/div>\n            <\/div>\n<\/section>\n\n\n<section aria-label=\"Software dise\u00f1ado espec\u00edficamente para ayudarle a conseguir clientes y atenderlos de forma eficaz.\" class=\"bg-grey text-black  rounded-section\">\n    <div class=\"\">\n                    <div class=\"pill-label text-primary-blue border-primary-blue mb-10\">Monta Hub<\/div>\n        \n        <div class=\"grid grid-cols-1 md:grid-cols-2 gap-8 md:gap-22 h-full\">\n            <div class=\"flex flex-col  md:sticky md:top-25 md:self-start \">\n                <div>\n                     <h2  class=\"h2 mb-6 md:mb-10 col-end-2\">Software dise\u00f1ado espec\u00edficamente para ayudarle a conseguir clientes y atenderlos de forma eficaz.  <\/h2>                                                             <a href=\"https:\/\/monta.com\/es\/contacto-ventas\/\" class=\"btn-primary-blue mb-8 hidden md:inline-block\">\n                        Pide una demo                    <\/a>\n                                    <\/div>\n                \n            <\/div>\n            \n            \n            <div class=\"h-auto md:pr-6\">\n                                                                                                <div class=\" pb-6 md:pb-8  md:pl-6 md:pr-16 w-full flex flex-row gap-6 md:gap-10 items-start\" style=\" border-bottom: 1px solid; border-image: linear-gradient(to right, rgba(163, 163, 163, 0), rgb(163, 163, 163), rgba(163, 163, 163, 0)) 1; \">\n                                        <div class=\"hidden md:block flex-shrink-0 w-10 h-10\"><\/div>\n                                        <div class=\"flex-1\">\n                                                <h4 class=\"h4  mb-4\">Crear fuentes de ingresos fiables<\/h4>\n\n                                                <div class=\"rich-text paragraph \">\n                            <p>Nuestros servicios de suscripci\u00f3n te permiten facturar f\u00e1cilmente a tus clientes dentro de Monta, mientras que nuestras herramientas avanzadas de fijaci\u00f3n de precios te ayudan a establecer fuentes de ingresos estables para tu negocio.<\/p>\n\n                        <\/div>\n                                                                    <\/div>\n                <\/div>\n                                                <div class=\" py-6 md:py-8  md:pl-6 md:pr-16 w-full flex flex-row gap-6 md:gap-10 items-start\" style=\" border-bottom: 1px solid; border-image: linear-gradient(to right, rgba(163, 163, 163, 0), rgb(163, 163, 163), rgba(163, 163, 163, 0)) 1; \">\n                                        <div class=\"hidden md:block flex-shrink-0 w-10 h-10\"><\/div>\n                                        <div class=\"flex-1\">\n                                                <h4 class=\"h4  mb-4\">Integraci\u00f3n con los sistemas y herramientas existentes<\/h4>\n\n                                                <div class=\"rich-text paragraph \">\n                            <p>Con la API para socios de Monta, puede integrar sus soluciones para veh\u00edculos el\u00e9ctricos en los sistemas existentes, simplificando las operaciones y a\u00f1adiendo valor para sus clientes a trav\u00e9s de una configuraci\u00f3n \u00fanica y centralizada.<\/p>\n\n                        <\/div>\n                                                                    <\/div>\n                <\/div>\n                                                <div class=\" py-6 md:py-8  md:pl-6 md:pr-16 w-full flex flex-row gap-6 md:gap-10 items-start\" style=\" border-bottom: 1px solid; border-image: linear-gradient(to right, rgba(163, 163, 163, 0), rgb(163, 163, 163), rgba(163, 163, 163, 0)) 1; \">\n                                        <div class=\"hidden md:block flex-shrink-0 w-10 h-10\"><\/div>\n                                        <div class=\"flex-1\">\n                                                <h4 class=\"h4  mb-4\">Optimice la instalaci\u00f3n con marcas de hardware de confianza.<\/h4>\n\n                                                <div class=\"rich-text paragraph \">\n                            <p>Monta se asocia con marcas l\u00edderes de hardware para una integraci\u00f3n perfecta, mientras que nuestro CPMS Monta Hub le permite conectar el hardware de forma individual o en bloque. Para sitios remotos o con limitaciones de red, equipar los puntos de recarga con tarjetas SIM solo para datos es clave para garantizar que permanezcan conectados. Consulte nuestra gu\u00eda de mejores pr\u00e1cticas de conectividad.<\/p>\n\n                        <\/div>\n                                                                    <\/div>\n                <\/div>\n                                                <div class=\" py-6 md:py-8  md:pl-6 md:pr-16 w-full flex flex-row gap-6 md:gap-10 items-start\" style=\"\">\n                                        <div class=\"hidden md:block flex-shrink-0 w-10 h-10\"><\/div>\n                                        <div class=\"flex-1\">\n                                                <h4 class=\"h4  mb-4\">Ofrece soluciones con la imagen y el estilo de tu marca.<\/h4>\n\n                                                <div class=\"rich-text paragraph \">\n                            <p>Cree una experiencia de recarga de veh\u00edculos el\u00e9ctricos que resulte \u00fanica para sus clientes mediante la personalizaci\u00f3n tem\u00e1tica, el etiquetado blanco o incluso la creaci\u00f3n de una soluci\u00f3n personalizada en estrecha colaboraci\u00f3n con los servicios para socios de Monta, sin la carga que supone el mantenimiento del software, que ralentiza su trabajo.<\/p>\n\n                        <\/div>\n                                                                    <\/div>\n                <\/div>\n                \n            <\/div>\n                        <a href=\"https:\/\/monta.com\/es\/contacto-ventas\/\" class=\"btn-primary-blue md:hidden block\">\n                Pide una demo            <\/a>\n                    <\/div>\n    <\/div>\n\n<\/section>\n\n<section aria-label=\"El socio de software n\u00famero uno para proveedores de servicios completos de recarga de veh\u00edculos el\u00e9ctricos.\" class=\"bg-transparent text-charcoal  rounded-section\" >\n    <div class=\"grid grid-cols-1 md:grid-cols-12 gap-12 items-center\">\n                <div class=\"md:col-span-5\">\n                                                                <h2 class=\"h2 mb-10 \">\n                    El socio de software n\u00famero uno para proveedores de servicios completos de recarga de veh\u00edculos el\u00e9ctricos.                <\/h2>\n                                                <div class=\"md:hidden block mb-10 \">\n                                    <img decoding=\"async\" title=\"T\u00edtulo de imagen: Configuraci\u00f3n de estaci\u00f3n de carga para soluciones energ\u00e9ticas.\" alt=\"Se muestra una interfaz en azul con un bot\u00f3n que dice &quot;A\u00f1adir nueva estaci\u00f3n de carga&quot; y opciones de configuraci\u00f3n manual.\" src=\"https:\/\/monta.com\/app\/uploads\/sites\/22\/2025\/09\/Card.png\" \/>\n                                                            <\/div>\n                        <div class=\"rich-text \">\n                <p>Monta es la opci\u00f3n preferida por los proveedores de servicios completos de recarga de veh\u00edculos el\u00e9ctricos, ya que ofrece soluciones de software perfeccionadas que encantan a nuestros clientes.<\/p>\n<p>Tanto si decide crear una soluci\u00f3n personalizada en colaboraci\u00f3n con nosotros como si prefiere una opci\u00f3n lista para usar, nuestro software le permite ofrecer a sus clientes soluciones vers\u00e1tiles y rentables que se integran a la perfecci\u00f3n con los sistemas y las asociaciones existentes.<\/p>\n<p>Con Monta, tendr\u00e1 un control total sobre las m\u00faltiples capas de su negocio, gracias a funciones como an\u00e1lisis detallados, reembolsos a domicilio para empleados y nuestro robusto m\u00f3dulo de flotas. Sea cual sea su configuraci\u00f3n, nuestra plataforma todo en uno le ofrece la soluci\u00f3n perfecta para satisfacer sus necesidades.<\/p>\n\n            <\/div>\n                                    <a href=\"https:\/\/monta.com\/es\/contacto-ventas\/\" class=\"btn-primary-blue mt-8\">\n                Pide una demo            <\/a>\n                                            <\/div>\n                <div class=\"md:col-span-6 md:col-start-7 justify-items-end hidden md:block\">\n                            <img decoding=\"async\" title=\"T\u00edtulo de imagen: Configuraci\u00f3n de estaci\u00f3n de carga para soluciones energ\u00e9ticas.\" class=\"mx-auto max-h-200\" alt=\"Se muestra una interfaz en azul con un bot\u00f3n que dice \"A\u00f1adir nueva estaci\u00f3n de carga\" y opciones de configuraci\u00f3n manual.\"\n                    src=\"https:\/\/monta.com\/app\/uploads\/sites\/22\/2025\/09\/Card.png\" \/>\n                                            <\/div>\n            <\/div>\n<\/section>\n\n\n\n<section aria-label=\"Dise\u00f1ado para adaptarse al crecimiento de su negocio.\" class=\"p-0 \">\n    <div class=\"md:grid md:grid-cols-12 px-4 md:px-10 md:pb-56 pb-18 md:-mb-27 -mb-12 md:pt-17 pt-6 bg-black text-white rounded-section\">\n        \n         <h2  class=\"mb-4 md:mb-0 md:col-span-5\">Dise\u00f1ado para adaptarse al crecimiento de su negocio. <\/h2>                     <div class=\"rich-text intro mb-4 md:md-0 md:col-start-7 md:col-span-6\">\n                <p>Ya sea que desee ofrecer soluciones integrales de veh\u00edculos el\u00e9ctricos a sus clientes o crear una experiencia personalizada con la imagen y el estilo de su marca, Monta est\u00e1 aqu\u00ed para ayudarle a centrarse en el crecimiento de su negocio y la satisfacci\u00f3n de los conductores.<\/p>\n\n            <\/div>\n            <\/div>\n    \n    <accordion data-items='[{\"title\":\"Monta Hub\",\"description\":\"\\u003Cp\\u003ENuestro CPMS, Monta Hub, es una plataforma unificada dise\\u00f1ada para optimizar las operaciones, reducir los costes e impulsar nuevas fuentes de ingresos, al tiempo que favorece la expansi\\u00f3n del mercado.\\u003C\\\/p\\u003E\\n\\u003Cp\\u003EMonta Hub le permite gestionar f\\u00e1cilmente todos sus puntos de recarga. Adem\\u00e1s, con la funci\\u00f3n Equipos, puede invitar a sus clientes a gestionar de forma independiente sus redes, lo que fomenta la colaboraci\\u00f3n y la eficiencia.\\u003C\\\/p\\u003E\\n\",\"image\":{\"ID\":3708,\"id\":3708,\"title\":\"\\u0022Gesti\\u00f3n eficiente de estaciones de carga y soporte experto\\u0022\",\"filename\":\"Monta-Hub.png\",\"filesize\":1128159,\"url\":\"https:\\\/\\\/monta.com\\\/app\\\/uploads\\\/sites\\\/22\\\/2025\\\/09\\\/Monta-Hub.png\",\"link\":\"https:\\\/\\\/monta.com\\\/es\\\/soluciones\\\/solution-provider\\\/monta-hub-4\\\/\",\"alt\":\"Pantalla de interfaz con un marco azul, mostrando tres puntos destacados: \\u0022Gestionar estaciones de carga\\u0022, \\u0022Simplifica las operaciones\\u0022 y \\u0022Soporte continuo de expertos\\u0022.\",\"author\":\"35\",\"description\":\"\",\"caption\":\"\",\"name\":\"monta-hub-4\",\"status\":\"inherit\",\"uploaded_to\":3224,\"date\":\"2025-09-02 08:46:21\",\"modified\":\"2025-10-24 11:20:10\",\"menu_order\":0,\"mime_type\":\"image\\\/png\",\"type\":\"image\",\"subtype\":\"png\",\"icon\":\"https:\\\/\\\/monta.com\\\/es\\\/wp-includes\\\/images\\\/media\\\/default.png\",\"width\":2360,\"height\":1800,\"sizes\":{\"thumbnail\":\"https:\\\/\\\/monta.com\\\/app\\\/uploads\\\/sites\\\/22\\\/2025\\\/09\\\/Monta-Hub-150x150.png\",\"thumbnail-width\":150,\"thumbnail-height\":150,\"medium\":\"https:\\\/\\\/monta.com\\\/app\\\/uploads\\\/sites\\\/22\\\/2025\\\/09\\\/Monta-Hub-300x229.png\",\"medium-width\":300,\"medium-height\":229,\"medium_large\":\"https:\\\/\\\/monta.com\\\/app\\\/uploads\\\/sites\\\/22\\\/2025\\\/09\\\/Monta-Hub-768x586.png\",\"medium_large-width\":768,\"medium_large-height\":586,\"large\":\"https:\\\/\\\/monta.com\\\/app\\\/uploads\\\/sites\\\/22\\\/2025\\\/09\\\/Monta-Hub-1024x781.png\",\"large-width\":1024,\"large-height\":781,\"1536x1536\":\"https:\\\/\\\/monta.com\\\/app\\\/uploads\\\/sites\\\/22\\\/2025\\\/09\\\/Monta-Hub-1536x1172.png\",\"1536x1536-width\":1536,\"1536x1536-height\":1172,\"2048x2048\":\"https:\\\/\\\/monta.com\\\/app\\\/uploads\\\/sites\\\/22\\\/2025\\\/09\\\/Monta-Hub-2048x1562.png\",\"2048x2048-width\":2048,\"2048x2048-height\":1562}}},{\"title\":\"Partner Services\",\"description\":\"\\u003Cp\\u003EA la hora de elegir un software, los operadores m\\u00e1s emprendedores se enfrentan a una decisi\\u00f3n crucial: crear una soluci\\u00f3n de recarga de veh\\u00edculos el\\u00e9ctricos desde cero o comprar una opci\\u00f3n ya existente.\\u003C\\\/p\\u003E\\n\\u003Cp\\u003EMonta Partner Services ofrece lo mejor de ambos mundos, permiti\\u00e9ndole crear una soluci\\u00f3n personalizada con nuestro completo paquete (que incluye nuestra API para socios, asistencia para la migraci\\u00f3n, soluciones de marca blanca, equilibrio de carga avanzado y mucho m\\u00e1s).\\u003C\\\/p\\u003E\\n\",\"image\":{\"ID\":3709,\"id\":3709,\"title\":\"Plantillas de dise\\u00f1o personalizado para proveedores de soluciones\",\"filename\":\"Partner-Services.png\",\"filesize\":1293562,\"url\":\"https:\\\/\\\/monta.com\\\/app\\\/uploads\\\/sites\\\/22\\\/2025\\\/09\\\/Partner-Services.png\",\"link\":\"https:\\\/\\\/monta.com\\\/es\\\/soluciones\\\/solution-provider\\\/partner-services-2\\\/\",\"alt\":\"Tres pantallas de interfaz en diferentes colores: negro, azul y burdeos, cada una con un dise\\u00f1o de contenido similar y marcado para logotipos.\",\"author\":\"35\",\"description\":\"\",\"caption\":\"\",\"name\":\"partner-services-2\",\"status\":\"inherit\",\"uploaded_to\":3224,\"date\":\"2025-09-02 08:46:38\",\"modified\":\"2025-10-24 11:20:05\",\"menu_order\":0,\"mime_type\":\"image\\\/png\",\"type\":\"image\",\"subtype\":\"png\",\"icon\":\"https:\\\/\\\/monta.com\\\/es\\\/wp-includes\\\/images\\\/media\\\/default.png\",\"width\":2360,\"height\":1800,\"sizes\":{\"thumbnail\":\"https:\\\/\\\/monta.com\\\/app\\\/uploads\\\/sites\\\/22\\\/2025\\\/09\\\/Partner-Services-150x150.png\",\"thumbnail-width\":150,\"thumbnail-height\":150,\"medium\":\"https:\\\/\\\/monta.com\\\/app\\\/uploads\\\/sites\\\/22\\\/2025\\\/09\\\/Partner-Services-300x229.png\",\"medium-width\":300,\"medium-height\":229,\"medium_large\":\"https:\\\/\\\/monta.com\\\/app\\\/uploads\\\/sites\\\/22\\\/2025\\\/09\\\/Partner-Services-768x586.png\",\"medium_large-width\":768,\"medium_large-height\":586,\"large\":\"https:\\\/\\\/monta.com\\\/app\\\/uploads\\\/sites\\\/22\\\/2025\\\/09\\\/Partner-Services-1024x781.png\",\"large-width\":1024,\"large-height\":781,\"1536x1536\":\"https:\\\/\\\/monta.com\\\/app\\\/uploads\\\/sites\\\/22\\\/2025\\\/09\\\/Partner-Services-1536x1172.png\",\"1536x1536-width\":1536,\"1536x1536-height\":1172,\"2048x2048\":\"https:\\\/\\\/monta.com\\\/app\\\/uploads\\\/sites\\\/22\\\/2025\\\/09\\\/Partner-Services-2048x1562.png\",\"2048x2048-width\":2048,\"2048x2048-height\":1562}}}]' bg=\"black\"\/>\n<\/section>\n\n<section aria-label=\"Monta te permite...\" class=\"\">\n    <div class=\"md:grid md:grid-cols-12\">\n        <div class=\"md:col-span-5 md:grid mb-8 md:mb-0\">\n             <h2  class=\"mb-8\">Monta te permite&#8230;  <\/h2>             <div class=\"mb-8 intro md:hidden block rich-text\"><p>&nbsp;<\/p>\n<ul>\n<li>Venda soluciones de recarga integrales.<\/li>\n<li>Colabore con fabricantes de hardware y empresas de servicios p\u00fablicos.<\/li>\n<li>Satisfaga las necesidades cambiantes del mercado y de los clientes.<\/li>\n<li>Gestione el ciclo de vida de las soluciones de recarga de sus clientes.<\/li>\n<li>Garantice asociaciones a largo plazo con los propietarios de los emplazamientos.<\/li>\n<li>Exp\u00e1ndase a nuevos mercados.<\/li>\n<\/ul>\n<\/div>\n            <img decoding=\"async\" class=\"md:self-end md:mx-0 mx-auto md:w-auto max-w-2\/3\" src=\"https:\/\/monta.com\/wp-content\/uploads\/2025\/07\/icon_Monta_Illu_13_Lightblue.png\" title=\"icon_Monta_Illu_13_Lightblue\" alt=\"\" \/>\n        <\/div>\n        <div class=\"md:col-start-7 md:col-span-6\">\n            <div class=\"mb-17 intro hidden md:block rich-text\"><p>&nbsp;<\/p>\n<ul>\n<li>Venda soluciones de recarga integrales.<\/li>\n<li>Colabore con fabricantes de hardware y empresas de servicios p\u00fablicos.<\/li>\n<li>Satisfaga las necesidades cambiantes del mercado y de los clientes.<\/li>\n<li>Gestione el ciclo de vida de las soluciones de recarga de sus clientes.<\/li>\n<li>Garantice asociaciones a largo plazo con los propietarios de los emplazamientos.<\/li>\n<li>Exp\u00e1ndase a nuevos mercados.<\/li>\n<\/ul>\n<\/div>\n                    <\/div>\n    <\/div>\n<\/section>\n\n<section aria-label=\"\u00bfListo para ofrecer soluciones de recarga con servicio completo a tus clientes?\" class=\" md:mx-15 md:px-26 py-10 rounded-section bg-primary-blue md:flex md:items-center md:justify-between\">\n    <h3 class=\"text-random-fade text-white mb-5 md:mb-0 mr-0 md:mr-20\">\u00bfListo para ofrecer soluciones de recarga con servicio completo a tus clientes?<\/h3>\n        <div class=\"flex flex-col md:flex-row gap-4 items-stretch\">\n        <a href=\"https:\/\/monta.com\/es\/contacto-ventas\/\"\n            class=\"btn-primary-black whitespace-nowrap flex items-center gap-2 justify-center\">\n            Pide una demo            <div\n    class=\"size-5.5 border-white rounded-full border-2 place-content-center grid\" \n    >\n    <span href=\"#\" class=\"text-sm text-white ml-auto\">\u2192<\/span>\n<\/div>        <\/a>\n            <\/div>\n        <\/section>","protected":false},"excerpt":{"rendered":"","protected":false},"author":35,"featured_media":0,"parent":1638,"menu_order":0,"comment_status":"closed","ping_status":"closed","template":"","meta":{"_acf_changed":false,"inline_featured_image":false,"footnotes":""},"class_list":["post-3224","page","type-page","status-publish","hentry"],"acf":null,"_links":{"self":[{"href":"https:\/\/monta.com\/es\/wp-json\/wp\/v2\/pages\/3224","targetHints":{"allow":["GET"]}}],"collection":[{"href":"https:\/\/monta.com\/es\/wp-json\/wp\/v2\/pages"}],"about":[{"href":"https:\/\/monta.com\/es\/wp-json\/wp\/v2\/types\/page"}],"author":[{"embeddable":true,"href":"https:\/\/monta.com\/es\/wp-json\/wp\/v2\/users\/35"}],"replies":[{"embeddable":true,"href":"https:\/\/monta.com\/es\/wp-json\/wp\/v2\/comments?post=3224"}],"version-history":[{"count":16,"href":"https:\/\/monta.com\/es\/wp-json\/wp\/v2\/pages\/3224\/revisions"}],"predecessor-version":[{"id":4032,"href":"https:\/\/monta.com\/es\/wp-json\/wp\/v2\/pages\/3224\/revisions\/4032"}],"up":[{"embeddable":true,"href":"https:\/\/monta.com\/es\/wp-json\/wp\/v2\/pages\/1638"}],"wp:attachment":[{"href":"https:\/\/monta.com\/es\/wp-json\/wp\/v2\/media?parent=3224"}],"curies":[{"name":"wp","href":"https:\/\/api.w.org\/{rel}","templated":true}]}}