{"id":3787,"date":"2025-10-08T14:25:55","date_gmt":"2025-10-08T13:25:55","guid":{"rendered":"https:\/\/monta.com\/es\/?page_id=3787"},"modified":"2025-10-08T20:33:41","modified_gmt":"2025-10-08T19:33:41","slug":"que-hay-de-nuevo-en-monta","status":"publish","type":"page","link":"https:\/\/monta.com\/es\/que-hay-de-nuevo-en-monta\/","title":{"rendered":"\u00bfQu\u00e9 hay de nuevo en Monta?"},"content":{"rendered":"<section aria-label=\"\u00bfQu\u00e9 hay de nuevo en Monta?\" class=\"bg-transparent text-charcoal  rounded-section\">\n    <div class=\"max-w-4xl mx-auto text-center\">\n                <div class=\"pill-label mb-8 \">\n            Recursos de Monta        <\/div>\n                                    <h1 class=\"h1 mb-10\">\n                \u00bfQu\u00e9 hay de nuevo en Monta?            <\/h1>\n                                <div class=\"text-lg mb-10 \">\n            <p class=\"intro\">Descubra las \u00faltimas actualizaciones de productos de Monta, dise\u00f1adas para facilitar el trabajo de los operadores, con resoluci\u00f3n de problemas m\u00e1s r\u00e1pida, procesos optimizados, cumplimiento mejorado y nuevas oportunidades de ingresos.<\/p>\n        <\/div>\n                    <\/div>\n<\/section>\n\n<section aria-label=\"Lanzamientos para el tercer trimestre\" class=\"bg-grey text-black  rounded-section\" >\n    <div class=\"grid grid-cols-1 md:grid-cols-12 gap-12 items-center\">\n                <div class=\"md:col-span-6 hidden md:block\">\n                            <img decoding=\"async\" title=\"Newsletter_Image (1)\" alt=\"\" class=\"mx-auto max-h-144\"\n                    src=\"https:\/\/monta.com\/wp-content\/uploads\/2025\/10\/Newsletter_Image-1.png\" \/>\n                                            <\/div>\n                <div class=\"md:col-span-5 md:col-start-8\">\n                                                                <h2 class=\"h2 mb-10 \">\n                    Lanzamientos para el tercer trimestre                <\/h2>\n                                                <div class=\"md:hidden block mb-10 \">\n                                    <img decoding=\"async\" title=\"Newsletter_Image (1)\" alt=\"\" src=\"https:\/\/monta.com\/wp-content\/uploads\/2025\/10\/Newsletter_Image-1.png\" \/>\n                                                            <\/div>\n                        <div class=\"rich-text \">\n                <ul>\n<li>Agente NOC<\/li>\n<li>B\u00fasqueda central<\/li>\n<li>Presentaci\u00f3n en red<\/li>\n<li>Data pipelines<\/li>\n<li>Planes de subcuenta<\/li>\n<li>Vista de la flota<\/li>\n<\/ul>\n\n            <\/div>\n                                    <a href=\"https:\/\/monta.com\/es\/q3-2025-releases\/\" class=\"btn-primary-blue mt-8\">\n                M\u00e1s informaci\u00f3n            <\/a>\n                                            <\/div>\n            <\/div>\n<\/section>\n\n\n\n<section aria-label=\"Mant\u00e9ngase al d\u00eda con los \u00faltimos cambios en los productos\" class=\" md:mx-15 md:px-26 py-10 rounded-section bg-primary-blue md:flex md:items-center md:justify-between\">\n    <h3 class=\" text-white mb-5 md:mb-0 mr-0 md:mr-20\">Mant\u00e9ngase al d\u00eda con los \u00faltimos cambios en los productos<\/h3>\n        <div class=\"flex flex-col md:flex-row gap-4 items-stretch\">\n        <a href=\"https:\/\/changelog.monta.com\/en\"\n            class=\"btn-primary-black whitespace-nowrap flex items-center gap-2 justify-center\">\n            Ver Changelog            <div\n    class=\"size-5.5 border-white rounded-full border-2 place-content-center grid\" \n    >\n    <span href=\"#\" class=\"text-sm text-white ml-auto\">\u2192<\/span>\n<\/div>        <\/a>\n            <\/div>\n        <\/section>","protected":false},"excerpt":{"rendered":"","protected":false},"author":35,"featured_media":0,"parent":0,"menu_order":0,"comment_status":"closed","ping_status":"closed","template":"","meta":{"_acf_changed":false,"inline_featured_image":false,"footnotes":""},"class_list":["post-3787","page","type-page","status-publish","hentry"],"acf":[],"_links":{"self":[{"href":"https:\/\/monta.com\/es\/wp-json\/wp\/v2\/pages\/3787","targetHints":{"allow":["GET"]}}],"collection":[{"href":"https:\/\/monta.com\/es\/wp-json\/wp\/v2\/pages"}],"about":[{"href":"https:\/\/monta.com\/es\/wp-json\/wp\/v2\/types\/page"}],"author":[{"embeddable":true,"href":"https:\/\/monta.com\/es\/wp-json\/wp\/v2\/users\/35"}],"replies":[{"embeddable":true,"href":"https:\/\/monta.com\/es\/wp-json\/wp\/v2\/comments?post=3787"}],"version-history":[{"count":7,"href":"https:\/\/monta.com\/es\/wp-json\/wp\/v2\/pages\/3787\/revisions"}],"predecessor-version":[{"id":3796,"href":"https:\/\/monta.com\/es\/wp-json\/wp\/v2\/pages\/3787\/revisions\/3796"}],"wp:attachment":[{"href":"https:\/\/monta.com\/es\/wp-json\/wp\/v2\/media?parent=3787"}],"curies":[{"name":"wp","href":"https:\/\/api.w.org\/{rel}","templated":true}]}}