{"id":1420,"date":"2022-11-20T20:08:20","date_gmt":"2022-11-20T19:08:20","guid":{"rendered":"https:\/\/monta.com\/fr\/?page_id=1420"},"modified":"2026-03-09T11:36:03","modified_gmt":"2026-03-09T10:36:03","slug":"case-studies","status":"publish","type":"page","link":"https:\/\/monta.com\/fr\/case-studies\/","title":{"rendered":"Case studies"},"content":{"rendered":"<section aria-label=\"Etude de cas\" class=\"bg-transparent text-charcoal mb-0 rounded-section\" >\n    <div class=\"grid grid-cols-1 md:grid-cols-12 gap-12 items-center\">\n                <div class=\"md:col-span-5\">\n                                                                <h1 class=\"h1 mb-10 \">\n                    Etude de cas                <\/h1>\n                                                <div class=\"md:hidden block mb-10 \">\n                                    <img decoding=\"async\" title=\"icon_circle-abstract-1\" alt=\"\" src=\"https:\/\/monta.com\/wp-content\/uploads\/2025\/06\/icon_circle-abstract-1.svg\" \/>\n                                                            <\/div>\n                        <div class=\"rich-text \">\n                <p>Monta permet aux entreprises du monde entier de b\u00e9n\u00e9ficier de solutions de recharge de v\u00e9hicules \u00e9lectriques transparentes, \u00e9volutives et innovantes, simplifiant l&#8217;infrastructure pour les op\u00e9rateurs de points de charge, les fournisseurs de solutions et les fabricants de bornes.<\/p>\n\n            <\/div>\n                                                        <\/div>\n                <div class=\"md:col-span-6 md:col-start-7 justify-items-end hidden md:block\">\n                            <img decoding=\"async\" title=\"icon_circle-abstract-1\" class=\"mx-auto max-h-144\" alt=\"\"\n                    src=\"https:\/\/monta.com\/wp-content\/uploads\/2025\/06\/icon_circle-abstract-1.svg\" \/>\n                                            <\/div>\n            <\/div>\n<\/section>\n\n\n\n<section aria-label=\"Reconnu par plus de 1 000 op\u00e9rateurs \u00e0 travers le monde\" class=\" bg-white py-8 pt-4\">\n    <div class=\" mx-auto text-center\">\n                <div class=\"text-gray-600 mt-6 mb-3\">Reconnu par plus de 1 000 op\u00e9rateurs \u00e0 travers le monde<\/div>\n        <div class=\"flex flex-wrap justify-center gap-4 md:gap-8 mb-6 items-center max-w-[1054px] m-auto\">\n                            <!-- Logo 1 -->\n                <div class=\"w-[calc(50%-0.5rem)] md:w-[calc(25%-1.5rem)]\">\n                    <img decoding=\"async\" src=\"https:\/\/monta.com\/app\/uploads\/sites\/21\/2025\/10\/logo_dream-energy-fr.png\" title=\"Titre de l&#039;image : Logo de logiciel de supervision de bornes de recharge R\u00e9sum\u00e9 de l&#039;image : Logo innovant pour la gestion de bornes de recharge.\" alt=\"Logo de Dream Energy : cercles entrelac\u00e9s vert et bleu repr\u00e9sentant l&#039;innovation dans les solutions de recharge \u00e9lectrique.\" class=\"w-full\" \/>\n                <\/div>\n                                        <!-- Logo 2 -->\n                <div class=\"w-[calc(50%-0.5rem)] md:w-[calc(25%-1.5rem)]\">\n                    <img decoding=\"async\" src=\"https:\/\/monta.com\/app\/uploads\/sites\/21\/2025\/07\/logo_Ozecar_black.png\" title=\"Ozecar : Logiciel de gestion pour bornes de recharge \u00e9lectrique.\" alt=\"Logo d&#039;Ozecar en noir, stylis\u00e9 avec une ic\u00f4ne \u00e9voquant une voiture \u00e9lectrique et un design moderne, associ\u00e9 au texte &quot;Ozecar&quot;.\" class=\"w-full\" \/>\n                <\/div>\n                                        <!-- Logo 3 -->\n                <div class=\"w-[calc(50%-0.5rem)] md:w-[calc(25%-1.5rem)]\">\n                    <img decoding=\"async\" src=\"https:\/\/monta.com\/app\/uploads\/sites\/21\/2025\/07\/logo_Schneider-black.svg\" title=\"logo_Schneider-black\" alt=\"logo Schneider black\" class=\"w-full\" \/>\n                <\/div>\n                                        <!-- Logo 4 -->\n                <div class=\"w-[calc(50%-0.5rem)] md:w-[calc(25%-1.5rem)]\">\n                    <img decoding=\"async\" src=\"https:\/\/monta.com\/app\/uploads\/sites\/21\/2025\/08\/logo_geeve-2.png\" title=\"Titre de l&#039;image : Logo de Geeve - Logiciel de supervision de bornes de recharge R\u00e9sum\u00e9 de l&#039;image : Logo de Geeve, logiciel pour la gestion des bornes de recharge.\" alt=\"Logo de Geeve, texte en lettres minuscules noires sur fond transparent, repr\u00e9sentant une entreprise de solutions de recharge.\" class=\"w-full\" \/>\n                <\/div>\n                    <\/div>\n            <\/div>\n<\/section>\n\n\n<section aria-label=\"D\u00e9couvrez comment des milliers d\u2019entreprises utilisent Monta pour leurs op\u00e9rations de recharge\" class=\"\">\n            <div class=\"grid grid-cols-1 md:grid-cols-2 md:gap-22 mb-14\">\n            <div>\n                                     <h2>                         D\u00e9couvrez comment des milliers d\u2019entreprises utilisent Monta pour leurs op\u00e9rations de recharge\n                     <\/h2>                             <\/div>\n                    <\/div>\n    \n    <post-grid\n        data-post-types='[\"case-studies\"]'\n        data-taxonomies='[{\"slug\":\"post_tag\",\"restBase\":\"tags\",\"label\":\"Etude de cas\",\"customTerms\":[{\"id\":284,\"name\":\"Fournisseurs de solutions\"},{\"id\":286,\"name\":\"Propri\\u00e9taire de station\"}]},{\"slug\":\"case_study_country\",\"restBase\":\"case_study_country\",\"label\":\"Pays\"}]'\n        data-per-page=\"6\"\n        data-columns=\"3\"\n        data-api-url=\"https:\/\/monta.com\/fr\/wp-json\/postgrid\/v1\/posts\"\n        data-rest-url=\"https:\/\/monta.com\/fr\/wp-json\/wp\/v2\/\"\n        data-label-type=\"taxonomy\"\n        data-label-source=\"\"\n        data-post-type-labels='{\"case-studies\":\"Case studies\"}'\n        data-enable-post-type-filter=\"false\"\n        data-post-type-filter-label=\"\"\n        locale=\"fr_FR\"\n    ><\/post-grid>\n<\/section>\n\n\n<section  aria-labelledby=\"numberslider-heading-block_eae4ff49fb981086468a7e02088b8a11\"  class=\"text-white bg-primary-blue  rounded-section number-slider !pr-0 md:!pr-10\">\n    <div class=\"\">\n                    <div class=\"grid grid-cols-1 md:grid-cols-12 md:mb-31 mb-10\">\n                 <h2  id=\"numberslider-heading-block_eae4ff49fb981086468a7e02088b8a11\" class=\"h2 md:col-span-6 mb-7 md:mb-0\">Nous aidons nos clients \u00e0 obtenir des r\u00e9sultats tangibles  <\/h2>                 <div class=\"rich-text intro md:col-start-8 md:col-span-5\">\n                    \n                <\/div>\n            <\/div>\n                        <number-slider data-slides='[{\"illustration\":{\"ID\":6327,\"id\":6327,\"title\":\"icon_squares-abstract\",\"filename\":\"icon_squares-abstract.svg\",\"filesize\":0,\"url\":\"https:\\\/\\\/monta.com\\\/wp-content\\\/uploads\\\/2025\\\/06\\\/icon_squares-abstract.svg\",\"link\":\"https:\\\/\\\/monta.com\\\/fr\\\/icon_squares-abstract\\\/\",\"alt\":\"\",\"author\":\"35\",\"description\":\"\",\"caption\":\"\",\"name\":\"icon_squares-abstract\",\"status\":\"inherit\",\"uploaded_to\":0,\"date\":\"2025-07-03 09:45:30\",\"modified\":\"2025-07-03 09:45:30\",\"menu_order\":0,\"mime_type\":\"image\\\/svg+xml\",\"type\":\"image\",\"subtype\":\"svg+xml\",\"icon\":\"https:\\\/\\\/monta.com\\\/fr\\\/wp-includes\\\/images\\\/media\\\/default.png\",\"width\":97,\"height\":112,\"sizes\":{\"thumbnail\":\"https:\\\/\\\/monta.com\\\/wp-content\\\/uploads\\\/2025\\\/06\\\/icon_squares-abstract.svg\",\"thumbnail-width\":130,\"thumbnail-height\":150,\"medium\":\"https:\\\/\\\/monta.com\\\/wp-content\\\/uploads\\\/2025\\\/06\\\/icon_squares-abstract.svg\",\"medium-width\":261,\"medium-height\":300,\"medium_large\":\"https:\\\/\\\/monta.com\\\/wp-content\\\/uploads\\\/2025\\\/06\\\/icon_squares-abstract.svg\",\"medium_large-width\":768,\"medium_large-height\":883,\"large\":\"https:\\\/\\\/monta.com\\\/wp-content\\\/uploads\\\/2025\\\/06\\\/icon_squares-abstract.svg\",\"large-width\":890,\"large-height\":1024,\"1536x1536\":\"https:\\\/\\\/monta.com\\\/wp-content\\\/uploads\\\/2025\\\/06\\\/icon_squares-abstract.svg\",\"1536x1536-width\":97,\"1536x1536-height\":112,\"2048x2048\":\"https:\\\/\\\/monta.com\\\/wp-content\\\/uploads\\\/2025\\\/06\\\/icon_squares-abstract.svg\",\"2048x2048-width\":97,\"2048x2048-height\":112}},\"number\":\"80%\",\"number_label\":\"r\\u00e9duction des co\\u00fbts d\\u0027assistance en haute saison pour OZECAR\",\"number_description\":\"\"},{\"illustration\":{\"ID\":6323,\"id\":6323,\"title\":\"icon_square-abstract\",\"filename\":\"icon_square-abstract.svg\",\"filesize\":0,\"url\":\"https:\\\/\\\/monta.com\\\/wp-content\\\/uploads\\\/2025\\\/06\\\/icon_square-abstract.svg\",\"link\":\"https:\\\/\\\/monta.com\\\/fr\\\/icon_square-abstract\\\/\",\"alt\":\"\",\"author\":\"35\",\"description\":\"\",\"caption\":\"\",\"name\":\"icon_square-abstract\",\"status\":\"inherit\",\"uploaded_to\":0,\"date\":\"2025-07-03 09:43:13\",\"modified\":\"2025-07-03 09:43:13\",\"menu_order\":0,\"mime_type\":\"image\\\/svg+xml\",\"type\":\"image\",\"subtype\":\"svg+xml\",\"icon\":\"https:\\\/\\\/monta.com\\\/fr\\\/wp-includes\\\/images\\\/media\\\/default.png\",\"width\":112,\"height\":113,\"sizes\":{\"thumbnail\":\"https:\\\/\\\/monta.com\\\/wp-content\\\/uploads\\\/2025\\\/06\\\/icon_square-abstract.svg\",\"thumbnail-width\":148,\"thumbnail-height\":150,\"medium\":\"https:\\\/\\\/monta.com\\\/wp-content\\\/uploads\\\/2025\\\/06\\\/icon_square-abstract.svg\",\"medium-width\":297,\"medium-height\":300,\"medium_large\":\"https:\\\/\\\/monta.com\\\/wp-content\\\/uploads\\\/2025\\\/06\\\/icon_square-abstract.svg\",\"medium_large-width\":768,\"medium_large-height\":776,\"large\":\"https:\\\/\\\/monta.com\\\/wp-content\\\/uploads\\\/2025\\\/06\\\/icon_square-abstract.svg\",\"large-width\":1014,\"large-height\":1024,\"1536x1536\":\"https:\\\/\\\/monta.com\\\/wp-content\\\/uploads\\\/2025\\\/06\\\/icon_square-abstract.svg\",\"1536x1536-width\":112,\"1536x1536-height\":113,\"2048x2048\":\"https:\\\/\\\/monta.com\\\/wp-content\\\/uploads\\\/2025\\\/06\\\/icon_square-abstract.svg\",\"2048x2048-width\":112,\"2048x2048-height\":113}},\"number\":\"1,000+\",\"number_label\":\"Chargeurs DC install\\u00e9s en Norv\\u00e8ge pour Uno-X\",\"number_description\":\"\"},{\"illustration\":{\"ID\":6325,\"id\":6325,\"title\":\"icon_sphere-abstract\",\"filename\":\"icon_sphere-abstract.svg\",\"filesize\":0,\"url\":\"https:\\\/\\\/monta.com\\\/wp-content\\\/uploads\\\/2025\\\/06\\\/icon_sphere-abstract.svg\",\"link\":\"https:\\\/\\\/monta.com\\\/fr\\\/icon_sphere-abstract\\\/\",\"alt\":\"\",\"author\":\"35\",\"description\":\"\",\"caption\":\"\",\"name\":\"icon_sphere-abstract\",\"status\":\"inherit\",\"uploaded_to\":0,\"date\":\"2025-07-03 09:44:45\",\"modified\":\"2025-07-03 09:44:45\",\"menu_order\":0,\"mime_type\":\"image\\\/svg+xml\",\"type\":\"image\",\"subtype\":\"svg+xml\",\"icon\":\"https:\\\/\\\/monta.com\\\/fr\\\/wp-includes\\\/images\\\/media\\\/default.png\",\"width\":99,\"height\":100,\"sizes\":{\"thumbnail\":\"https:\\\/\\\/monta.com\\\/wp-content\\\/uploads\\\/2025\\\/06\\\/icon_sphere-abstract.svg\",\"thumbnail-width\":148,\"thumbnail-height\":150,\"medium\":\"https:\\\/\\\/monta.com\\\/wp-content\\\/uploads\\\/2025\\\/06\\\/icon_sphere-abstract.svg\",\"medium-width\":297,\"medium-height\":300,\"medium_large\":\"https:\\\/\\\/monta.com\\\/wp-content\\\/uploads\\\/2025\\\/06\\\/icon_sphere-abstract.svg\",\"medium_large-width\":768,\"medium_large-height\":776,\"large\":\"https:\\\/\\\/monta.com\\\/wp-content\\\/uploads\\\/2025\\\/06\\\/icon_sphere-abstract.svg\",\"large-width\":1014,\"large-height\":1024,\"1536x1536\":\"https:\\\/\\\/monta.com\\\/wp-content\\\/uploads\\\/2025\\\/06\\\/icon_sphere-abstract.svg\",\"1536x1536-width\":99,\"1536x1536-height\":100,\"2048x2048\":\"https:\\\/\\\/monta.com\\\/wp-content\\\/uploads\\\/2025\\\/06\\\/icon_sphere-abstract.svg\",\"2048x2048-width\":99,\"2048x2048-height\":100}},\"number\":\"1350+\",\"number_label\":\"Points de charge install\\u00e9s \\u00e0 l\\u0027a\\u00e9roport de Copenhague\",\"number_description\":\"\"},{\"illustration\":{\"ID\":6457,\"id\":6457,\"title\":\"icon_pattern_abstract\",\"filename\":\"icon_pattern_abstract.svg\",\"filesize\":0,\"url\":\"https:\\\/\\\/monta.com\\\/wp-content\\\/uploads\\\/2025\\\/06\\\/icon_pattern_abstract.svg\",\"link\":\"https:\\\/\\\/monta.com\\\/fr\\\/icon_pattern_abstract\\\/\",\"alt\":\"\",\"author\":\"35\",\"description\":\"\",\"caption\":\"\",\"name\":\"icon_pattern_abstract\",\"status\":\"inherit\",\"uploaded_to\":0,\"date\":\"2025-07-04 11:48:17\",\"modified\":\"2025-07-04 11:48:17\",\"menu_order\":0,\"mime_type\":\"image\\\/svg+xml\",\"type\":\"image\",\"subtype\":\"svg+xml\",\"icon\":\"https:\\\/\\\/monta.com\\\/fr\\\/wp-includes\\\/images\\\/media\\\/default.png\",\"width\":101,\"height\":91,\"sizes\":{\"thumbnail\":\"https:\\\/\\\/monta.com\\\/wp-content\\\/uploads\\\/2025\\\/06\\\/icon_pattern_abstract.svg\",\"thumbnail-width\":150,\"thumbnail-height\":135,\"medium\":\"https:\\\/\\\/monta.com\\\/wp-content\\\/uploads\\\/2025\\\/06\\\/icon_pattern_abstract.svg\",\"medium-width\":300,\"medium-height\":270,\"medium_large\":\"https:\\\/\\\/monta.com\\\/wp-content\\\/uploads\\\/2025\\\/06\\\/icon_pattern_abstract.svg\",\"medium_large-width\":768,\"medium_large-height\":692,\"large\":\"https:\\\/\\\/monta.com\\\/wp-content\\\/uploads\\\/2025\\\/06\\\/icon_pattern_abstract.svg\",\"large-width\":1024,\"large-height\":923,\"1536x1536\":\"https:\\\/\\\/monta.com\\\/wp-content\\\/uploads\\\/2025\\\/06\\\/icon_pattern_abstract.svg\",\"1536x1536-width\":101,\"1536x1536-height\":91,\"2048x2048\":\"https:\\\/\\\/monta.com\\\/wp-content\\\/uploads\\\/2025\\\/06\\\/icon_pattern_abstract.svg\",\"2048x2048-width\":101,\"2048x2048-height\":91}},\"number\":\"14 jours\",\"number_label\":\"migrer enti\\u00e8rement les points de recharge d\\u0027Ampure et d\\u00e9sactiver leur ancien back-end\",\"number_description\":\"\"}]' bg=\"primary-blue\">\n        \n        <\/number-slider>\n    <\/div>\n<\/section>\n\n<section aria-label=\"D\u00e9couvrez comment Monta contribue au succ\u00e8s de vos op\u00e9rations de recharge\" class=\"bg-grey text-black  rounded-section\" >\n    <div class=\"grid grid-cols-1 md:grid-cols-12 gap-12 items-center\">\n                <div class=\"md:col-span-5\">\n                                    <div class=\"pill-label mb-8 \">\n                Rejoignez les plus de 700+ partenaires            <\/div>\n                                                    <h2 class=\"h2 mb-10 \">\n                    D\u00e9couvrez comment Monta contribue au succ\u00e8s de vos op\u00e9rations de recharge                <\/h2>\n                                                <div class=\"md:hidden block mb-10 \">\n                                                    <lottie-player src=\"https:\/\/monta.com\/app\/uploads\/sites\/21\/2025\/08\/HubAnimation_FR.json\" background=\"transparent\" speed=\"1\"\n                        style=\"width: 100%; height: auto; margin-bottom: 24px;\" loop autoplay mode=\"normal\">\n                                            <\/div>\n                        <div class=\"rich-text \">\n                <p>D\u00e9veloppez vos op\u00e9rations de recharge sans effort avec la plateforme intuitive de Monta. Des int\u00e9grations transparentes aux analyses avanc\u00e9es, nous vous aidons \u00e0 simplifier vos op\u00e9rations, \u00e0 r\u00e9duire les temps d&#8217;arr\u00eat et \u00e0 d\u00e9velopper la croissance de votre entreprise.<\/p>\n\n            <\/div>\n                                    <a href=\"https:\/\/monta.com\/fr\/contacter-les-ventes\/\" class=\"btn-primary-blue mt-8\">\n                Contacter les ventes            <\/a>\n                                            <\/div>\n                <div class=\"md:col-span-6 md:col-start-7 justify-items-end hidden md:block\">\n                                        <lottie-player src=\"https:\/\/monta.com\/app\/uploads\/sites\/21\/2025\/08\/HubAnimation_FR.json\" background=\"transparent\" speed=\"1\"\n                    style=\"width: 100%; height: auto\" loop autoplay mode=\"normal\">\n                <\/lottie-player>\n                                <\/div>\n            <\/div>\n<\/section>\n\n","protected":false},"excerpt":{"rendered":"","protected":false},"author":1,"featured_media":0,"parent":0,"menu_order":0,"comment_status":"closed","ping_status":"closed","template":"","meta":{"_acf_changed":false,"inline_featured_image":false,"footnotes":""},"class_list":["post-1420","page","type-page","status-publish","hentry"],"acf":[],"_links":{"self":[{"href":"https:\/\/monta.com\/fr\/wp-json\/wp\/v2\/pages\/1420","targetHints":{"allow":["GET"]}}],"collection":[{"href":"https:\/\/monta.com\/fr\/wp-json\/wp\/v2\/pages"}],"about":[{"href":"https:\/\/monta.com\/fr\/wp-json\/wp\/v2\/types\/page"}],"author":[{"embeddable":true,"href":"https:\/\/monta.com\/fr\/wp-json\/wp\/v2\/users\/1"}],"replies":[{"embeddable":true,"href":"https:\/\/monta.com\/fr\/wp-json\/wp\/v2\/comments?post=1420"}],"version-history":[{"count":22,"href":"https:\/\/monta.com\/fr\/wp-json\/wp\/v2\/pages\/1420\/revisions"}],"predecessor-version":[{"id":7981,"href":"https:\/\/monta.com\/fr\/wp-json\/wp\/v2\/pages\/1420\/revisions\/7981"}],"wp:attachment":[{"href":"https:\/\/monta.com\/fr\/wp-json\/wp\/v2\/media?parent=1420"}],"curies":[{"name":"wp","href":"https:\/\/api.w.org\/{rel}","templated":true}]}}