{"id":1834,"date":"2023-02-21T09:29:21","date_gmt":"2023-02-21T08:29:21","guid":{"rendered":"https:\/\/monta.com\/fr\/?page_id=1834"},"modified":"2026-03-09T11:39:16","modified_gmt":"2026-03-09T10:39:16","slug":"presse","status":"publish","type":"page","link":"https:\/\/monta.com\/fr\/presse\/","title":{"rendered":"Press"},"content":{"rendered":"<section aria-label=\"Presse\" class=\"bg-transparent text-charcoal  rounded-section\" >\n    <div class=\"grid grid-cols-1 md:grid-cols-12 gap-12 items-center\">\n                <div class=\"md:col-span-5\">\n                                    <div class=\"pill-label mb-8 \">\n                Ressources de Monta            <\/div>\n                                                    <h1 class=\"h1 mb-10 \">\n                    Presse                <\/h1>\n                                                <div class=\"md:hidden block mb-10 \">\n                                    <img decoding=\"async\" title=\"icon_circle-abstract-1\" alt=\"\" src=\"https:\/\/monta.com\/wp-content\/uploads\/2025\/06\/icon_circle-abstract-1.svg\" \/>\n                                                            <\/div>\n                        <div class=\"rich-text \">\n                <p>Couverture m\u00e9diatique, annonces, mises \u00e0 jour, communiqu\u00e9s, et tout ce qui se dit sur Monta.<\/p>\n\n            <\/div>\n                                                        <\/div>\n                <div class=\"md:col-span-6 md:col-start-7 justify-items-end hidden md:block\">\n                            <img decoding=\"async\" title=\"icon_circle-abstract-1\" class=\"mx-auto max-h-200\" alt=\"\"\n                    src=\"https:\/\/monta.com\/wp-content\/uploads\/2025\/06\/icon_circle-abstract-1.svg\" \/>\n                                            <\/div>\n            <\/div>\n<\/section>\n\n\n\n<section aria-label=\"Trouvez ce dont vous avez besoin\" class=\"\">\n            <div class=\"grid grid-cols-1 md:grid-cols-2 md:gap-22 mb-14\">\n            <div>\n                                     <h2>                         Trouvez ce dont vous avez besoin\n                     <\/h2>                             <\/div>\n                    <\/div>\n    \n    <post-grid\n        data-post-types='[\"press\"]'\n        data-taxonomies='[{\"slug\":\"press_cat\",\"restBase\":\"press_cat\",\"label\":\"Cat\\u00e9gorie\"}]'\n        data-per-page=\"9\"\n        data-columns=\"3\"\n        data-api-url=\"https:\/\/monta.com\/fr\/wp-json\/postgrid\/v1\/posts\"\n        data-rest-url=\"https:\/\/monta.com\/fr\/wp-json\/wp\/v2\/\"\n        data-label-type=\"taxonomy\"\n        data-label-source=\"\"\n        data-post-type-labels='{\"press\":\"Press\"}'\n        data-enable-post-type-filter=\"false\"\n        data-post-type-filter-label=\"\"\n        locale=\"fr_FR\"\n    ><\/post-grid>\n<\/section>\n\n\n<section aria-label=\"Dossier de presse\" class=\"bg-grey text-black  rounded-section\" >\n    <div class=\"grid grid-cols-1 md:grid-cols-12 gap-12 items-center\">\n                <div class=\"md:col-span-5\">\n                                                                <h2 class=\"h2 mb-10 \">\n                    Dossier de presse                <\/h2>\n                                                <div class=\"md:hidden block mb-10 \">\n                                    <img decoding=\"async\" title=\"icon_lines_abstract\" alt=\"\" src=\"https:\/\/monta.com\/wp-content\/uploads\/2025\/06\/icon_lines_abstract.svg\" \/>\n                                                            <\/div>\n                        <div class=\"rich-text \">\n                <p>Trouvez les ressources essentielles \u00e0 la marque, notamment les logos, la typographie et les directives relatives aux couleurs, afin de maintenir une identit\u00e9 de marque coh\u00e9rente et professionnelle.<\/p>\n\n            <\/div>\n                                    <a href=\"\/en\/monta-brand-guidelines\/\" class=\"btn-primary-blue mt-8\">\n                Brand essentials            <\/a>\n                                            <\/div>\n                <div class=\"md:col-span-6 md:col-start-7 justify-items-end hidden md:block\">\n                            <img decoding=\"async\" title=\"icon_lines_abstract\" class=\"mx-auto max-h-200\" alt=\"\"\n                    src=\"https:\/\/monta.com\/wp-content\/uploads\/2025\/06\/icon_lines_abstract.svg\" \/>\n                                            <\/div>\n            <\/div>\n<\/section>\n\n","protected":false},"excerpt":{"rendered":"","protected":false},"author":35,"featured_media":0,"parent":0,"menu_order":0,"comment_status":"closed","ping_status":"closed","template":"","meta":{"_acf_changed":false,"inline_featured_image":false,"footnotes":""},"class_list":["post-1834","page","type-page","status-publish","hentry"],"acf":null,"_links":{"self":[{"href":"https:\/\/monta.com\/fr\/wp-json\/wp\/v2\/pages\/1834","targetHints":{"allow":["GET"]}}],"collection":[{"href":"https:\/\/monta.com\/fr\/wp-json\/wp\/v2\/pages"}],"about":[{"href":"https:\/\/monta.com\/fr\/wp-json\/wp\/v2\/types\/page"}],"author":[{"embeddable":true,"href":"https:\/\/monta.com\/fr\/wp-json\/wp\/v2\/users\/35"}],"replies":[{"embeddable":true,"href":"https:\/\/monta.com\/fr\/wp-json\/wp\/v2\/comments?post=1834"}],"version-history":[{"count":13,"href":"https:\/\/monta.com\/fr\/wp-json\/wp\/v2\/pages\/1834\/revisions"}],"predecessor-version":[{"id":7987,"href":"https:\/\/monta.com\/fr\/wp-json\/wp\/v2\/pages\/1834\/revisions\/7987"}],"wp:attachment":[{"href":"https:\/\/monta.com\/fr\/wp-json\/wp\/v2\/media?parent=1834"}],"curies":[{"name":"wp","href":"https:\/\/api.w.org\/{rel}","templated":true}]}}