{"id":1837,"date":"2023-02-21T10:02:55","date_gmt":"2023-02-21T09:02:55","guid":{"rendered":"https:\/\/monta.com\/fr\/?page_id=1837"},"modified":"2025-11-06T13:24:21","modified_gmt":"2025-11-06T12:24:21","slug":"bornes-de-recharge-prises-en-charge","status":"publish","type":"page","link":"https:\/\/monta.com\/fr\/bornes-de-recharge-prises-en-charge\/","title":{"rendered":"Bornes de recharge prises en charge"},"content":{"rendered":"<section aria-label=\"Bornes prises en charge par Monta\" class=\"bg-black text-white  rounded-section\" >\n    <div class=\"grid grid-cols-1 md:grid-cols-12 gap-12 items-center\">\n                <div class=\"md:col-span-4\">\n                                                                <h1 class=\"h1 mb-10 \">\n                    Bornes prises en charge par Monta                <\/h1>\n                                                <div class=\"md:hidden block mb-10 \">\n                                    <img decoding=\"async\" title=\"Electric Vehicle Charger Brands Showcase: Schneider, Ampure, Easee, Siemens, Hardy Barth, RolecEV\" alt=\"Grid layout featuring various electric vehicle charge points from brands like Schneider Electric, Ampure, Easee, Siemens, Hardy Barth, and RolecEV, on a dark background.\" src=\"https:\/\/monta.com\/wp-content\/uploads\/2025\/11\/MontaHub_ChargePoints_Mobile.png\" \/>\n                                                            <\/div>\n                        <div class=\"rich-text \">\n                <p>D\u00e9couvrez tout ce que vous devez savoir sur nos mod\u00e8les d\u2019\u00e9quipement pris en charge. Nos scores sont transparents, \u00e9quitables et bas\u00e9s sur des donn\u00e9es. Directement depuis notre plateforme.<\/p>\n\n            <\/div>\n                                    <a href=\"#charger-list\" class=\"btn-primary-blue mt-8\">\n                Explorer les mod\u00e8les            <\/a>\n                                            <\/div>\n                <div class=\"col-start-6 col-span-7 justify-items-end hidden md:block\">\n                            <img decoding=\"async\" title=\"Electric Vehicle Charger Brands Showcase: Schneider, Ampure, Easee, Siemens, Hardy Barth, RolecEV\" class=\"mx-auto max-h-144\" alt=\"Grid layout featuring various electric vehicle charge points from brands like Schneider Electric, Ampure, Easee, Siemens, Hardy Barth, and RolecEV, on a dark background.\"\n                    src=\"https:\/\/monta.com\/wp-content\/uploads\/2025\/11\/MontaHub_ChargePoints_Mobile.png\" \/>\n                                            <\/div>\n            <\/div>\n<\/section>\n\n\n\n<section id=\"charger-list\" aria-label=\"Chargepoint list\" class=\"\">\n    <charger-list locale=\"fr_FR\"><\/charger-list>\n<\/section>\n\n<section aria-label=\"Suivez et am\u00e9liorez les performances de l\u2019\u00e9quipement\" class=\"bg-grey text-black  rounded-section\" >\n    <div class=\"grid grid-cols-1 md:grid-cols-12 gap-12 items-center\">\n                <div class=\"md:col-span-4\">\n                                                                <h2 class=\"h2 mb-10 \">\n                    Suivez et am\u00e9liorez les performances de l\u2019\u00e9quipement                <\/h2>\n                                                <div class=\"md:hidden block mb-10 \">\n                                                    <lottie-player src=\"https:\/\/monta.com\/wp-content\/uploads\/2025\/07\/HubAnimation_NoBG-1.json\" background=\"transparent\" speed=\"1\"\n                        style=\"width: 100%; height: auto; margin-bottom: 24px;\" loop autoplay mode=\"normal\">\n                                            <\/div>\n                        <div class=\"rich-text \">\n                <p>Prenez le contr\u00f4le de chaque borne de recharge avec des statistiques en temps r\u00e9el et des mises \u00e0 jour centralis\u00e9es du micrologiciel.<\/p>\n\n            <\/div>\n                                    <a href=\"https:\/\/monta.com\/fr\/portail-hardware\/\" class=\"btn-primary-blue mt-8\">\n                Explorer le Portail Hardware            <\/a>\n                                            <\/div>\n                <div class=\"col-start-6 col-span-7 justify-items-end hidden md:block\">\n                                        <lottie-player src=\"https:\/\/monta.com\/wp-content\/uploads\/2025\/07\/HubAnimation_NoBG-1.json\" background=\"transparent\" speed=\"1\"\n                    style=\"width: 100%; height: auto\" loop autoplay mode=\"normal\">\n                <\/lottie-player>\n                                <\/div>\n            <\/div>\n<\/section>\n\n","protected":false},"excerpt":{"rendered":"","protected":false},"author":17,"featured_media":0,"parent":0,"menu_order":0,"comment_status":"closed","ping_status":"closed","template":"","meta":{"_acf_changed":false,"inline_featured_image":false,"footnotes":""},"class_list":["post-1837","page","type-page","status-publish","hentry"],"acf":[],"_links":{"self":[{"href":"https:\/\/monta.com\/fr\/wp-json\/wp\/v2\/pages\/1837","targetHints":{"allow":["GET"]}}],"collection":[{"href":"https:\/\/monta.com\/fr\/wp-json\/wp\/v2\/pages"}],"about":[{"href":"https:\/\/monta.com\/fr\/wp-json\/wp\/v2\/types\/page"}],"author":[{"embeddable":true,"href":"https:\/\/monta.com\/fr\/wp-json\/wp\/v2\/users\/17"}],"replies":[{"embeddable":true,"href":"https:\/\/monta.com\/fr\/wp-json\/wp\/v2\/comments?post=1837"}],"version-history":[{"count":7,"href":"https:\/\/monta.com\/fr\/wp-json\/wp\/v2\/pages\/1837\/revisions"}],"predecessor-version":[{"id":7544,"href":"https:\/\/monta.com\/fr\/wp-json\/wp\/v2\/pages\/1837\/revisions\/7544"}],"wp:attachment":[{"href":"https:\/\/monta.com\/fr\/wp-json\/wp\/v2\/media?parent=1837"}],"curies":[{"name":"wp","href":"https:\/\/api.w.org\/{rel}","templated":true}]}}