{"id":309,"date":"2021-11-12T06:56:12","date_gmt":"2021-11-12T06:56:12","guid":{"rendered":"https:\/\/monta.com\/fr\/?page_id=309"},"modified":"2026-01-19T09:31:05","modified_gmt":"2026-01-19T08:31:05","slug":"contacter-les-ventes","status":"publish","type":"page","link":"https:\/\/monta.com\/fr\/contacter-les-ventes\/","title":{"rendered":"Contacter les ventes"},"content":{"rendered":"<section aria-labelledby=\"formlogos-heading-block_853df94db820b6d85c464a18c2111d2d\" class=\"bg-black text-white  rounded-section\">\n    <div class=\"grid grid-cols-1 md:grid-cols-5 gap-8 md:gap-30\">\n        <!-- Text Column -->\n        <div class=\"md:col-span-2 flex flex-col\">\n            <div>\n                                <div class=\"pill-label mb-8 text-light-blue border-light-blue\">\n                    Demander une d\u00e9mo                <\/div>\n                \n                                                    <h1 id=\"formlogos-heading-block_853df94db820b6d85c464a18c2111d2d\" class=\"text-white mb-6\">\n                        D\u00e9couvrez le meilleur logiciel de recharge pour votre entreprise                    <\/h1>\n                                \n                                <div class=\"rich-text text-white\/90 mb-8\">\n                    <p>Monta a d\u00e9velopp\u00e9 un logiciel de recharge tout compris qui peut alimenter votre activit\u00e9, quel que soit votre cas d&#8217;utilisation. De la recharge en copropri\u00e9t\u00e9 aux flottes d&#8217;entreprises, en passant par les bornes de recharge rapide publiques, le logiciel de Monta vous permettra de vous d\u00e9velopper rapidement, d&#8217;\u00e9voluer efficacement et d&#8217;offrir \u00e0 vos conducteurs la meilleure exp\u00e9rience de recharge possible. D\u00e9veloppons ensemble votre r\u00e9seau.<\/p>\n                <\/div>\n                            <\/div>\n\n            <!-- Logo Row -->\n            \n                            <div class=\"md:mt-10 mt-6\">\n                                                                <h2 class=\"text-white\/90 font-normal mb-6 intro\">\n                            Reconnu par les leaders de l&#8217;industrie                        <\/h2>\n                                        \n                                            <div class=\"grid grid-cols-2 lg:flex lg:flex-nowrap items-center lg:gap-0 gap-2 opacity-100\">\n                                                            <img decoding=\"async\" src=\"https:\/\/monta.com\/app\/uploads\/sites\/21\/2025\/07\/logo_Schneider-black.svg\" alt=\"logo Schneider black\"\n                                    class=\"h-8 lg:h-10 brightness-0 invert\" loading=\"lazy\" \/>\n                                                                                        <img decoding=\"async\" src=\"https:\/\/monta.com\/app\/uploads\/sites\/21\/2025\/07\/logo_Ozecar_black.png\" alt=\"Logo d&#039;Ozecar en noir, stylis\u00e9 avec une ic\u00f4ne \u00e9voquant une voiture \u00e9lectrique et un design moderne, associ\u00e9 au texte &quot;Ozecar&quot;.\"\n                                    class=\"h-8 lg:h-10 brightness-0 invert\" loading=\"lazy\" \/>\n                                                                                        <img decoding=\"async\" src=\"https:\/\/monta.com\/app\/uploads\/sites\/21\/2025\/10\/logo_dream-energy-fr.png\" alt=\"Logo de Dream Energy : cercles entrelac\u00e9s vert et bleu repr\u00e9sentant l&#039;innovation dans les solutions de recharge \u00e9lectrique.\"\n                                    class=\"h-8 lg:h-10 brightness-0 invert\" loading=\"lazy\" \/>\n                                                                                        <img decoding=\"async\" src=\"https:\/\/monta.com\/app\/uploads\/sites\/21\/2025\/07\/logo_Greenyellow_black.png\" alt=\"Logo de GreenYellow en noir avec le slogan &quot;Shift to profitable energy&quot; en dessous, sur fond transparent.\"\n                                    class=\"h-8 lg:h-10 brightness-0 invert\" loading=\"lazy\" \/>\n                                                    <\/div>\n                                    <\/div>\n                    <\/div>\n\n        <!-- Form\/Widget Column with Lottie Background -->\n        <div class=\"md:col-span-3 relative flex items-center\">\n                            <!-- Lottie Background -->\n                <div class=\"absolute md:top-[60px] md:left-[-65px] md:w-[390px] md:translate-none left-1\/2 transform -translate-x-1\/2 w-[80%] top-[-20px]\">\n                    <lottie-player src=\"https:\/\/monta.com\/wp-content\/uploads\/2025\/11\/Group.json\" background=\"transparent\" speed=\"0.3\"\n                        loop autoplay mode=\"normal\" aria-hidden=\"true\">\n                    <\/lottie-player>\n                <\/div>\n            \n            <div class=\"relative z-10 max-w-165 w-full mx-auto md:mx-0 md:ml-auto md:mt-0 mt-30\">\n                <div\n                    class=\"rounded-2xl  \">\n                    <div class=\"relative z-10\">\n                                                <script src=\"https:\/\/js.hsforms.net\/forms\/embed\/developer\/20114015.js\" defer><\/script>\r\n<div class=\"hs-form-html\" data-region=\"na1\" data-form-id=\"7a5490c1-b92e-4d22-8414-7dcc463ca01d\" data-portal-id=\"20114015\"><\/div>                                            <\/div>\n                <\/div>\n            <\/div>\n        <\/div>\n    <\/div>\n<\/section>","protected":false},"excerpt":{"rendered":"","protected":false},"author":1,"featured_media":0,"parent":0,"menu_order":0,"comment_status":"closed","ping_status":"closed","template":"template-contact-sales.blade.php","meta":{"_acf_changed":false,"inline_featured_image":false,"footnotes":""},"class_list":["post-309","page","type-page","status-publish","hentry"],"acf":[],"_links":{"self":[{"href":"https:\/\/monta.com\/fr\/wp-json\/wp\/v2\/pages\/309","targetHints":{"allow":["GET"]}}],"collection":[{"href":"https:\/\/monta.com\/fr\/wp-json\/wp\/v2\/pages"}],"about":[{"href":"https:\/\/monta.com\/fr\/wp-json\/wp\/v2\/types\/page"}],"author":[{"embeddable":true,"href":"https:\/\/monta.com\/fr\/wp-json\/wp\/v2\/users\/1"}],"replies":[{"embeddable":true,"href":"https:\/\/monta.com\/fr\/wp-json\/wp\/v2\/comments?post=309"}],"version-history":[{"count":17,"href":"https:\/\/monta.com\/fr\/wp-json\/wp\/v2\/pages\/309\/revisions"}],"predecessor-version":[{"id":7689,"href":"https:\/\/monta.com\/fr\/wp-json\/wp\/v2\/pages\/309\/revisions\/7689"}],"wp:attachment":[{"href":"https:\/\/monta.com\/fr\/wp-json\/wp\/v2\/media?parent=309"}],"curies":[{"name":"wp","href":"https:\/\/api.w.org\/{rel}","templated":true}]}}