{"id":4105,"date":"2023-06-28T10:11:17","date_gmt":"2023-06-28T09:11:17","guid":{"rendered":"https:\/\/monta.com\/fr\/?page_id=4105"},"modified":"2025-12-12T14:27:28","modified_gmt":"2025-12-12T13:27:28","slug":"stay-in-charge-newsletter","status":"publish","type":"page","link":"https:\/\/monta.com\/fr\/stay-in-charge-newsletter\/","title":{"rendered":"Stay in Charge Newsletter"},"content":{"rendered":"<section aria-labelledby=\"formlogos-heading-block_407d94ee158e8d2667a22131e6dbafb5\" class=\"bg-grey text-black  rounded-section\">\n    <div class=\"grid grid-cols-1 md:grid-cols-5 gap-8 md:gap-30\">\n        <!-- Text Column -->\n        <div class=\"md:col-span-2 flex flex-col\">\n            <div>\n                                <div class=\"pill-label mb-8 text-charcoal border-charcoal\">\n                    stay in charge                <\/div>\n                \n                                                    <h1 id=\"formlogos-heading-block_407d94ee158e8d2667a22131e6dbafb5\" class=\"text-black mb-6\">\n                        Les derni\u00e8res infos de l\u2019industrie du VE par Monta, directement dans votre bo\u00eete mail                    <\/h1>\n                                \n                                <div class=\"rich-text text-black\/90 mb-8\">\n                    <p>Restez inform\u00e9 gr\u00e2ce \u00e0 notre newsletter Monta. Chaque mois, nous vous parlerons des derni\u00e8res actualit\u00e9s importantes, des \u00e9v\u00e9nements \u00e0 venir, ou des nouveaut\u00e9s du secteur. Vous y trouverez \u00e9galement des conseils utiles pour vous ou votre entreprise.<\/p>\n<div class=\"flex flex-row items-center gap-3\">\n  <strong>Rejoignez plus de 30 000 op\u00e9rateurs, partenaires et conducteurs de v\u00e9hicules \u00e9lectriques<\/strong><br \/>\n  <img loading=\"lazy\" decoding=\"async\"\n    class=\"alignnone\"\n    src=\"https:\/\/monta.com\/wp-content\/uploads\/2025\/11\/img_newsletter-users-1.png\"\n    alt=\"Three circular portraits of smiling individuals: a woman in a red top, a man in a brown jacket, and another man holding a camera.\"\n    width=\"80\"\n    height=\"40\"\n  \/>\n<\/div>\n                <\/div>\n                            <\/div>\n\n            <!-- Logo Row -->\n            \n                    <\/div>\n\n        <!-- Form\/Widget Column with Lottie Background -->\n        <div class=\"md:col-span-3 relative flex items-center\">\n            \n            <div class=\"relative z-10 max-w-165 w-full mx-auto md:mx-auto md:mt-0 mt-10\">\n                <div\n                    class=\"rounded-2xl  bg-white\">\n                    <div class=\"relative z-10\">\n                                                <script src=\"https:\/\/js.hsforms.net\/forms\/embed\/20114015.js\" defer><\/script>\r\n<div class=\"hs-form-frame\" data-region=\"na1\" data-form-id=\"c4728327-d892-446d-be02-a4cd44fd8f93\" data-portal-id=\"20114015\"><\/div>                                            <\/div>\n                <\/div>\n            <\/div>\n        <\/div>\n    <\/div>\n<\/section>\n\n<section aria-label=\"Que pouvez-vous attendre de la newsletter ?\">\n        <div class=\"mb-23 text-center \">\n        <div>\n                            <div class=\"pill-label text-primary-blue border-primary-blue mb-10\">NEWSLETTER MENSUELLE<\/div>\n                         <h2  class=\"h2\">\n                Que pouvez-vous attendre de la newsletter ?             <\/h2>         <\/div>\n            <\/div>\n        <grid-slider data-slides='[{\"image\":false,\"title\":\"Analyses par notre PDG Casper Rasmussen\",\"description\":\"Des insights uniques de notre direction sur les tendances du march\\u00e9 et ce que vous devez savoir pour pr\\u00e9parer l\\u0027avenir.\",\"link_label\":\"\",\"link\":\"\"},{\"image\":false,\"title\":\"Actualit\\u00e9s r\\u00e9centes\",\"description\":\"Un r\\u00e9sum\\u00e9 cibl\\u00e9 des actualit\\u00e9s les plus pertinentes du secteur pour que vous ne ratiez rien de ce qui compte.\",\"link_label\":\"\",\"link\":\"\"},{\"image\":false,\"title\":\"Mises \\u00e0 jour des produits\",\"description\":\"Une fonctionnalit\\u00e9 de lancement de produit, mettant en avant les changements apport\\u00e9s et la mani\\u00e8re dont elle facilite vos op\\u00e9rations.\",\"link_label\":\"\",\"link\":\"\"},{\"image\":false,\"title\":\"Outils de formation\",\"description\":\"D\\u00e9couvrez d\\u00e8s aujourd\\u0027hui des strat\\u00e9gies efficaces et des conseils pratiques pour am\\u00e9liorer vos op\\u00e9rations commerciales.\",\"link_label\":\"\",\"link\":\"\"}]' \/>\n<\/section>\n\n<section aria-label=\"D\u00e9couvrez les derni\u00e8res informations sur les v\u00e9hicules \u00e9lectriques\" class=\" md:mx-15 md:px-26 py-10 rounded-section bg-primary-blue md:flex md:items-center md:justify-between\">\n    <h3 class=\"text-random-fade text-white mb-5 md:mb-0 mr-0 md:mr-20\">D\u00e9couvrez les derni\u00e8res informations sur les v\u00e9hicules \u00e9lectriques<\/h3>\n        <div class=\"flex flex-col md:flex-row gap-4 items-stretch\">\n        <a href=\"https:\/\/monta.com\/fr\/ressources\/\"\n            class=\"btn-primary-black whitespace-nowrap flex items-center gap-2 justify-center\">\n            Explorer les ressources            <div\n    class=\"size-5.5 border-white rounded-full border-2 place-content-center grid\" \n    >\n    <span href=\"#\" class=\"text-sm text-white ml-auto\">\u2192<\/span>\n<\/div>        <\/a>\n            <\/div>\n        <\/section>","protected":false},"excerpt":{"rendered":"","protected":false},"author":35,"featured_media":0,"parent":0,"menu_order":0,"comment_status":"closed","ping_status":"closed","template":"","meta":{"_acf_changed":false,"inline_featured_image":false,"footnotes":""},"class_list":["post-4105","page","type-page","status-publish","hentry"],"acf":[],"_links":{"self":[{"href":"https:\/\/monta.com\/fr\/wp-json\/wp\/v2\/pages\/4105","targetHints":{"allow":["GET"]}}],"collection":[{"href":"https:\/\/monta.com\/fr\/wp-json\/wp\/v2\/pages"}],"about":[{"href":"https:\/\/monta.com\/fr\/wp-json\/wp\/v2\/types\/page"}],"author":[{"embeddable":true,"href":"https:\/\/monta.com\/fr\/wp-json\/wp\/v2\/users\/35"}],"replies":[{"embeddable":true,"href":"https:\/\/monta.com\/fr\/wp-json\/wp\/v2\/comments?post=4105"}],"version-history":[{"count":8,"href":"https:\/\/monta.com\/fr\/wp-json\/wp\/v2\/pages\/4105\/revisions"}],"predecessor-version":[{"id":7645,"href":"https:\/\/monta.com\/fr\/wp-json\/wp\/v2\/pages\/4105\/revisions\/7645"}],"wp:attachment":[{"href":"https:\/\/monta.com\/fr\/wp-json\/wp\/v2\/media?parent=4105"}],"curies":[{"name":"wp","href":"https:\/\/api.w.org\/{rel}","templated":true}]}}