{"id":4575,"date":"2023-08-30T07:11:12","date_gmt":"2023-08-30T06:11:12","guid":{"rendered":"https:\/\/monta.com\/fr\/?page_id=4575"},"modified":"2025-10-28T11:49:35","modified_gmt":"2025-10-28T10:49:35","slug":"solution","status":"publish","type":"page","link":"https:\/\/monta.com\/fr\/solution\/","title":{"rendered":"Solution"},"content":{"rendered":"<section aria-label=\"D\u00e9couvrez un monde de solutions de recharge de VE\" class=\"bg-transparent text-black  rounded-section\">\n    <div class=\"\">\n                    <div class=\"pill-label text-primary-blue border-primary-blue mb-10\">Toutes les solutions<\/div>\n        \n        <div class=\"grid grid-cols-1 md:grid-cols-2 gap-8 md:gap-22 h-full\">\n            <div class=\"flex flex-col  md:sticky md:top-25 md:self-start \">\n                <div>\n                    <h1  class=\"h2 mb-6 md:mb-10 col-end-2\">D\u00e9couvrez un monde de solutions de recharge de VE <\/h1>                                                         <\/div>\n                \n            <\/div>\n            \n            \n            <div class=\"h-auto md:pr-6\">\n                                                                                                <div class=\" pb-6 md:pb-8  md:pl-6 md:pr-16 w-full flex flex-row gap-6 md:gap-10 items-start\" style=\" border-bottom: 1px solid; border-image: linear-gradient(to right, rgba(163, 163, 163, 0), rgb(163, 163, 163), rgba(163, 163, 163, 0)) 1; \">\n                                        <div class=\"hidden md:block flex-shrink-0 w-10 h-10\"><\/div>\n                                        <div class=\"flex-1\">\n                                                <h4 class=\"h4  mb-4\">Op\u00e9rateurs d\u2019infrastructure de recharge<\/h4>\n\n                                                <div class=\"rich-text paragraph  mb-10 \">\n                            <p>Pour les entreprises qui g\u00e8rent des r\u00e9seaux de recharge de v\u00e9hicules \u00e9lectriques.<\/p>\n\n                        <\/div>\n                                                                            <a href=\"https:\/\/monta.com\/fr\/solution\/operateur-borne-recharge\/\" class=\"inline-block btn-tertiary-black\">Explorer la solution <svg class=\"inline-block w-4 h-4 ml-1\" viewBox=\"0 0 19 18\" xmlns=\"http:\/\/www.w3.org\/2000\/svg\">\n    <path d=\"M9.03253 17.467C3.50578 17.467 0 13.4869 0 8.7232C0 3.95947 3.48516 0 9.03253 0C14.6005 0 18.0857 3.95947 18.0857 8.7232C18.0857 13.4869 14.5799 17.467 9.03253 17.467ZM1.64978 8.74382C1.64978 12.7858 4.2688 16.0028 9.03253 16.0028C13.8169 16.0028 16.4359 12.7858 16.4359 8.74382C16.4359 4.70187 13.8169 1.46418 9.03253 1.46418C4.2688 1.46418 1.64978 4.70187 1.64978 8.74382ZM4.57813 9.54809V7.93956H11.0741L8.33138 5.23804L9.40373 4.16569L13.9819 8.74382L9.40373 13.322L8.352 12.2702L11.0741 9.54809H4.57813Z\"\/>\n<\/svg><\/a>\n                                            <\/div>\n                <\/div>\n                                                <div class=\" py-6 md:py-8  md:pl-6 md:pr-16 w-full flex flex-row gap-6 md:gap-10 items-start\" style=\"\">\n                                        <div class=\"hidden md:block flex-shrink-0 w-10 h-10\"><\/div>\n                                        <div class=\"flex-1\">\n                                                <h4 class=\"h4  mb-4\">Fournisseurs de solutions<\/h4>\n\n                                                <div class=\"rich-text paragraph  mb-10 \">\n                            <p>Pour les entreprises proposant des solutions de recharge de v\u00e9hicules \u00e9lectriques compl\u00e8tes.<\/p>\n\n                        <\/div>\n                                                                            <a href=\"https:\/\/monta.com\/fr\/solution\/fournisseurs-de-solutions\/\" class=\"inline-block btn-tertiary-black\">Explorer la solution <svg class=\"inline-block w-4 h-4 ml-1\" viewBox=\"0 0 19 18\" xmlns=\"http:\/\/www.w3.org\/2000\/svg\">\n    <path d=\"M9.03253 17.467C3.50578 17.467 0 13.4869 0 8.7232C0 3.95947 3.48516 0 9.03253 0C14.6005 0 18.0857 3.95947 18.0857 8.7232C18.0857 13.4869 14.5799 17.467 9.03253 17.467ZM1.64978 8.74382C1.64978 12.7858 4.2688 16.0028 9.03253 16.0028C13.8169 16.0028 16.4359 12.7858 16.4359 8.74382C16.4359 4.70187 13.8169 1.46418 9.03253 1.46418C4.2688 1.46418 1.64978 4.70187 1.64978 8.74382ZM4.57813 9.54809V7.93956H11.0741L8.33138 5.23804L9.40373 4.16569L13.9819 8.74382L9.40373 13.322L8.352 12.2702L11.0741 9.54809H4.57813Z\"\/>\n<\/svg><\/a>\n                                            <\/div>\n                <\/div>\n                \n            <\/div>\n                    <\/div>\n    <\/div>\n\n<\/section>","protected":false},"excerpt":{"rendered":"","protected":false},"author":35,"featured_media":0,"parent":0,"menu_order":0,"comment_status":"closed","ping_status":"closed","template":"","meta":{"_acf_changed":false,"inline_featured_image":false,"footnotes":""},"class_list":["post-4575","page","type-page","status-publish","hentry"],"acf":[],"_links":{"self":[{"href":"https:\/\/monta.com\/fr\/wp-json\/wp\/v2\/pages\/4575","targetHints":{"allow":["GET"]}}],"collection":[{"href":"https:\/\/monta.com\/fr\/wp-json\/wp\/v2\/pages"}],"about":[{"href":"https:\/\/monta.com\/fr\/wp-json\/wp\/v2\/types\/page"}],"author":[{"embeddable":true,"href":"https:\/\/monta.com\/fr\/wp-json\/wp\/v2\/users\/35"}],"replies":[{"embeddable":true,"href":"https:\/\/monta.com\/fr\/wp-json\/wp\/v2\/comments?post=4575"}],"version-history":[{"count":7,"href":"https:\/\/monta.com\/fr\/wp-json\/wp\/v2\/pages\/4575\/revisions"}],"predecessor-version":[{"id":7529,"href":"https:\/\/monta.com\/fr\/wp-json\/wp\/v2\/pages\/4575\/revisions\/7529"}],"wp:attachment":[{"href":"https:\/\/monta.com\/fr\/wp-json\/wp\/v2\/media?parent=4575"}],"curies":[{"name":"wp","href":"https:\/\/api.w.org\/{rel}","templated":true}]}}