{"id":5681,"date":"2024-07-26T08:10:24","date_gmt":"2024-07-26T07:10:24","guid":{"rendered":"https:\/\/monta.com\/fr\/?page_id=5681"},"modified":"2026-03-09T11:37:29","modified_gmt":"2026-03-09T10:37:29","slug":"ressources","status":"publish","type":"page","link":"https:\/\/monta.com\/fr\/ressources\/","title":{"rendered":"Resources"},"content":{"rendered":"<section aria-label=\"Ressources\" class=\"\">\n            <div class=\"grid grid-cols-1 md:grid-cols-2 md:gap-22 mb-14\">\n            <div>\n                                    <h1>                         Ressources\n                    <\/h1>                             <\/div>\n                            <div class=\"rich-text intro\">\n                    <p>D\u00e9couvrez les derni\u00e8res ressources de Monta, notamment des vid\u00e9os, des podcasts, des actualit\u00e9s et bien plus encore.<\/p>\n\n                <\/div>\n                    <\/div>\n    \n    <post-grid\n        data-post-types='[\"post\",\"case-studies\"]'\n        data-taxonomies='[]'\n        data-per-page=\"9\"\n        data-columns=\"3\"\n        data-api-url=\"https:\/\/monta.com\/fr\/wp-json\/postgrid\/v1\/posts\"\n        data-rest-url=\"https:\/\/monta.com\/fr\/wp-json\/wp\/v2\/\"\n        data-label-type=\"post_type\"\n        data-label-source=\"\"\n        data-post-type-labels='{\"post\":\"Posts\",\"case-studies\":\"Case studies\"}'\n        data-enable-post-type-filter=\"true\"\n        data-post-type-filter-label=\"Cat\u00e9gorie\"\n        locale=\"fr_FR\"\n    ><\/post-grid>\n<\/section>\n","protected":false},"excerpt":{"rendered":"","protected":false},"author":35,"featured_media":0,"parent":0,"menu_order":0,"comment_status":"closed","ping_status":"closed","template":"","meta":{"_acf_changed":false,"inline_featured_image":false,"footnotes":""},"class_list":["post-5681","page","type-page","status-publish","hentry"],"acf":null,"_links":{"self":[{"href":"https:\/\/monta.com\/fr\/wp-json\/wp\/v2\/pages\/5681","targetHints":{"allow":["GET"]}}],"collection":[{"href":"https:\/\/monta.com\/fr\/wp-json\/wp\/v2\/pages"}],"about":[{"href":"https:\/\/monta.com\/fr\/wp-json\/wp\/v2\/types\/page"}],"author":[{"embeddable":true,"href":"https:\/\/monta.com\/fr\/wp-json\/wp\/v2\/users\/35"}],"replies":[{"embeddable":true,"href":"https:\/\/monta.com\/fr\/wp-json\/wp\/v2\/comments?post=5681"}],"version-history":[{"count":10,"href":"https:\/\/monta.com\/fr\/wp-json\/wp\/v2\/pages\/5681\/revisions"}],"predecessor-version":[{"id":7984,"href":"https:\/\/monta.com\/fr\/wp-json\/wp\/v2\/pages\/5681\/revisions\/7984"}],"wp:attachment":[{"href":"https:\/\/monta.com\/fr\/wp-json\/wp\/v2\/media?parent=5681"}],"curies":[{"name":"wp","href":"https:\/\/api.w.org\/{rel}","templated":true}]}}