{"id":5825,"date":"2024-10-18T14:13:13","date_gmt":"2024-10-18T13:13:13","guid":{"rendered":"https:\/\/monta.com\/fr\/?page_id=5825"},"modified":"2026-01-20T10:51:42","modified_gmt":"2026-01-20T09:51:42","slug":"partenaires-de-confiance","status":"publish","type":"page","link":"https:\/\/monta.com\/fr\/faites-equipe-avec-monta\/partenaires-de-confiance\/","title":{"rendered":"Partenaires de confiance"},"content":{"rendered":"<section aria-label=\"Trouvez la solution Monta id\u00e9ale gr\u00e2ce \u00e0 notre r\u00e9seau de partenaires recommand\u00e9s\" class=\"bg-transparent text-charcoal  rounded-section\" >\n    <div class=\"grid grid-cols-1 md:grid-cols-12 gap-12 items-center\">\n                <div class=\"md:col-span-5\">\n                                    <div class=\"pill-label mb-8 \">\n                Partenaires recommand\u00e9s            <\/div>\n                                                    <h1 class=\"h1 mb-10 \">\n                    Trouvez la solution Monta id\u00e9ale gr\u00e2ce \u00e0 notre r\u00e9seau de partenaires recommand\u00e9s                <\/h1>\n                                                <div class=\"md:hidden block mb-10 \">\n                                    <img decoding=\"async\" title=\"illustration_city-chargers\" alt=\"\" src=\"https:\/\/monta.com\/wp-content\/uploads\/2025\/06\/illustration_city-chargers.webp\" \/>\n                                                            <\/div>\n                        <div class=\"rich-text \">\n                <p>Chez Monta, nous sommes fiers d&#8217;alimenter les solutions de recharge de demain avec notre logiciel avanc\u00e9. Mais cr\u00e9er une exp\u00e9rience de recharge fluide demande plus qu\u2019une technologie de pointe.<\/p>\n<p>C\u2019est pourquoi nous nous sommes associ\u00e9s \u00e0 un r\u00e9seau de partenaires certifi\u00e9s, de confiance, qui g\u00e8rent l\u2019installation, la mise en place et les op\u00e9rations quotidiennes des r\u00e9seaux de recharge. Tandis que Monta se concentre sur la fourniture d\u2019un logiciel performant, nos partenaires sont responsables de la gestion des tarifs, en particulier pour les propri\u00e9taires de petits sites de recharge. Ensemble, nous proposons une solution compl\u00e8te et personnalis\u00e9e con\u00e7ue pour r\u00e9pondre \u00e0 vos besoins sp\u00e9cifiques.<\/p>\n\n            <\/div>\n                                                        <\/div>\n                <div class=\"md:col-span-6 md:col-start-7 justify-items-end hidden md:block\">\n                            <img decoding=\"async\" title=\"illustration_city-chargers\" class=\"mx-auto max-h-144\" alt=\"\"\n                    src=\"https:\/\/monta.com\/wp-content\/uploads\/2025\/06\/illustration_city-chargers.webp\" \/>\n                                            <\/div>\n            <\/div>\n<\/section>\n\n\n\n<section aria-label=\"France\" class=\"\">\n        <div class=\"md:grid md:grid-cols-12 mb-12\">\n        <div class=\"col-span-5\">\n             <h2>  France  <\/h2>         <\/div>\n        <div class=\"rich-text col-start-8 col-span-5 intro\">\n            \n        <\/div>\n    <\/div>\n            <infocards-slider\n            data-cards=\"[{&quot;image&quot;:&quot;https:\\\/\\\/monta.com\\\/app\\\/uploads\\\/sites\\\/21\\\/2025\\\/07\\\/logo_Ozecar_black.png&quot;,&quot;title&quot;:&quot;Ozecar&quot;,&quot;description&quot;:&quot;Ozecar fournit des solutions de recharge pour v\\u00e9hicules \\u00e9lectriques (VE) adapt\\u00e9es aux entreprises et aux espaces publics.\\r\\n&lt;ul&gt;\\r\\n \\t&lt;li&gt;\\u00c9tude de faisabilit\\u00e9 technique&lt;\\\/li&gt;\\r\\n \\t&lt;li&gt;Audit sur site et proposition commerciale sous 48h&lt;\\\/li&gt;\\r\\n \\t&lt;li&gt;Installation de bornes VE pour usage priv\\u00e9 et public&lt;\\\/li&gt;\\r\\n \\t&lt;li&gt;Conseil et gestion multi-\\u00e9nergie&lt;\\\/li&gt;\\r\\n \\t&lt;li&gt;Expertise en technologies de recharge AC et DC, toutes puissances confondues&lt;\\\/li&gt;\\r\\n \\t&lt;li&gt;Solutions sur mesure pour flottes d&#039;entreprises, complexes r\\u00e9sidentiels et collectivit\\u00e9s (espaces publics)&lt;\\\/li&gt;\\r\\n \\t&lt;li&gt;Un accompagnement de A \\u00e0 ZE pour une mobilit\\u00e9 durable avec des experts \\u00e0 chaque \\u00e9tape&lt;\\\/li&gt;\\r\\n&lt;\\\/ul&gt;\\r\\n&lt;a class=\\&quot;btn-primary-blue\\&quot; href=\\&quot;https:\\\/\\\/ozecar.fr\\\/contact\\\/\\&quot;&gt;Contacter Ozecar&lt;\\\/a&gt;&quot;,&quot;button_link&quot;:null,&quot;button_label&quot;:&quot;&quot;},{&quot;image&quot;:&quot;https:\\\/\\\/monta.com\\\/app\\\/uploads\\\/sites\\\/21\\\/2025\\\/08\\\/logo_zvolt.png&quot;,&quot;title&quot;:&quot;Zevolt&quot;,&quot;description&quot;:&quot;Zevolt propose des solutions de recharge pour v\\u00e9hicules \\u00e9lectriques (VE) ax\\u00e9es sur l&#039;\\u00e9nergie durable et l&#039;infrastructure.\\r\\n&lt;ul&gt;\\r\\n \\t&lt;li&gt;Installe et g\\u00e8re des bornes de recharge VE pour usage priv\\u00e9 et public&lt;\\\/li&gt;\\r\\n \\t&lt;li&gt;Sp\\u00e9cialiste des technologies de recharge AC et DC&lt;\\\/li&gt;\\r\\n \\t&lt;li&gt;Offre des solutions cl\\u00e9 en main pour entreprises et r\\u00e9sidences&lt;\\\/li&gt;\\r\\n \\t&lt;li&gt;Con\\u00e7oit des solutions adapt\\u00e9es aux entreprises souhaitant r\\u00e9duire leur empreinte carbone&lt;\\\/li&gt;\\r\\n&lt;\\\/ul&gt;\\r\\n&lt;a class=\\&quot;btn-primary-blue\\&quot; href=\\&quot;https:\\\/\\\/zevolt.com\\\/contact\\\/\\&quot;&gt;Contacter Zevolt&lt;\\\/a&gt;&quot;,&quot;button_link&quot;:null,&quot;button_label&quot;:&quot;&quot;},{&quot;image&quot;:&quot;https:\\\/\\\/monta.com\\\/app\\\/uploads\\\/sites\\\/21\\\/2025\\\/08\\\/logo_hagenum.png&quot;,&quot;title&quot;:&quot;Hagenum&quot;,&quot;description&quot;:&quot;Hagenum, votre partenaire de confiance pour des solutions compl\\u00e8tes de recharge de v\\u00e9hicules \\u00e9lectriques (VE) et services \\u00e9nerg\\u00e9tiques.\\r\\n&lt;ul&gt;\\r\\n \\t&lt;li&gt;Installation, exploitation et maintenance de stations et bornes de recharge pour espaces publics et priv\\u00e9s&lt;\\\/li&gt;\\r\\n \\t&lt;li&gt;Expertise en int\\u00e9gration des \\u00e9nergies renouvelables et conformit\\u00e9 \\u00e9lectrique&lt;\\\/li&gt;\\r\\n \\t&lt;li&gt;Accompagnement personnalis\\u00e9, de la conception \\u00e0 l\\u2019installation&lt;\\\/li&gt;\\r\\n \\t&lt;li&gt;Engagement pour des solutions de mobilit\\u00e9 \\u00e9co\\u00e9nerg\\u00e9tiques, adapt\\u00e9es \\u00e0 tous les secteurs&lt;\\\/li&gt;\\r\\n&lt;\\\/ul&gt;\\r\\n&lt;a class=\\&quot;btn-primary-blue\\&quot; href=\\&quot;https:\\\/\\\/hagenum.com\\\/contact-formulaire\\\/\\&quot;&gt;Contacter Hagenum&lt;\\\/a&gt;&quot;,&quot;button_link&quot;:null,&quot;button_label&quot;:&quot;&quot;},{&quot;image&quot;:&quot;https:\\\/\\\/monta.com\\\/app\\\/uploads\\\/sites\\\/21\\\/2025\\\/08\\\/EO-LIBERTY.png&quot;,&quot;title&quot;:&quot;\\u00c9OLiberty&quot;,&quot;description&quot;:&quot;\\u00c9OLiberty est un op\\u00e9rateur de recharge proposant des solutions compl\\u00e8tes pour les services de v\\u00e9hicules \\u00e9lectriques (VE), en mettant l&#039;accent sur l&#039;infrastructure et la durabilit\\u00e9.\\r\\n&lt;ul&gt;\\r\\n \\t&lt;li&gt;Fournit des bornes de recharge VE fabriqu\\u00e9es en Europe&lt;\\\/li&gt;\\r\\n \\t&lt;li&gt;Sp\\u00e9cialiste de l&#039;installation et de la gestion des infrastructures de recharge&lt;\\\/li&gt;\\r\\n \\t&lt;li&gt;Sert aussi bien les entreprises que les particuliers&lt;\\\/li&gt;\\r\\n \\t&lt;li&gt;Propose des solutions cl\\u00e9 en main pour la recharge des VE&lt;\\\/li&gt;\\r\\n&lt;\\\/ul&gt;\\r\\n&lt;a class=\\&quot;btn-primary-blue\\&quot; href=\\&quot;https:\\\/\\\/eoliberty.fr\\\/contact\\\/\\&quot;&gt;Contacter \\u00c9OLiberty&lt;\\\/a&gt;&quot;,&quot;button_link&quot;:null,&quot;button_label&quot;:&quot;&quot;},{&quot;image&quot;:&quot;https:\\\/\\\/monta.com\\\/app\\\/uploads\\\/sites\\\/21\\\/2025\\\/08\\\/EVENERGIA.png&quot;,&quot;title&quot;:&quot;EVenergia&quot;,&quot;description&quot;:&quot;EVenergia, propose des solutions compl\\u00e8tes de gestion de l&#039;\\u00e9nergie et de recharge de v\\u00e9hicules \\u00e9lectriques (VE). Ces solutions comprennent les bornes (AC et DC), l\\u2019outil de supervision, l\\u2019int\\u00e9gration dans les environnements clients et le syst\\u00e8me de gestion de l&#039;\\u00e9nergie.\\r\\n\\r\\nInstalle, op\\u00e8re et assure la maintenance des bornes de recharge VE pour usage priv\\u00e9, semi-public, entreprise et public\\r\\n\\r\\nSp\\u00e9cialiste de l&#039;int\\u00e9gration de ces solutions dans des projets photovolta\\u00efques et de stockage d&#039;\\u00e9nergie\\r\\n\\r\\nOffre des solutions cl\\u00e9 en main pour les secteurs r\\u00e9sidentiels et commerciaux\\r\\n\\r\\nGarantit l&#039;efficacit\\u00e9 \\u00e9nerg\\u00e9tique avec une installation et une maintenance r\\u00e9alis\\u00e9e par des experts certifi\\u00e9s sur tout le territoire\\r\\n\\r\\n&lt;a class=\\&quot;btn-primary-blue\\&quot; href=\\&quot;https:\\\/\\\/www.evenergia.com\\\/fr\\\/\\&quot;&gt;Contacter EVenergia&lt;\\\/a&gt;&quot;,&quot;button_link&quot;:null,&quot;button_label&quot;:&quot;&quot;}]\"\n            data-full-height-image=\"false\"\n            data-card-bg-class=\"bg-grey text-charcoal\"\n            data-btn-tertiary-class=\"btn-tertiary-black hover:!bg-white\"\n            data-column-layout=\"2 column\"\n        ><\/infocards-slider>\n        \n<\/section>\n\n\n<section aria-label=\"Pourquoi choisir un partenaire recommand\u00e9 ?\" class=\"\">\n    <div class=\"md:grid md:grid-cols-12\">\n        <div class=\"md:col-span-5 md:grid mb-8 md:mb-0\">\n             <h2  class=\"mb-8\">Pourquoi choisir un partenaire recommand\u00e9 ?  <\/h2>             <div class=\"mb-8 intro md:hidden block rich-text\"><p>Monta est le fournisseur de logiciel pour la recharge des v\u00e9hicules \u00e9lectriques qui garantit une exp\u00e9rience utilisateur simple et intuitive. Nos partenaires concr\u00e9tisent cette vision gr\u00e2ce \u00e0 :<\/p>\n<ul>\n<li>Installation<br \/>\nAssistance pour cr\u00e9er et configurer votre installation dans Monta.<\/li>\n<li>Support de bout en bout<br \/>\nDu conseil et de la s\u00e9lection des \u00e9quipements \u00e0 l\u2019installation et la maintenance.<\/li>\n<li>Accords personnalis\u00e9s<br \/>\nDes abonnements et des contrats de service flexibles adapt\u00e9s \u00e0 vos besoins sp\u00e9cifiques.<\/li>\n<\/ul>\n<\/div>\n            <img decoding=\"async\" class=\"md:self-end md:mx-0 mx-auto md:w-auto max-w-2\/3\" src=\"https:\/\/monta.com\/wp-content\/uploads\/2025\/07\/icon_Monta_Illu_13_Lightblue.png\" title=\"icon_Monta_Illu_13_Lightblue\" alt=\"\" \/>\n        <\/div>\n        <div class=\"md:col-start-7 md:col-span-6\">\n            <div class=\"mb-17 intro hidden md:block rich-text\"><p>Monta est le fournisseur de logiciel pour la recharge des v\u00e9hicules \u00e9lectriques qui garantit une exp\u00e9rience utilisateur simple et intuitive. Nos partenaires concr\u00e9tisent cette vision gr\u00e2ce \u00e0 :<\/p>\n<ul>\n<li>Installation<br \/>\nAssistance pour cr\u00e9er et configurer votre installation dans Monta.<\/li>\n<li>Support de bout en bout<br \/>\nDu conseil et de la s\u00e9lection des \u00e9quipements \u00e0 l\u2019installation et la maintenance.<\/li>\n<li>Accords personnalis\u00e9s<br \/>\nDes abonnements et des contrats de service flexibles adapt\u00e9s \u00e0 vos besoins sp\u00e9cifiques.<\/li>\n<\/ul>\n<\/div>\n                    <\/div>\n    <\/div>\n<\/section>\n\n<section aria-label=\"La Foire aux Questions (FAQ)\" class=\"md:px-42 bg-transparent rounded-section \">\n<div class=\"grid grid-cols-1 md:grid-cols-12 md:mb-31 mb-10\">\n     <h2  class=\"h2  mb-7 md:mb-0  col-span-12 mx-auto \" >La Foire aux Questions (FAQ) <\/h2>     <\/div>\n<div class=\"w-full md:w-3\/4 mx-auto\">\n    <div class=\"faq-wrapper border-faded-grey-horizontal border-b-0 border-t-1 mt-11\">\n                        <faq title=\"Puis-je conclure un accord directement avec Monta ?\" content=\"&lt;p&gt;Monta ne propose pas de tarification pour les propri\u00e9taires de site de recharge de petite ou moyenne taille \u2014 cela est exclusivement g\u00e9r\u00e9 par nos partenaires recommand\u00e9s. Ensemble, nous offrons une solution compl\u00e8te et sur mesure con\u00e7ue pour r\u00e9pondre \u00e0 vos besoins.&lt;\/p&gt;\n\" background=\"transparent\"><\/faq>\n                    <faq title=\"Que faire si je pr\u00e9f\u00e8re ne pas collaborer avec l\u2019un de ces partenaires ?\" content=\"&lt;p&gt;Vous pouvez t\u00e9l\u00e9charger l\u2019application Monta Charge et cr\u00e9er un compte gratuit avec jusqu\u2019\u00e0 3 bornes de recharge. Vous pouvez apprendre \u00e0 configurer votre installation vous-m\u00eame ici. Si vous avez besoin d\u2019un acc\u00e8s \u00e0 des fonctionnalit\u00e9s avanc\u00e9es, telles que l\u2019exportation de donn\u00e9es de recharge, la facturation, le Roaming, l\u2019\u00e9quilibrage de charge ou d\u2019autres fonctionnalit\u00e9s, choisir un partenaire recommand\u00e9 est la meilleure option. Ils peuvent vous proposer une offre et une assistance pour configurer Monta.&lt;\/p&gt;\n\" background=\"transparent\"><\/faq>\n            <\/div><\/div>\n<\/section>","protected":false},"excerpt":{"rendered":"","protected":false},"author":1,"featured_media":0,"parent":4926,"menu_order":0,"comment_status":"closed","ping_status":"closed","template":"","meta":{"_acf_changed":false,"inline_featured_image":false,"footnotes":""},"class_list":["post-5825","page","type-page","status-publish","hentry"],"acf":[],"_links":{"self":[{"href":"https:\/\/monta.com\/fr\/wp-json\/wp\/v2\/pages\/5825","targetHints":{"allow":["GET"]}}],"collection":[{"href":"https:\/\/monta.com\/fr\/wp-json\/wp\/v2\/pages"}],"about":[{"href":"https:\/\/monta.com\/fr\/wp-json\/wp\/v2\/types\/page"}],"author":[{"embeddable":true,"href":"https:\/\/monta.com\/fr\/wp-json\/wp\/v2\/users\/1"}],"replies":[{"embeddable":true,"href":"https:\/\/monta.com\/fr\/wp-json\/wp\/v2\/comments?post=5825"}],"version-history":[{"count":11,"href":"https:\/\/monta.com\/fr\/wp-json\/wp\/v2\/pages\/5825\/revisions"}],"predecessor-version":[{"id":7703,"href":"https:\/\/monta.com\/fr\/wp-json\/wp\/v2\/pages\/5825\/revisions\/7703"}],"up":[{"embeddable":true,"href":"https:\/\/monta.com\/fr\/wp-json\/wp\/v2\/pages\/4926"}],"wp:attachment":[{"href":"https:\/\/monta.com\/fr\/wp-json\/wp\/v2\/media?parent=5825"}],"curies":[{"name":"wp","href":"https:\/\/api.w.org\/{rel}","templated":true}]}}