{"id":7070,"date":"2025-07-28T17:24:50","date_gmt":"2025-07-28T16:24:50","guid":{"rendered":"https:\/\/monta.com\/fr\/?page_id=7070"},"modified":"2026-03-09T14:50:31","modified_gmt":"2026-03-09T13:50:31","slug":"telechargements","status":"publish","type":"page","link":"https:\/\/monta.com\/fr\/telechargements\/","title":{"rendered":"T\u00e9l\u00e9chargements"},"content":{"rendered":"<section aria-label=\"T\u00e9l\u00e9chargements\" class=\"bg-transparent text-charcoal  rounded-section\" >\n    <div class=\"grid grid-cols-1 md:grid-cols-12 gap-12 items-center\">\n                <div class=\"md:col-span-5\">\n                                    <div class=\"pill-label mb-8 \">\n                Ressources monta            <\/div>\n                                                    <h1 class=\"h1 mb-10 \">\n                    T\u00e9l\u00e9chargements                <\/h1>\n                                                <div class=\"md:hidden block mb-10 \">\n                                    <img decoding=\"async\" title=\"icon_lines_abstract\" alt=\"\" src=\"https:\/\/monta.com\/wp-content\/uploads\/2025\/06\/icon_lines_abstract.svg\" \/>\n                                                            <\/div>\n                        <div class=\"rich-text \">\n                <p>Acc\u00e9dez \u00e0 tous nos documents t\u00e9l\u00e9chargeables en un seul endroit et d\u00e9couvrez des statistiques sur la technologie de recharge des VE et la stabilit\u00e9 du r\u00e9seau, ainsi que des solutions innovantes pour un avenir durable. T\u00e9l\u00e9chargez maintenant !<\/p>\n\n            <\/div>\n                                                        <\/div>\n                <div class=\"md:col-span-6 md:col-start-7 justify-items-end hidden md:block\">\n                            <img decoding=\"async\" title=\"icon_lines_abstract\" class=\"mx-auto max-h-200\" alt=\"\"\n                    src=\"https:\/\/monta.com\/wp-content\/uploads\/2025\/06\/icon_lines_abstract.svg\" \/>\n                                            <\/div>\n            <\/div>\n<\/section>\n\n\n\n<section aria-label=\"Livres blancs et guides pratiques\" class=\"\">\n            <div class=\"grid grid-cols-1 md:grid-cols-2 md:gap-22 mb-14\">\n            <div>\n                                     <h2>                         Livres blancs et guides pratiques\n                     <\/h2>                             <\/div>\n                            <div class=\"rich-text intro\">\n                    <p>D\u00e9couvrez notre collection de livres blancs et de guides destin\u00e9s \u00e0 vous aider \u00e0 vous y retrouver dans le monde complexe de l\u2019industrie des v\u00e9hicules \u00e9lectriques.<\/p>\n\n                <\/div>\n                    <\/div>\n    \n    <post-grid\n        data-post-types='[\"telechargements\"]'\n        data-taxonomies='[{\"slug\":\"downloadables_category\",\"restBase\":\"downloadables_category\",\"label\":\"Type de contenu\"}]'\n        data-per-page=\"12\"\n        data-columns=\"3\"\n        data-api-url=\"https:\/\/monta.com\/fr\/wp-json\/postgrid\/v1\/posts\"\n        data-rest-url=\"https:\/\/monta.com\/fr\/wp-json\/wp\/v2\/\"\n        data-label-type=\"taxonomy\"\n        data-label-source=\"downloadables_category\"\n        data-post-type-labels='{\"telechargements\":\"Downloadables\"}'\n        data-enable-post-type-filter=\"false\"\n        data-post-type-filter-label=\"\"\n        locale=\"fr_FR\"\n    ><\/post-grid>\n<\/section>\n","protected":false},"excerpt":{"rendered":"","protected":false},"author":1,"featured_media":0,"parent":0,"menu_order":0,"comment_status":"closed","ping_status":"closed","template":"","meta":{"_acf_changed":false,"inline_featured_image":false,"footnotes":""},"class_list":["post-7070","page","type-page","status-publish","hentry"],"acf":null,"_links":{"self":[{"href":"https:\/\/monta.com\/fr\/wp-json\/wp\/v2\/pages\/7070","targetHints":{"allow":["GET"]}}],"collection":[{"href":"https:\/\/monta.com\/fr\/wp-json\/wp\/v2\/pages"}],"about":[{"href":"https:\/\/monta.com\/fr\/wp-json\/wp\/v2\/types\/page"}],"author":[{"embeddable":true,"href":"https:\/\/monta.com\/fr\/wp-json\/wp\/v2\/users\/1"}],"replies":[{"embeddable":true,"href":"https:\/\/monta.com\/fr\/wp-json\/wp\/v2\/comments?post=7070"}],"version-history":[{"count":5,"href":"https:\/\/monta.com\/fr\/wp-json\/wp\/v2\/pages\/7070\/revisions"}],"predecessor-version":[{"id":7989,"href":"https:\/\/monta.com\/fr\/wp-json\/wp\/v2\/pages\/7070\/revisions\/7989"}],"wp:attachment":[{"href":"https:\/\/monta.com\/fr\/wp-json\/wp\/v2\/media?parent=7070"}],"curies":[{"name":"wp","href":"https:\/\/api.w.org\/{rel}","templated":true}]}}