{"id":7487,"date":"2025-10-08T14:25:42","date_gmt":"2025-10-08T13:25:42","guid":{"rendered":"https:\/\/monta.com\/fr\/?page_id=7487"},"modified":"2026-01-27T08:23:06","modified_gmt":"2026-01-27T07:23:06","slug":"quoi-de-neuf-chez-monta","status":"publish","type":"page","link":"https:\/\/monta.com\/fr\/quoi-de-neuf-chez-monta\/","title":{"rendered":"Quoi de neuf chez Monta"},"content":{"rendered":"<section aria-label=\"Quoi de neuf chez Monta\" class=\"bg-transparent text-charcoal  rounded-section\">\n    <div class=\"max-w-4xl mx-auto text-center\">\n                <div class=\"pill-label mb-8 \">\n            Ressources monta        <\/div>\n                                    <h1 class=\"h1 mb-10\">\n                Quoi de neuf chez Monta            <\/h1>\n                                <div class=\"text-lg mb-10 \">\n            <p class=\"intro\">D\u00e9couvrez les derni\u00e8res mises \u00e0 jour de produits de Monta, con\u00e7ues pour faciliter le travail des op\u00e9rateurs, avec un d\u00e9pannage plus rapide, des processus rationalis\u00e9s, une conformit\u00e9 am\u00e9lior\u00e9e et de nouvelles opportunit\u00e9s de revenus.<\/p>\n        <\/div>\n                    <\/div>\n<\/section>\n\n<section aria-label=\"Communiqu\u00e9s\" class=\"bg-black text-white  rounded-section\">\n    <div class=\"md:grid md:grid-cols-12\">\n                <div class=\"md:col-span-5 mb-8 md:mb-0\">\n            \n             <h2>  Communiqu\u00e9s  <\/h2>         <\/div>\n        <div class=\"rich-text intro md:col-start-8 md:col-span-5 mb-6\">\n            \n        <\/div>\n    <\/div>\n\n        <div class=\"-mx-4 md:-mx-10\">\n        <tab-slider data-tabs='[{\"tab_title\":\"2025\",\"tab_items\":[{\"title\":\"Q3 2025\",\"description\":\"\\u003Cp\\u003ELes versions Q3 2025 de Monta ajoutent un d\\u00e9pannage bas\\u00e9 sur l\\u0026#8217;IA (NOC Agent) ainsi qu\\u0026#8217;une navigation plus rapide dans le Hub (Central Search), un tableau de bord pr\\u00e9sentant un aper\\u00e7u de la sant\\u00e9 du r\\u00e9seau, des pipelines de donn\\u00e9es conformes, une facturation am\\u00e9lior\\u00e9e via des plans de sous-comptes et une nouvelle vue des co\\u00fbts\\\/de l\\u0026#8217;utilisation de la flotte.\\u003C\\\/p\\u003E\\n\\u003Cp\\u003E\\u003Ca class=\\u0022mt-3 btn-tertiary-white\\u0022 href=\\u0022https:\\\/\\\/monta.com\\\/fr\\\/q3-2025-releases\\\/\\u0022\\u003EEn savoir plus\\u003C\\\/a\\u003E\\u003C\\\/p\\u003E\\n\",\"image\":{\"ID\":7491,\"id\":7491,\"title\":\"Newsletter_Image (1)\",\"filename\":\"Newsletter_Image-1.png\",\"filesize\":0,\"url\":\"https:\\\/\\\/monta.com\\\/wp-content\\\/uploads\\\/2025\\\/10\\\/Newsletter_Image-1.png\",\"link\":\"https:\\\/\\\/monta.com\\\/fr\\\/newsletter_image-1\\\/\",\"alt\":\"\",\"author\":\"35\",\"description\":\"\",\"caption\":\"\",\"name\":\"newsletter_image-1\",\"status\":\"inherit\",\"uploaded_to\":0,\"date\":\"2025-10-08 13:32:19\",\"modified\":\"2025-10-08 13:32:19\",\"menu_order\":0,\"mime_type\":\"image\\\/png\",\"type\":\"image\",\"subtype\":\"png\",\"icon\":\"https:\\\/\\\/monta.com\\\/fr\\\/wp-includes\\\/images\\\/media\\\/default.png\",\"width\":1200,\"height\":800,\"sizes\":{\"thumbnail\":\"https:\\\/\\\/monta.com\\\/wp-content\\\/uploads\\\/2025\\\/10\\\/Newsletter_Image-1-150x150.png\",\"thumbnail-width\":150,\"thumbnail-height\":150,\"medium\":\"https:\\\/\\\/monta.com\\\/wp-content\\\/uploads\\\/2025\\\/10\\\/Newsletter_Image-1-300x200.png\",\"medium-width\":300,\"medium-height\":200,\"medium_large\":\"https:\\\/\\\/monta.com\\\/wp-content\\\/uploads\\\/2025\\\/10\\\/Newsletter_Image-1-768x512.png\",\"medium_large-width\":768,\"medium_large-height\":512,\"large\":\"https:\\\/\\\/monta.com\\\/wp-content\\\/uploads\\\/2025\\\/10\\\/Newsletter_Image-1-1024x683.png\",\"large-width\":1024,\"large-height\":683,\"1536x1536\":\"https:\\\/\\\/monta.com\\\/wp-content\\\/uploads\\\/2025\\\/10\\\/Newsletter_Image-1.png\",\"1536x1536-width\":1200,\"1536x1536-height\":800,\"2048x2048\":\"https:\\\/\\\/monta.com\\\/wp-content\\\/uploads\\\/2025\\\/10\\\/Newsletter_Image-1.png\",\"2048x2048-width\":1200,\"2048x2048-height\":800}},\"category\":false},{\"title\":\"Q4 2025\",\"description\":\"\\u003Cp\\u003ELes versions 4Q 2025 de Monta introduisent Monta AI et la version am\\u00e9lior\\u00e9e de Monta Control Analytics afin d\\u0026#8217;optimiser les performances du r\\u00e9seau, d\\u0026#8217;ajouter de nouveaux contr\\u00f4les des co\\u00fbts et de la facturation de la flotte, et d\\u0026#8217;automatiser la facturation et la conformit\\u00e9 gr\\u00e2ce \\u00e0 des fonctionnalit\\u00e9s telles que le pr\\u00e9l\\u00e8vement SEPA et la facturation \\u00e9lectronique belge via Peppol.\\u003C\\\/p\\u003E\\n\\u003Cp\\u003E\\u003Ca class=\\u0022mt-3 btn-tertiary-white\\u0022 href=\\u0022https:\\\/\\\/monta.com\\\/fr\\\/quoi-de-neuf-chez-monta\\\/q4-2025\\\/\\u0022\\u003EEn savoir plus\\u003C\\\/a\\u003E\\u003C\\\/p\\u003E\\n\",\"image\":{\"ID\":7771,\"id\":7771,\"title\":\"Monta AI: Analysing Alert Trends for Improved Insights\",\"filename\":\"Monta-AI-Thumbnail-q4-1.png\",\"filesize\":0,\"url\":\"https:\\\/\\\/monta.com\\\/wp-content\\\/uploads\\\/2026\\\/01\\\/Monta-AI-Thumbnail-q4-1.png\",\"link\":\"https:\\\/\\\/monta.com\\\/fr\\\/monta-ai-analysing-alert-trends-for-improved-insights\\\/\",\"alt\":\"Monta AI logo on the left, with a text bubble above, and a blue bar graph below depicting alert trends against a black background.\",\"author\":\"35\",\"description\":\"\",\"caption\":\"\",\"name\":\"monta-ai-analysing-alert-trends-for-improved-insights\",\"status\":\"inherit\",\"uploaded_to\":0,\"date\":\"2026-01-27 07:21:11\",\"modified\":\"2026-01-27 07:21:11\",\"menu_order\":0,\"mime_type\":\"image\\\/png\",\"type\":\"image\",\"subtype\":\"png\",\"icon\":\"https:\\\/\\\/monta.com\\\/fr\\\/wp-includes\\\/images\\\/media\\\/default.png\",\"width\":1200,\"height\":800,\"sizes\":{\"thumbnail\":\"https:\\\/\\\/monta.com\\\/wp-content\\\/uploads\\\/2026\\\/01\\\/Monta-AI-Thumbnail-q4-1-150x150.png\",\"thumbnail-width\":150,\"thumbnail-height\":150,\"medium\":\"https:\\\/\\\/monta.com\\\/wp-content\\\/uploads\\\/2026\\\/01\\\/Monta-AI-Thumbnail-q4-1-300x200.png\",\"medium-width\":300,\"medium-height\":200,\"medium_large\":\"https:\\\/\\\/monta.com\\\/wp-content\\\/uploads\\\/2026\\\/01\\\/Monta-AI-Thumbnail-q4-1-768x512.png\",\"medium_large-width\":768,\"medium_large-height\":512,\"large\":\"https:\\\/\\\/monta.com\\\/wp-content\\\/uploads\\\/2026\\\/01\\\/Monta-AI-Thumbnail-q4-1-1024x683.png\",\"large-width\":1024,\"large-height\":683,\"1536x1536\":\"https:\\\/\\\/monta.com\\\/wp-content\\\/uploads\\\/2026\\\/01\\\/Monta-AI-Thumbnail-q4-1.png\",\"1536x1536-width\":1200,\"1536x1536-height\":800,\"2048x2048\":\"https:\\\/\\\/monta.com\\\/wp-content\\\/uploads\\\/2026\\\/01\\\/Monta-AI-Thumbnail-q4-1.png\",\"2048x2048-width\":1200,\"2048x2048-height\":800}},\"category\":false}]}]' bg=\"black\" timeline=\"false\"\/>\n    <\/div>\n    <\/section>\n\n<section aria-label=\"Restez inform\u00e9 des derni\u00e8res modifications apport\u00e9es aux produits\" class=\" md:mx-15 md:px-26 py-10 rounded-section bg-primary-blue md:flex md:items-center md:justify-between\">\n    <h3 class=\" text-white mb-5 md:mb-0 mr-0 md:mr-20\">Restez inform\u00e9 des derni\u00e8res modifications apport\u00e9es aux produits<\/h3>\n        <div class=\"flex flex-col md:flex-row gap-4 items-stretch\">\n        <a href=\"https:\/\/changelog.monta.com\/en\"\n            class=\"btn-primary-black whitespace-nowrap flex items-center gap-2 justify-center\">\n            Voir les mises \u00e0 jour des produits            <div\n    class=\"size-5.5 border-white rounded-full border-2 place-content-center grid\" \n    >\n    <span href=\"#\" class=\"text-sm text-white ml-auto\">\u2192<\/span>\n<\/div>        <\/a>\n            <\/div>\n        <\/section>","protected":false},"excerpt":{"rendered":"","protected":false},"author":35,"featured_media":0,"parent":0,"menu_order":0,"comment_status":"closed","ping_status":"closed","template":"","meta":{"_acf_changed":false,"inline_featured_image":false,"footnotes":""},"class_list":["post-7487","page","type-page","status-publish","hentry"],"acf":null,"_links":{"self":[{"href":"https:\/\/monta.com\/fr\/wp-json\/wp\/v2\/pages\/7487","targetHints":{"allow":["GET"]}}],"collection":[{"href":"https:\/\/monta.com\/fr\/wp-json\/wp\/v2\/pages"}],"about":[{"href":"https:\/\/monta.com\/fr\/wp-json\/wp\/v2\/types\/page"}],"author":[{"embeddable":true,"href":"https:\/\/monta.com\/fr\/wp-json\/wp\/v2\/users\/35"}],"replies":[{"embeddable":true,"href":"https:\/\/monta.com\/fr\/wp-json\/wp\/v2\/comments?post=7487"}],"version-history":[{"count":9,"href":"https:\/\/monta.com\/fr\/wp-json\/wp\/v2\/pages\/7487\/revisions"}],"predecessor-version":[{"id":7774,"href":"https:\/\/monta.com\/fr\/wp-json\/wp\/v2\/pages\/7487\/revisions\/7774"}],"wp:attachment":[{"href":"https:\/\/monta.com\/fr\/wp-json\/wp\/v2\/media?parent=7487"}],"curies":[{"name":"wp","href":"https:\/\/api.w.org\/{rel}","templated":true}]}}