{"id":1189,"date":"2022-11-14T10:57:01","date_gmt":"2022-11-14T09:57:01","guid":{"rendered":"https:\/\/monta.com\/se\/?page_id=1189"},"modified":"2026-03-09T11:43:13","modified_gmt":"2026-03-09T10:43:13","slug":"fallstudier","status":"publish","type":"page","link":"https:\/\/monta.com\/sv\/fallstudier\/","title":{"rendered":"Case studies"},"content":{"rendered":"<section aria-label=\"Fallstudier\" class=\"bg-transparent text-charcoal mb-0 rounded-section\" >\n    <div class=\"grid grid-cols-1 md:grid-cols-12 gap-12 items-center\">\n                <div class=\"md:col-span-5\">\n                                                                <h1 class=\"h1 mb-10 \">\n                    Fallstudier                <\/h1>\n                                                <div class=\"md:hidden block mb-10 \">\n                                    <img decoding=\"async\" title=\"icon_circle-abstract-1\" alt=\"\" src=\"https:\/\/monta.com\/wp-content\/uploads\/2025\/06\/icon_circle-abstract-1.svg\" \/>\n                                                            <\/div>\n                        <div class=\"rich-text \">\n                <p>Utforska hur v\u00e5ra partner lyckas med Monta som p\u00e5litlig leverant\u00f6r av laddningsl\u00f6sningar.<\/p>\n\n            <\/div>\n                                                        <\/div>\n                <div class=\"md:col-span-6 md:col-start-7 justify-items-end hidden md:block\">\n                            <img decoding=\"async\" title=\"icon_circle-abstract-1\" class=\"mx-auto max-h-144\" alt=\"\"\n                    src=\"https:\/\/monta.com\/wp-content\/uploads\/2025\/06\/icon_circle-abstract-1.svg\" \/>\n                                            <\/div>\n            <\/div>\n<\/section>\n\n\n\n<section  aria-label=\"F\u00f6rtroende fr\u00e5n EV-pionj\u00e4rer \u00f6ver hela v\u00e4rlden\"  class=\" bg-white py-8 pt-4\">\n    <div class=\" mx-auto text-center\">\n                <div class=\"text-gray-600 mt-6 mb-3\">F\u00f6rtroende fr\u00e5n EV-pionj\u00e4rer \u00f6ver hela v\u00e4rlden<\/div>\n        <div class=\"flex flex-wrap justify-center gap-4 md:gap-8 mb-6 items-center max-w-[1054px] m-auto\">\n                            <!-- Logo 1 -->\n                <div class=\"w-[calc(50%-0.5rem)] md:w-[calc(25%-1.5rem)]\">\n                    <img decoding=\"async\" src=\"https:\/\/monta.com\/wp-content\/uploads\/2025\/06\/logo_ikea-color.svg\" title=\"logo_ikea-color\" alt=\"\" class=\"w-full\" \/>\n                <\/div>\n                                        <!-- Logo 2 -->\n                <div class=\"w-[calc(50%-0.5rem)] md:w-[calc(25%-1.5rem)]\">\n                    <img decoding=\"async\" src=\"https:\/\/monta.com\/app\/uploads\/sites\/16\/2025\/11\/AHLSELL-SVERIGE-colr.png\" title=\"Ahlsell logotyp f\u00f6r fallstudier och analyser\" alt=\"Logotyp f\u00f6r Ahlsell med texten &quot;ahlsell&quot; i bl\u00e5tt p\u00e5 en svart bakgrund. Enkel och modern design.\" class=\"w-full\" \/>\n                <\/div>\n                                        <!-- Logo 3 -->\n                <div class=\"w-[calc(50%-0.5rem)] md:w-[calc(25%-1.5rem)]\">\n                    <img decoding=\"async\" src=\"https:\/\/monta.com\/wp-content\/uploads\/2025\/06\/logo_TOYOTA-color.png\" title=\"logo_TOYOTA-color\" alt=\"\" class=\"w-full\" \/>\n                <\/div>\n                                        <!-- Logo 4 -->\n                <div class=\"w-[calc(50%-0.5rem)] md:w-[calc(25%-1.5rem)]\">\n                    <img decoding=\"async\" src=\"https:\/\/monta.com\/wp-content\/uploads\/2025\/06\/logo_swarco-color.svg\" title=\"logo_swarco-color\" alt=\"\" class=\"w-full\" \/>\n                <\/div>\n                    <\/div>\n            <\/div>\n<\/section>\n\n\n<section aria-label=\"Se hur tusentals f\u00f6retag debiterar med Monta\" class=\"\">\n            <div class=\"grid grid-cols-1 md:grid-cols-2 md:gap-22 mb-14\">\n            <div>\n                                     <h2>                         Se hur tusentals f\u00f6retag debiterar med Monta\n                     <\/h2>                             <\/div>\n                    <\/div>\n    \n    <post-grid\n        data-post-types='[\"case-studies\"]'\n        data-taxonomies='[]'\n        data-per-page=\"12\"\n        data-columns=\"3\"\n        data-api-url=\"https:\/\/monta.com\/sv\/wp-json\/postgrid\/v1\/posts\"\n        data-rest-url=\"https:\/\/monta.com\/sv\/wp-json\/wp\/v2\/\"\n        data-label-type=\"none\"\n        data-label-source=\"\"\n        data-post-type-labels='{\"case-studies\":\"Case studies\"}'\n        data-enable-post-type-filter=\"false\"\n        data-post-type-filter-label=\"\"\n        locale=\"sv_SE\"\n    ><\/post-grid>\n<\/section>\n\n\n<section  aria-labelledby=\"numberslider-heading-block_767cc54defe5c095f59e43db587a5832\"  class=\"text-white bg-primary-blue  rounded-section number-slider !pr-0 md:!pr-10\">\n    <div class=\"\">\n                    <div class=\"grid grid-cols-1 md:grid-cols-12 md:mb-31 mb-10\">\n                 <h2  id=\"numberslider-heading-block_767cc54defe5c095f59e43db587a5832\" class=\"h2 md:col-span-6 mb-7 md:mb-0\">Nous aidons nos clients \u00e0 obtenir des r\u00e9sultats tangibles  <\/h2>                 <div class=\"rich-text intro md:col-start-8 md:col-span-5\">\n                    \n                <\/div>\n            <\/div>\n                        <number-slider data-slides='[{\"illustration\":{\"ID\":4491,\"id\":4491,\"title\":\"icon_squares-abstract\",\"filename\":\"icon_squares-abstract.svg\",\"filesize\":0,\"url\":\"https:\\\/\\\/monta.com\\\/wp-content\\\/uploads\\\/2025\\\/06\\\/icon_squares-abstract.svg\",\"link\":\"https:\\\/\\\/monta.com\\\/sv\\\/icon_squares-abstract\\\/\",\"alt\":\"\",\"author\":\"35\",\"description\":\"\",\"caption\":\"\",\"name\":\"icon_squares-abstract\",\"status\":\"inherit\",\"uploaded_to\":0,\"date\":\"2025-07-04 10:48:15\",\"modified\":\"2025-07-04 10:48:15\",\"menu_order\":0,\"mime_type\":\"image\\\/svg+xml\",\"type\":\"image\",\"subtype\":\"svg+xml\",\"icon\":\"https:\\\/\\\/monta.com\\\/sv\\\/wp-includes\\\/images\\\/media\\\/default.png\",\"width\":97,\"height\":112,\"sizes\":{\"thumbnail\":\"https:\\\/\\\/monta.com\\\/wp-content\\\/uploads\\\/2025\\\/06\\\/icon_squares-abstract.svg\",\"thumbnail-width\":130,\"thumbnail-height\":150,\"medium\":\"https:\\\/\\\/monta.com\\\/wp-content\\\/uploads\\\/2025\\\/06\\\/icon_squares-abstract.svg\",\"medium-width\":261,\"medium-height\":300,\"medium_large\":\"https:\\\/\\\/monta.com\\\/wp-content\\\/uploads\\\/2025\\\/06\\\/icon_squares-abstract.svg\",\"medium_large-width\":768,\"medium_large-height\":883,\"large\":\"https:\\\/\\\/monta.com\\\/wp-content\\\/uploads\\\/2025\\\/06\\\/icon_squares-abstract.svg\",\"large-width\":890,\"large-height\":1024,\"1536x1536\":\"https:\\\/\\\/monta.com\\\/wp-content\\\/uploads\\\/2025\\\/06\\\/icon_squares-abstract.svg\",\"1536x1536-width\":97,\"1536x1536-height\":112,\"2048x2048\":\"https:\\\/\\\/monta.com\\\/wp-content\\\/uploads\\\/2025\\\/06\\\/icon_squares-abstract.svg\",\"2048x2048-width\":97,\"2048x2048-height\":112}},\"number\":\"80%\",\"number_label\":\"Minskade supportkostnader under h\\u00f6gs\\u00e4song f\\u00f6r OZECAR\",\"number_description\":\"\"},{\"illustration\":{\"ID\":4489,\"id\":4489,\"title\":\"icon_square-abstract\",\"filename\":\"icon_square-abstract.svg\",\"filesize\":0,\"url\":\"https:\\\/\\\/monta.com\\\/wp-content\\\/uploads\\\/2025\\\/06\\\/icon_square-abstract.svg\",\"link\":\"https:\\\/\\\/monta.com\\\/sv\\\/icon_square-abstract\\\/\",\"alt\":\"\",\"author\":\"35\",\"description\":\"\",\"caption\":\"\",\"name\":\"icon_square-abstract\",\"status\":\"inherit\",\"uploaded_to\":0,\"date\":\"2025-07-04 10:47:54\",\"modified\":\"2025-07-04 10:47:54\",\"menu_order\":0,\"mime_type\":\"image\\\/svg+xml\",\"type\":\"image\",\"subtype\":\"svg+xml\",\"icon\":\"https:\\\/\\\/monta.com\\\/sv\\\/wp-includes\\\/images\\\/media\\\/default.png\",\"width\":112,\"height\":113,\"sizes\":{\"thumbnail\":\"https:\\\/\\\/monta.com\\\/wp-content\\\/uploads\\\/2025\\\/06\\\/icon_square-abstract.svg\",\"thumbnail-width\":148,\"thumbnail-height\":150,\"medium\":\"https:\\\/\\\/monta.com\\\/wp-content\\\/uploads\\\/2025\\\/06\\\/icon_square-abstract.svg\",\"medium-width\":297,\"medium-height\":300,\"medium_large\":\"https:\\\/\\\/monta.com\\\/wp-content\\\/uploads\\\/2025\\\/06\\\/icon_square-abstract.svg\",\"medium_large-width\":768,\"medium_large-height\":776,\"large\":\"https:\\\/\\\/monta.com\\\/wp-content\\\/uploads\\\/2025\\\/06\\\/icon_square-abstract.svg\",\"large-width\":1014,\"large-height\":1024,\"1536x1536\":\"https:\\\/\\\/monta.com\\\/wp-content\\\/uploads\\\/2025\\\/06\\\/icon_square-abstract.svg\",\"1536x1536-width\":112,\"1536x1536-height\":113,\"2048x2048\":\"https:\\\/\\\/monta.com\\\/wp-content\\\/uploads\\\/2025\\\/06\\\/icon_square-abstract.svg\",\"2048x2048-width\":112,\"2048x2048-height\":113}},\"number\":\"1,000+\",\"number_label\":\"DC-laddare installerade i Norge f\\u00f6r Uno-X\",\"number_description\":\"\"},{\"illustration\":{\"ID\":4490,\"id\":4490,\"title\":\"icon_sphere-abstract\",\"filename\":\"icon_sphere-abstract.svg\",\"filesize\":0,\"url\":\"https:\\\/\\\/monta.com\\\/wp-content\\\/uploads\\\/2025\\\/06\\\/icon_sphere-abstract.svg\",\"link\":\"https:\\\/\\\/monta.com\\\/sv\\\/icon_sphere-abstract\\\/\",\"alt\":\"\",\"author\":\"35\",\"description\":\"\",\"caption\":\"\",\"name\":\"icon_sphere-abstract\",\"status\":\"inherit\",\"uploaded_to\":0,\"date\":\"2025-07-04 10:48:04\",\"modified\":\"2025-07-04 10:48:04\",\"menu_order\":0,\"mime_type\":\"image\\\/svg+xml\",\"type\":\"image\",\"subtype\":\"svg+xml\",\"icon\":\"https:\\\/\\\/monta.com\\\/sv\\\/wp-includes\\\/images\\\/media\\\/default.png\",\"width\":99,\"height\":100,\"sizes\":{\"thumbnail\":\"https:\\\/\\\/monta.com\\\/wp-content\\\/uploads\\\/2025\\\/06\\\/icon_sphere-abstract.svg\",\"thumbnail-width\":148,\"thumbnail-height\":150,\"medium\":\"https:\\\/\\\/monta.com\\\/wp-content\\\/uploads\\\/2025\\\/06\\\/icon_sphere-abstract.svg\",\"medium-width\":297,\"medium-height\":300,\"medium_large\":\"https:\\\/\\\/monta.com\\\/wp-content\\\/uploads\\\/2025\\\/06\\\/icon_sphere-abstract.svg\",\"medium_large-width\":768,\"medium_large-height\":776,\"large\":\"https:\\\/\\\/monta.com\\\/wp-content\\\/uploads\\\/2025\\\/06\\\/icon_sphere-abstract.svg\",\"large-width\":1014,\"large-height\":1024,\"1536x1536\":\"https:\\\/\\\/monta.com\\\/wp-content\\\/uploads\\\/2025\\\/06\\\/icon_sphere-abstract.svg\",\"1536x1536-width\":99,\"1536x1536-height\":100,\"2048x2048\":\"https:\\\/\\\/monta.com\\\/wp-content\\\/uploads\\\/2025\\\/06\\\/icon_sphere-abstract.svg\",\"2048x2048-width\":99,\"2048x2048-height\":100}},\"number\":\"1350+\",\"number_label\":\"Laddningsstationer installerade p\\u00e5 K\\u00f6penhamns flygplats\",\"number_description\":\"\"},{\"illustration\":{\"ID\":4627,\"id\":4627,\"title\":\"icon_pattern_abstract\",\"filename\":\"icon_pattern_abstract.svg\",\"filesize\":0,\"url\":\"https:\\\/\\\/monta.com\\\/wp-content\\\/uploads\\\/2025\\\/06\\\/icon_pattern_abstract.svg\",\"link\":\"https:\\\/\\\/monta.com\\\/sv\\\/icon_pattern_abstract\\\/\",\"alt\":\"\",\"author\":\"35\",\"description\":\"\",\"caption\":\"\",\"name\":\"icon_pattern_abstract\",\"status\":\"inherit\",\"uploaded_to\":0,\"date\":\"2025-07-04 11:49:26\",\"modified\":\"2025-07-04 11:49:26\",\"menu_order\":0,\"mime_type\":\"image\\\/svg+xml\",\"type\":\"image\",\"subtype\":\"svg+xml\",\"icon\":\"https:\\\/\\\/monta.com\\\/sv\\\/wp-includes\\\/images\\\/media\\\/default.png\",\"width\":101,\"height\":91,\"sizes\":{\"thumbnail\":\"https:\\\/\\\/monta.com\\\/wp-content\\\/uploads\\\/2025\\\/06\\\/icon_pattern_abstract.svg\",\"thumbnail-width\":150,\"thumbnail-height\":135,\"medium\":\"https:\\\/\\\/monta.com\\\/wp-content\\\/uploads\\\/2025\\\/06\\\/icon_pattern_abstract.svg\",\"medium-width\":300,\"medium-height\":270,\"medium_large\":\"https:\\\/\\\/monta.com\\\/wp-content\\\/uploads\\\/2025\\\/06\\\/icon_pattern_abstract.svg\",\"medium_large-width\":768,\"medium_large-height\":692,\"large\":\"https:\\\/\\\/monta.com\\\/wp-content\\\/uploads\\\/2025\\\/06\\\/icon_pattern_abstract.svg\",\"large-width\":1024,\"large-height\":923,\"1536x1536\":\"https:\\\/\\\/monta.com\\\/wp-content\\\/uploads\\\/2025\\\/06\\\/icon_pattern_abstract.svg\",\"1536x1536-width\":101,\"1536x1536-height\":91,\"2048x2048\":\"https:\\\/\\\/monta.com\\\/wp-content\\\/uploads\\\/2025\\\/06\\\/icon_pattern_abstract.svg\",\"2048x2048-width\":101,\"2048x2048-height\":91}},\"number\":\"14 dagar\",\"number_label\":\"att fullst\\u00e4ndigt migrera Ampures laddningsstationer och st\\u00e4nga av deras gamla backend-system\",\"number_description\":\"\"}]' bg=\"primary-blue\">\n        \n        <\/number-slider>\n    <\/div>\n<\/section>\n\n<section aria-label=\"Uppt\u00e4ck hur Monta bidrar till er framg\u00e5ng inom laddning av elfordon\" class=\"bg-black-blue-gradient text-white  rounded-section\" >\n    <div class=\"grid grid-cols-1 md:grid-cols-12 gap-12 items-center\">\n                <div class=\"md:col-span-5\">\n                                    <div class=\"pill-label mb-8 text-white border-white\">\n                Bli en av \u00f6ver 700 partners            <\/div>\n                                                    <h2 class=\"h2 mb-10 \">\n                    Uppt\u00e4ck hur Monta bidrar till er framg\u00e5ng inom laddning av elfordon                <\/h2>\n                                                <div class=\"md:hidden block mb-10 \">\n                                                    <lottie-player src=\"https:\/\/monta.com\/app\/uploads\/sites\/16\/2025\/08\/HubAnimation_SE.json\" background=\"transparent\" speed=\"1\"\n                        style=\"width: 100%; height: auto; margin-bottom: 24px;\" loop autoplay mode=\"normal\">\n                                            <\/div>\n                        <div class=\"rich-text \">\n                <p>Med v\u00e5r innovativa teknik och expertis ger vi v\u00e5ra partners m\u00f6jlighet att leda branschen f\u00f6r laddning av elfordon och leverera exceptionella upplevelser.<\/p>\n\n            <\/div>\n                                    <a href=\"https:\/\/monta.com\/sv\/kontakta-forsaljning\/\" class=\"btn-primary-blue mt-8\">\n                Kom ig\u00e5ng            <\/a>\n                                            <\/div>\n                <div class=\"md:col-span-6 md:col-start-7 justify-items-end hidden md:block\">\n                                        <lottie-player src=\"https:\/\/monta.com\/app\/uploads\/sites\/16\/2025\/08\/HubAnimation_SE.json\" background=\"transparent\" speed=\"1\"\n                    style=\"width: 100%; height: auto\" loop autoplay mode=\"normal\">\n                <\/lottie-player>\n                                <\/div>\n            <\/div>\n<\/section>\n\n","protected":false},"excerpt":{"rendered":"","protected":false},"author":1,"featured_media":0,"parent":0,"menu_order":0,"comment_status":"closed","ping_status":"closed","template":"","meta":{"_acf_changed":false,"inline_featured_image":false,"footnotes":""},"class_list":["post-1189","page","type-page","status-publish","hentry"],"acf":[],"_links":{"self":[{"href":"https:\/\/monta.com\/sv\/wp-json\/wp\/v2\/pages\/1189","targetHints":{"allow":["GET"]}}],"collection":[{"href":"https:\/\/monta.com\/sv\/wp-json\/wp\/v2\/pages"}],"about":[{"href":"https:\/\/monta.com\/sv\/wp-json\/wp\/v2\/types\/page"}],"author":[{"embeddable":true,"href":"https:\/\/monta.com\/sv\/wp-json\/wp\/v2\/users\/1"}],"replies":[{"embeddable":true,"href":"https:\/\/monta.com\/sv\/wp-json\/wp\/v2\/comments?post=1189"}],"version-history":[{"count":19,"href":"https:\/\/monta.com\/sv\/wp-json\/wp\/v2\/pages\/1189\/revisions"}],"predecessor-version":[{"id":5661,"href":"https:\/\/monta.com\/sv\/wp-json\/wp\/v2\/pages\/1189\/revisions\/5661"}],"wp:attachment":[{"href":"https:\/\/monta.com\/sv\/wp-json\/wp\/v2\/media?parent=1189"}],"curies":[{"name":"wp","href":"https:\/\/api.w.org\/{rel}","templated":true}]}}