{"id":1445,"date":"2023-03-15T14:31:26","date_gmt":"2023-03-15T13:31:26","guid":{"rendered":"https:\/\/monta.com\/se\/?page_id=1445"},"modified":"2025-11-06T13:24:53","modified_gmt":"2025-11-06T12:24:53","slug":"kompatibla-laddningspunkter","status":"publish","type":"page","link":"https:\/\/monta.com\/sv\/kompatibla-laddningspunkter\/","title":{"rendered":"Supported charge points"},"content":{"rendered":"<section aria-label=\"Laddpunkter som st\u00f6ds hos Monta\" class=\"bg-black text-white  rounded-section\" >\n    <div class=\"grid grid-cols-1 md:grid-cols-12 gap-12 items-center\">\n                <div class=\"md:col-span-4\">\n                                                                <h1 class=\"h1 mb-10 \">\n                    Laddpunkter som st\u00f6ds hos Monta                <\/h1>\n                                                <div class=\"md:hidden block mb-10 \">\n                                    <img decoding=\"async\" title=\"Electric Vehicle Charger Brands Showcase: Schneider, Ampure, Easee, Siemens, Hardy Barth, RolecEV\" alt=\"Grid layout featuring various electric vehicle charge points from brands like Schneider Electric, Ampure, Easee, Siemens, Hardy Barth, and RolecEV, on a dark background.\" src=\"https:\/\/monta.com\/wp-content\/uploads\/2025\/11\/MontaHub_ChargePoints_Mobile.png\" \/>\n                                                            <\/div>\n                        <div class=\"rich-text \">\n                <p>Se allt ni beh\u00f6ver veta om de maskinvarumodeller som st\u00f6ds. V\u00e5ra omd\u00f6men \u00e4r transparenta, r\u00e4ttvisande och datadrivna. Direkt fr\u00e5n v\u00e5r plattform.<\/p>\n\n            <\/div>\n                                    <a href=\"#charger-list\" class=\"btn-primary-blue mt-8\">\n                Utforska modeller            <\/a>\n                                            <\/div>\n                <div class=\"col-start-6 col-span-7 justify-items-end hidden md:block\">\n                            <img decoding=\"async\" title=\"Electric Vehicle Charger Brands Showcase: Schneider, Ampure, Easee, Siemens, Hardy Barth, RolecEV\" class=\"mx-auto max-h-144\" alt=\"Grid layout featuring various electric vehicle charge points from brands like Schneider Electric, Ampure, Easee, Siemens, Hardy Barth, and RolecEV, on a dark background.\"\n                    src=\"https:\/\/monta.com\/wp-content\/uploads\/2025\/11\/MontaHub_ChargePoints_Mobile.png\" \/>\n                                            <\/div>\n            <\/div>\n<\/section>\n\n\n\n<section id=\"charger-list\" aria-label=\"Chargepoint list\" class=\"\">\n    <charger-list locale=\"sv_SE\"><\/charger-list>\n<\/section>\n\n<section aria-label=\"Sp\u00e5ra och f\u00f6rb\u00e4ttra maskinvaruprestanda\" class=\"bg-grey text-black  rounded-section\" >\n    <div class=\"grid grid-cols-1 md:grid-cols-12 gap-12 items-center\">\n                <div class=\"md:col-span-4\">\n                                                                <h2 class=\"h2 mb-10 \">\n                    Sp\u00e5ra och f\u00f6rb\u00e4ttra maskinvaruprestanda                <\/h2>\n                                                <div class=\"md:hidden block mb-10 \">\n                                                    <lottie-player src=\"https:\/\/monta.com\/wp-content\/uploads\/2025\/07\/HubAnimation_NoBG-1.json\" background=\"transparent\" speed=\"1\"\n                        style=\"width: 100%; height: auto; margin-bottom: 24px;\" loop autoplay mode=\"normal\">\n                                            <\/div>\n                        <div class=\"rich-text \">\n                <p>F\u00e5 kontroll \u00f6ver varje laddpunkt med realtidsstatistik och centraliserade programvaruuppdateringar.<\/p>\n\n            <\/div>\n                                    <a href=\"https:\/\/monta.com\/sv\/hardware-portal\/\" class=\"btn-primary-blue mt-8\">\n                Utforska Hardware-portalen            <\/a>\n                                            <\/div>\n                <div class=\"col-start-6 col-span-7 justify-items-end hidden md:block\">\n                                        <lottie-player src=\"https:\/\/monta.com\/wp-content\/uploads\/2025\/07\/HubAnimation_NoBG-1.json\" background=\"transparent\" speed=\"1\"\n                    style=\"width: 100%; height: auto\" loop autoplay mode=\"normal\">\n                <\/lottie-player>\n                                <\/div>\n            <\/div>\n<\/section>\n\n","protected":false},"excerpt":{"rendered":"","protected":false},"author":35,"featured_media":0,"parent":0,"menu_order":0,"comment_status":"closed","ping_status":"closed","template":"","meta":{"_acf_changed":false,"inline_featured_image":false,"footnotes":""},"class_list":["post-1445","page","type-page","status-publish","hentry"],"acf":[],"_links":{"self":[{"href":"https:\/\/monta.com\/sv\/wp-json\/wp\/v2\/pages\/1445","targetHints":{"allow":["GET"]}}],"collection":[{"href":"https:\/\/monta.com\/sv\/wp-json\/wp\/v2\/pages"}],"about":[{"href":"https:\/\/monta.com\/sv\/wp-json\/wp\/v2\/types\/page"}],"author":[{"embeddable":true,"href":"https:\/\/monta.com\/sv\/wp-json\/wp\/v2\/users\/35"}],"replies":[{"embeddable":true,"href":"https:\/\/monta.com\/sv\/wp-json\/wp\/v2\/comments?post=1445"}],"version-history":[{"count":5,"href":"https:\/\/monta.com\/sv\/wp-json\/wp\/v2\/pages\/1445\/revisions"}],"predecessor-version":[{"id":5433,"href":"https:\/\/monta.com\/sv\/wp-json\/wp\/v2\/pages\/1445\/revisions\/5433"}],"wp:attachment":[{"href":"https:\/\/monta.com\/sv\/wp-json\/wp\/v2\/media?parent=1445"}],"curies":[{"name":"wp","href":"https:\/\/api.w.org\/{rel}","templated":true}]}}