{"id":309,"date":"2021-11-12T06:56:12","date_gmt":"2021-11-12T06:56:12","guid":{"rendered":"https:\/\/monta.com\/se\/?page_id=309"},"modified":"2026-03-02T11:18:09","modified_gmt":"2026-03-02T10:18:09","slug":"kontakta-forsaljning","status":"publish","type":"page","link":"https:\/\/monta.com\/sv\/kontakta-forsaljning\/","title":{"rendered":"Kontakta f\u00f6rs\u00e4ljning"},"content":{"rendered":"<section aria-labelledby=\"formlogos-heading-block_2d029d83a6e6bc8f5ffcf1065e44723e\" class=\"bg-black text-white  rounded-section\">\n    <div class=\"grid grid-cols-1 md:grid-cols-5 gap-8 md:gap-30\">\n        <!-- Text Column -->\n        <div class=\"md:col-span-2 flex flex-col\">\n            <div>\n                \n                                                    <h1 id=\"formlogos-heading-block_2d029d83a6e6bc8f5ffcf1065e44723e\" class=\"text-white mb-6\">\n                        L\u00e5t oss hj\u00e4lpa dig att hitta den b\u00e4sta laddningsplattformen f\u00f6r ditt f\u00f6retag                    <\/h1>\n                                \n                                <div class=\"rich-text text-white\/90 mb-8\">\n                    <p>Monta har utvecklat en helt\u00e4ckande laddningsprogramvara som kan driva din laddningsverksamhet, oavsett anv\u00e4ndningsomr\u00e5de. Fr\u00e5n laddning f\u00f6r flerfamiljshus till f\u00f6retagsflottor och offentliga DCFC-laddstationer \u2013 med Montas programvara kan du v\u00e4xa snabbt, skala upp effektivt och ge dina f\u00f6rare den b\u00e4sta laddningsupplevelsen. L\u00e5t oss v\u00e4xa ditt n\u00e4tverk tillsammans.<\/p>\n                <\/div>\n                            <\/div>\n\n            <!-- Logo Row -->\n            \n                            <div class=\"md:mt-10 mt-6\">\n                                                                <h2 class=\"text-white\/90 font-normal mb-6 intro\">\n                            Betrodda av marknadsledande akt\u00f6rer                        <\/h2>\n                                        \n                                            <div class=\"grid grid-cols-2 lg:flex lg:flex-nowrap items-center lg:gap-0 gap-2 opacity-100\">\n                                                            <img decoding=\"async\" src=\"https:\/\/monta.com\/app\/uploads\/sites\/16\/2025\/11\/AHLSELL-SVERIGE.png\" alt=\"Logotyp f\u00f6r Ahlsell med stiliserad design, inneh\u00e5llande enkel typografi och grafiska element f\u00f6r att representera elbilsladdning.\"\n                                    class=\"h-8 lg:h-10 brightness-0 invert\" loading=\"lazy\" \/>\n                                                                                        <img decoding=\"async\" src=\"https:\/\/monta.com\/app\/uploads\/sites\/16\/2024\/07\/Evify.svg\" alt=\"Partner logo\"\n                                    class=\"h-8 lg:h-10 brightness-0 invert\" loading=\"lazy\" \/>\n                                                                                        <img decoding=\"async\" src=\"https:\/\/monta.com\/app\/uploads\/sites\/16\/2024\/07\/Skarebo.svg\" alt=\"Partner logo\"\n                                    class=\"h-8 lg:h-10 brightness-0 invert\" loading=\"lazy\" \/>\n                                                                                        <img decoding=\"async\" src=\"https:\/\/monta.com\/app\/uploads\/sites\/16\/2024\/07\/GRANITOR-1.svg\" alt=\"Partner logo\"\n                                    class=\"h-8 lg:h-10 brightness-0 invert\" loading=\"lazy\" \/>\n                                                    <\/div>\n                                    <\/div>\n                    <\/div>\n\n        <!-- Form\/Widget Column with Lottie Background -->\n        <div class=\"md:col-span-3 relative flex items-center\">\n                            <!-- Lottie Background -->\n                <div class=\"absolute md:top-[60px] md:left-[-65px] md:w-[390px] md:translate-none left-1\/2 transform -translate-x-1\/2 w-[80%] top-[-20px]\">\n                    <lottie-player src=\"https:\/\/monta.com\/wp-content\/uploads\/2025\/11\/Group.json\" background=\"transparent\" speed=\"0.3\"\n                        loop autoplay mode=\"normal\" aria-hidden=\"true\">\n                    <\/lottie-player>\n                <\/div>\n            \n            <div class=\"relative z-10 max-w-165 w-full mx-auto md:mx-0 md:ml-auto md:mt-0 mt-30\">\n                <div\n                    class=\"rounded-2xl  \">\n                    <div class=\"relative z-10\">\n                                                <script src=\"https:\/\/js.hsforms.net\/forms\/embed\/developer\/20114015.js\" defer><\/script>\r\n<div class=\"hs-form-html\" data-region=\"na1\" data-form-id=\"35aa5eed-6880-4767-ae6f-2c95c4ce7f0a\" data-portal-id=\"20114015\"><\/div>                                            <\/div>\n                <\/div>\n            <\/div>\n        <\/div>\n    <\/div>\n<\/section>","protected":false},"excerpt":{"rendered":"","protected":false},"author":1,"featured_media":0,"parent":0,"menu_order":0,"comment_status":"closed","ping_status":"closed","template":"template-contact-sales.blade.php","meta":{"_acf_changed":false,"inline_featured_image":false,"footnotes":""},"class_list":["post-309","page","type-page","status-publish","hentry"],"acf":[],"_links":{"self":[{"href":"https:\/\/monta.com\/sv\/wp-json\/wp\/v2\/pages\/309","targetHints":{"allow":["GET"]}}],"collection":[{"href":"https:\/\/monta.com\/sv\/wp-json\/wp\/v2\/pages"}],"about":[{"href":"https:\/\/monta.com\/sv\/wp-json\/wp\/v2\/types\/page"}],"author":[{"embeddable":true,"href":"https:\/\/monta.com\/sv\/wp-json\/wp\/v2\/users\/1"}],"replies":[{"embeddable":true,"href":"https:\/\/monta.com\/sv\/wp-json\/wp\/v2\/comments?post=309"}],"version-history":[{"count":13,"href":"https:\/\/monta.com\/sv\/wp-json\/wp\/v2\/pages\/309\/revisions"}],"predecessor-version":[{"id":5650,"href":"https:\/\/monta.com\/sv\/wp-json\/wp\/v2\/pages\/309\/revisions\/5650"}],"wp:attachment":[{"href":"https:\/\/monta.com\/sv\/wp-json\/wp\/v2\/media?parent=309"}],"curies":[{"name":"wp","href":"https:\/\/api.w.org\/{rel}","templated":true}]}}