{"id":3706,"date":"2023-09-27T10:39:53","date_gmt":"2023-09-27T09:39:53","guid":{"rendered":"https:\/\/monta.com\/se\/?page_id=3706"},"modified":"2025-08-01T12:23:52","modified_gmt":"2025-08-01T11:23:52","slug":"losningar","status":"publish","type":"page","link":"https:\/\/monta.com\/sv\/losningar\/","title":{"rendered":"L\u00f6sningar"},"content":{"rendered":"<section aria-label=\"Uppt\u00e4ck en v\u00e4rld av laddningsl\u00f6sningar f\u00f6r elbilar, s\u00f6ml\u00f6st integrerade p\u00e5 en och samma plattform.\" class=\"bg-transparent text-black  rounded-section\">\n    <div class=\"\">\n                    <div class=\"pill-label text-primary-blue border-primary-blue mb-10\">Alla laddningsl\u00f6sningar<\/div>\n        \n        <div class=\"grid grid-cols-1 md:grid-cols-2 gap-8 md:gap-22 h-full\">\n            <div class=\"flex flex-col  md:sticky md:top-25 md:self-start \">\n                <div>\n                    <h1  class=\"h2 mb-6 md:mb-10 col-end-2\">Uppt\u00e4ck en v\u00e4rld av laddningsl\u00f6sningar f\u00f6r elbilar, s\u00f6ml\u00f6st integrerade p\u00e5 en och samma plattform. <\/h1>                                                         <\/div>\n                \n            <\/div>\n            \n            \n            <div class=\"h-auto md:pr-6\">\n                                                                                                <div class=\" pb-6 md:pb-8  md:pl-6 md:pr-16 w-full flex flex-row gap-6 md:gap-10 items-start\" style=\" border-bottom: 1px solid; border-image: linear-gradient(to right, rgba(163, 163, 163, 0), rgb(163, 163, 163), rgba(163, 163, 163, 0)) 1; \">\n                                        <div class=\"hidden md:block flex-shrink-0 w-10 h-10\"><\/div>\n                                        <div class=\"flex-1\">\n                                                <h4 class=\"h4  mb-4\">Operat\u00f6rer av laddningsstationer<\/h4>\n\n                                                <div class=\"rich-text paragraph  mb-10 \">\n                            <p>S\u00e4tt enkelt upp och hantera laddningsplatser av alla storlekar, allt p\u00e5 ett st\u00e4lle. Om ni redan hanterar era egna platser kan Montas expertteam hj\u00e4lpa er att f\u00f6rb\u00e4ttra n\u00e4tverkets prestanda och tillf\u00f6rlitlighet.<\/p>\n\n                        <\/div>\n                                                                            <a href=\"https:\/\/monta.com\/sv\/losningar\/operator\/\" class=\"inline-block btn-tertiary-black\">Utforska l\u00f6sningen <svg class=\"inline-block w-4 h-4 ml-1\" viewBox=\"0 0 19 18\" xmlns=\"http:\/\/www.w3.org\/2000\/svg\">\n    <path d=\"M9.03253 17.467C3.50578 17.467 0 13.4869 0 8.7232C0 3.95947 3.48516 0 9.03253 0C14.6005 0 18.0857 3.95947 18.0857 8.7232C18.0857 13.4869 14.5799 17.467 9.03253 17.467ZM1.64978 8.74382C1.64978 12.7858 4.2688 16.0028 9.03253 16.0028C13.8169 16.0028 16.4359 12.7858 16.4359 8.74382C16.4359 4.70187 13.8169 1.46418 9.03253 1.46418C4.2688 1.46418 1.64978 4.70187 1.64978 8.74382ZM4.57813 9.54809V7.93956H11.0741L8.33138 5.23804L9.40373 4.16569L13.9819 8.74382L9.40373 13.322L8.352 12.2702L11.0741 9.54809H4.57813Z\"\/>\n<\/svg><\/a>\n                                            <\/div>\n                <\/div>\n                                                <div class=\" py-6 md:py-8  md:pl-6 md:pr-16 w-full flex flex-row gap-6 md:gap-10 items-start\" style=\"\">\n                                        <div class=\"hidden md:block flex-shrink-0 w-10 h-10\"><\/div>\n                                        <div class=\"flex-1\">\n                                                <h4 class=\"h4  mb-4\">Leverant\u00f6rer av l\u00f6sningar<\/h4>\n\n                                                <div class=\"rich-text paragraph  mb-10 \">\n                            <p>L\u00e4gg till intuitiv programvara i er verksamhet f\u00f6r att l\u00f6sa och automatisera processer f\u00f6r alla kundbehov. Om ni redan erbjuder fullserviceladdning f\u00f6r elbilar, men inte \u00e4ger platserna, kan Monta hj\u00e4lpa er att s\u00e4lja och hantera era l\u00f6sningar i hela ditt n\u00e4tverk.<\/p>\n\n                        <\/div>\n                                                                            <a href=\"https:\/\/monta.com\/sv\/losningar\/solution-provider\/\" class=\"inline-block btn-tertiary-black\">Utforska l\u00f6sningen <svg class=\"inline-block w-4 h-4 ml-1\" viewBox=\"0 0 19 18\" xmlns=\"http:\/\/www.w3.org\/2000\/svg\">\n    <path d=\"M9.03253 17.467C3.50578 17.467 0 13.4869 0 8.7232C0 3.95947 3.48516 0 9.03253 0C14.6005 0 18.0857 3.95947 18.0857 8.7232C18.0857 13.4869 14.5799 17.467 9.03253 17.467ZM1.64978 8.74382C1.64978 12.7858 4.2688 16.0028 9.03253 16.0028C13.8169 16.0028 16.4359 12.7858 16.4359 8.74382C16.4359 4.70187 13.8169 1.46418 9.03253 1.46418C4.2688 1.46418 1.64978 4.70187 1.64978 8.74382ZM4.57813 9.54809V7.93956H11.0741L8.33138 5.23804L9.40373 4.16569L13.9819 8.74382L9.40373 13.322L8.352 12.2702L11.0741 9.54809H4.57813Z\"\/>\n<\/svg><\/a>\n                                            <\/div>\n                <\/div>\n                \n            <\/div>\n                    <\/div>\n    <\/div>\n\n<\/section>","protected":false},"excerpt":{"rendered":"","protected":false},"author":35,"featured_media":0,"parent":0,"menu_order":0,"comment_status":"closed","ping_status":"closed","template":"","meta":{"_acf_changed":false,"inline_featured_image":false,"footnotes":""},"class_list":["post-3706","page","type-page","status-publish","hentry"],"acf":null,"_links":{"self":[{"href":"https:\/\/monta.com\/sv\/wp-json\/wp\/v2\/pages\/3706","targetHints":{"allow":["GET"]}}],"collection":[{"href":"https:\/\/monta.com\/sv\/wp-json\/wp\/v2\/pages"}],"about":[{"href":"https:\/\/monta.com\/sv\/wp-json\/wp\/v2\/types\/page"}],"author":[{"embeddable":true,"href":"https:\/\/monta.com\/sv\/wp-json\/wp\/v2\/users\/35"}],"replies":[{"embeddable":true,"href":"https:\/\/monta.com\/sv\/wp-json\/wp\/v2\/comments?post=3706"}],"version-history":[{"count":4,"href":"https:\/\/monta.com\/sv\/wp-json\/wp\/v2\/pages\/3706\/revisions"}],"predecessor-version":[{"id":5131,"href":"https:\/\/monta.com\/sv\/wp-json\/wp\/v2\/pages\/3706\/revisions\/5131"}],"wp:attachment":[{"href":"https:\/\/monta.com\/sv\/wp-json\/wp\/v2\/media?parent=3706"}],"curies":[{"name":"wp","href":"https:\/\/api.w.org\/{rel}","templated":true}]}}