{"id":4228,"date":"2024-11-01T11:05:53","date_gmt":"2024-11-01T10:05:53","guid":{"rendered":"https:\/\/monta.com\/sv\/?page_id=4228"},"modified":"2026-03-12T15:02:41","modified_gmt":"2026-03-12T14:02:41","slug":"palitliga-partners","status":"publish","type":"page","link":"https:\/\/monta.com\/sv\/palitliga-partners\/","title":{"rendered":"P\u00e5litliga partners"},"content":{"rendered":"<section aria-label=\"Hitta r\u00e4tt Monta-l\u00f6sning genom v\u00e5rt n\u00e4tverk av Trusted Partners\" class=\"bg-transparent text-charcoal  rounded-section\" >\n    <div class=\"grid grid-cols-1 md:grid-cols-12 gap-12 items-center\">\n                <div class=\"md:col-span-5\">\n                                    <div class=\"pill-label mb-8 \">\n                Trusted Partners            <\/div>\n                                                    <h1 class=\"h1 mb-10 \">\n                    Hitta r\u00e4tt Monta-l\u00f6sning genom v\u00e5rt n\u00e4tverk av Trusted Partners                <\/h1>\n                                                <div class=\"md:hidden block mb-10 \">\n                                    <img decoding=\"async\" title=\"illustration_city-chargers\" alt=\"\" src=\"https:\/\/monta.com\/wp-content\/uploads\/2025\/06\/illustration_city-chargers.webp\" \/>\n                                                            <\/div>\n                        <div class=\"rich-text \">\n                <p>P\u00e5 Monta \u00e4r vi stolta \u00f6ver att driva framtidens laddl\u00f6sningar med v\u00e5r avancerade programvara. Men f\u00f6r att skapa en s\u00f6ml\u00f6s laddupplevelse kr\u00e4vs mer \u00e4n banbrytande teknik.<\/p>\n<p>D\u00e4rf\u00f6r har vi samarbetat med ett betrott n\u00e4tverk av experter som hanterar installation, drift och det dagliga arbetet med laddstationer. Medan Monta fokuserar p\u00e5 att leverera kraftfull programvara, ansvarar v\u00e5ra partners f\u00f6r priss\u00e4ttning, s\u00e4rskilt f\u00f6r mindre laddstations\u00e4gare. Tillsammans levererar vi en komplett och skr\u00e4ddarsydd l\u00f6sning som \u00e4r utformad f\u00f6r att m\u00f6ta era unika behov.<\/p>\n\n            <\/div>\n                                                        <\/div>\n                <div class=\"md:col-span-6 md:col-start-7 justify-items-end hidden md:block\">\n                            <img decoding=\"async\" title=\"illustration_city-chargers\" class=\"mx-auto max-h-144\" alt=\"\"\n                    src=\"https:\/\/monta.com\/wp-content\/uploads\/2025\/06\/illustration_city-chargers.webp\" \/>\n                                            <\/div>\n            <\/div>\n<\/section>\n\n\n\n<section  aria-label=\"Sverige\"  class=\"\">\n        <div class=\"md:grid md:grid-cols-12 mb-12\">\n        <div class=\"col-span-5\">\n             <h2>  Sverige  <\/h2>         <\/div>\n        <div class=\"rich-text col-start-8 col-span-5 intro\">\n            \n        <\/div>\n    <\/div>\n            <infocards-slider\n            data-cards=\"[{&quot;image&quot;:&quot;https:\\\/\\\/monta.com\\\/app\\\/uploads\\\/sites\\\/16\\\/2024\\\/07\\\/Skarebo.svg&quot;,&quot;title&quot;:&quot;Sk\\u00e5rebo&quot;,&quot;description&quot;:&quot;Sk\\u00e5rebo erbjuder omfattande laddl\\u00f6sningar f\\u00f6r elbilar f\\u00f6r b\\u00e5de bost\\u00e4der och f\\u00f6retag.\\r\\n&lt;ul&gt;\\r\\n \\t&lt;li&gt;Samarbetar med Monta f\\u00f6r avancerad hantering av laddpunkter&lt;\\\/li&gt;\\r\\n \\t&lt;li&gt;Skr\\u00e4ddarsydda l\\u00f6sningar f\\u00f6r bostadsr\\u00e4ttsf\\u00f6reningar och f\\u00f6retag&lt;\\\/li&gt;\\r\\n \\t&lt;li&gt;Expertis inom integration av laddinfrastruktur i befintliga system&lt;\\\/li&gt;\\r\\n \\t&lt;li&gt;Automatiserade verktyg f\\u00f6r smidig administration&lt;\\\/li&gt;\\r\\n&lt;\\\/ul&gt;\\r\\n&lt;a class=\\&quot;btn-primary-blue\\&quot; href=\\&quot;https:\\\/\\\/skarebo.se\\\/skarebo-monta-services\\\/\\&quot;&gt;Kontakta Sk\\u00e5rebro&lt;\\\/a&gt;&quot;,&quot;button_link&quot;:&quot;&quot;,&quot;button_label&quot;:&quot;&quot;},{&quot;image&quot;:&quot;https:\\\/\\\/monta.com\\\/app\\\/uploads\\\/sites\\\/16\\\/2024\\\/07\\\/GRANITOR-1.svg&quot;,&quot;title&quot;:&quot;Granitor&quot;,&quot;description&quot;:&quot;Granitor utvecklar laddinfrastruktur f\\u00f6r elbilar som en del av sina h\\u00e5llbara tj\\u00e4nster.\\r\\n&lt;ul&gt;\\r\\n \\t&lt;li&gt;Bygger laddl\\u00f6sningar f\\u00f6r bostads- och kommersiella fastigheter&lt;\\\/li&gt;\\r\\n \\t&lt;li&gt;Integrerar laddning i energieffektiva byggprojekt&lt;\\\/li&gt;\\r\\n \\t&lt;li&gt;Erfarenhet av komplexa infrastrukturprojekt&lt;\\\/li&gt;\\r\\n \\t&lt;li&gt;Framtidss\\u00e4kra och h\\u00e5llbara installationer&lt;\\\/li&gt;\\r\\n&lt;\\\/ul&gt;\\r\\n&lt;a class=\\&quot;btn-primary-blue\\&quot; href=\\&quot;https:\\\/\\\/www.granitor.se\\\/en\\\/contact\\&quot;&gt;Kontakta Granitor&lt;\\\/a&gt;&quot;,&quot;button_link&quot;:&quot;&quot;,&quot;button_label&quot;:&quot;&quot;},{&quot;image&quot;:&quot;https:\\\/\\\/monta.com\\\/app\\\/uploads\\\/sites\\\/16\\\/2024\\\/07\\\/Evify.svg&quot;,&quot;title&quot;:&quot;Evify&quot;,&quot;description&quot;:&quot;Evify levererar laddtj\\u00e4nster f\\u00f6r elbilar med fokus p\\u00e5 anv\\u00e4ndarv\\u00e4nlighet.\\r\\n&lt;ul&gt;\\r\\n \\t&lt;li&gt;Installerar laddstationer f\\u00f6r privata och kommersiella fastigheter&lt;\\\/li&gt;\\r\\n \\t&lt;li&gt;Genomf\\u00f6r fastighetsanalyser f\\u00f6r optimal placering&lt;\\\/li&gt;\\r\\n \\t&lt;li&gt;St\\u00f6djer energieffektivitet och kostnadsbesparingar&lt;\\\/li&gt;\\r\\n \\t&lt;li&gt;Milj\\u00f6v\\u00e4nliga installationer f\\u00f6r h\\u00e5llbar laddning&lt;\\\/li&gt;\\r\\n&lt;\\\/ul&gt;\\r\\n&lt;a class=\\&quot;btn-primary-blue\\&quot; href=\\&quot;https:\\\/\\\/www.evify.se\\\/offert\\\/\\&quot;&gt;Kontakta Evify&lt;\\\/a&gt;&quot;,&quot;button_link&quot;:&quot;&quot;,&quot;button_label&quot;:&quot;&quot;},{&quot;image&quot;:&quot;https:\\\/\\\/monta.com\\\/app\\\/uploads\\\/sites\\\/16\\\/2024\\\/07\\\/AHLSELL-SVERIGE.svg&quot;,&quot;title&quot;:&quot;Ahlsell&quot;,&quot;description&quot;:&quot;Ahlsell erbjuder ett brett utbud av laddl\\u00f6sningar f\\u00f6r elbilar till proffs och f\\u00f6retag \\u00f6ver hela Sverige:\\r\\n&lt;ul&gt;\\r\\n \\t&lt;li&gt;Levererar och distribuerar h\\u00f6gkvalitativa laddare och tillbeh\\u00f6r f\\u00f6r b\\u00e5de hem och kommersiellt bruk&lt;\\\/li&gt;\\r\\n \\t&lt;li&gt;Erbjuder kompletta laddl\\u00f6sningar anpassade f\\u00f6r elektriker, installat\\u00f6rer och fastighetsf\\u00f6rvaltare&lt;\\\/li&gt;\\r\\n \\t&lt;li&gt;Tillhandah\\u00e5ller teknisk support, produktexpertis och utbildning f\\u00f6r smidig installation och drift&lt;\\\/li&gt;\\r\\n \\t&lt;li&gt;Flexibla ink\\u00f6psalternativ via webbutik och rikst\\u00e4ckande butiksn\\u00e4tverk&lt;\\\/li&gt;\\r\\n&lt;\\\/ul&gt;\\r\\n&lt;a class=\\&quot;btn-primary-blue\\&quot; href=\\&quot;https:\\\/\\\/www.ahlsell.se\\\/kontakta\\\/kontakta-din-saljare\\\/\\&quot;&gt;Kontakt Ahlsell&lt;\\\/a&gt;&quot;,&quot;button_link&quot;:&quot;&quot;,&quot;button_label&quot;:&quot;&quot;},{&quot;image&quot;:&quot;https:\\\/\\\/monta.com\\\/app\\\/uploads\\\/sites\\\/16\\\/2026\\\/03\\\/Laddboxkillarna.png&quot;,&quot;title&quot;:&quot;Laddboxkillarna&quot;,&quot;description&quot;:&quot;Laddboxkillarna \\u00e4r en ledande installat\\u00f6r av laddinfrastruktur f\\u00f6r elbilar med spetskompetens inom villa, BRF, samf\\u00e4lligheter och kommersiella fastigheter.\\r\\n&lt;br&gt;\\r\\nVi kombinerar teknisk precision med stark genomf\\u00f6randekraft och levererar skalbara, framtidss\\u00e4krade l\\u00f6sningar som \\u00e4r dimensionerade f\\u00f6r b\\u00e5de dagens behov och morgondagens expansion.\\r\\n&lt;br&gt;\\r\\n  &lt;b&gt;Vi erbjuder:&lt;\\\/b&gt;\\r\\n  &lt;ul&gt;\\r\\n    &lt;li&gt;Installation av laddboxar och kompletta laddsystem f\\u00f6r villa, BRF och f\\u00f6retag&lt;\\\/li&gt;\\r\\n    &lt;li&gt;Noggrann analys av fastighetens elkapacitet och framtida utbyggnadsm\\u00f6jligheter&lt;\\\/li&gt;\\r\\n    &lt;li&gt;Smart lastbalansering och optimerad energianv\\u00e4ndning&lt;\\\/li&gt;\\r\\n    &lt;li&gt;Projektering och dimensionering f\\u00f6r l\\u00e5ngsiktig skalbarhet&lt;\\\/li&gt;\\r\\n    &lt;li&gt;R\\u00e5dgivning genom hela processen \\u2013 fr\\u00e5n f\\u00f6rstudie till f\\u00e4rdig driftsatt anl\\u00e4ggning&lt;\\\/li&gt;\\r\\n  &lt;\\\/ul&gt;\\r\\n\\r\\n&lt;a class=\\&quot;btn-primary-blue mt-2\\&quot; href=\\&quot;https:\\\/\\\/cta-service-cms2.hubspot.com\\\/web-interactives\\\/public\\\/v1\\\/track\\\/click?encryptedPayload=AVxigLJI8LzqkW2Vt%2Fh4Iv0rui1olsZ%2B%2BIFLQ079B4F0MiJP66YXr8eOOVRSeulveiKa9A2uC%2Bh%2BF4uy2Rcj7HhKeSypHDG2EWmMsXL8pUBOcRtWdmHAW92CXtB05Bh29SkoOr1p%2FFu%2BSi34dxQy4RofO1kjZ6kcMAUNBYirwkHAyP6SCtnwQUyL&amp;amp;portalId=20114015\\&quot;&gt;Kontakt Laddboxkillarna&lt;\\\/a&gt;&quot;,&quot;button_link&quot;:&quot;&quot;,&quot;button_label&quot;:&quot;&quot;}]\"\n            data-full-height-image=\"false\"\n            data-card-bg-class=\"bg-grey text-charcoal\"\n            data-btn-tertiary-class=\"btn-tertiary-black hover:!bg-white\"\n            data-column-layout=\"2 column\"\n        ><\/infocards-slider>\n        \n<\/section>\n\n\n<section aria-label=\"Varf\u00f6r v\u00e4lja en Trusted Partner?\" class=\"\">\n    <div class=\"md:grid md:grid-cols-12\">\n        <div class=\"md:col-span-5 md:grid mb-8 md:mb-0\">\n             <h2  class=\"mb-8\">Varf\u00f6r v\u00e4lja en Trusted Partner?  <\/h2>             <div class=\"mb-8 intro md:hidden block rich-text\"><p>Monta \u00e4r EV-laddprogramvaran som s\u00e4kerst\u00e4ller en anv\u00e4ndarv\u00e4nlig laddupplevelse. V\u00e5ra partners f\u00f6rverkligar denna vision genom:<\/p>\n<ul>\n<li>Installation och upps\u00e4ttning<br \/>\nHj\u00e4lp med att skapa och underh\u00e5lla er upps\u00e4ttning i Monta.<\/li>\n<li>St\u00f6d fr\u00e5n b\u00f6rjan till slut<br \/>\nR\u00e5dgivning, val av utrustning, installation och underh\u00e5ll.<\/li>\n<li>Skr\u00e4ddarsydda avtal<br \/>\nFlexibla abonnemang och serviceavtal som matchar era specifika behov.<\/li>\n<\/ul>\n<\/div>\n            <img decoding=\"async\" class=\"md:self-end md:mx-0 mx-auto md:w-auto max-w-2\/3\" src=\"https:\/\/monta.com\/wp-content\/uploads\/2025\/07\/icon_Monta_Illu_13_Lightblue.png\" title=\"icon_Monta_Illu_13_Lightblue\" alt=\"\" \/>\n        <\/div>\n        <div class=\"md:col-start-7 md:col-span-6\">\n            <div class=\"mb-17 intro hidden md:block rich-text\"><p>Monta \u00e4r EV-laddprogramvaran som s\u00e4kerst\u00e4ller en anv\u00e4ndarv\u00e4nlig laddupplevelse. V\u00e5ra partners f\u00f6rverkligar denna vision genom:<\/p>\n<ul>\n<li>Installation och upps\u00e4ttning<br \/>\nHj\u00e4lp med att skapa och underh\u00e5lla er upps\u00e4ttning i Monta.<\/li>\n<li>St\u00f6d fr\u00e5n b\u00f6rjan till slut<br \/>\nR\u00e5dgivning, val av utrustning, installation och underh\u00e5ll.<\/li>\n<li>Skr\u00e4ddarsydda avtal<br \/>\nFlexibla abonnemang och serviceavtal som matchar era specifika behov.<\/li>\n<\/ul>\n<\/div>\n                    <\/div>\n    <\/div>\n<\/section>\n\n<section  aria-label=\"FAQ\"  class=\"md:px-42 bg-transparent rounded-section \">\n<div class=\"grid grid-cols-1 md:grid-cols-12 md:mb-31 mb-10\">\n     <h2  class=\"h2  mb-7 md:mb-0  col-span-12 mx-auto \" >FAQ <\/h2>     <\/div>\n<div class=\"w-full md:w-3\/4 mx-auto\">\n    <div class=\"faq-wrapper border-faded-grey-horizontal border-b-0 border-t-1 mt-11\">\n                        <faq title=\"Kan jag ing\u00e5 ett avtal direkt med Monta?\" content=\"&lt;p&gt;Monta tillhandah\u00e5ller inte priss\u00e4ttning f\u00f6r sm\u00e5 och medelstora laddstations\u00e4gare \u2013 detta hanteras uteslutande av v\u00e5ra Trusted Partners. Tillsammans levererar vi en komplett och skr\u00e4ddarsydd l\u00f6sning utformad f\u00f6r att uppfylla era behov.&lt;\/p&gt;\n\" background=\"transparent\"><\/faq>\n                    <faq title=\"Vad h\u00e4nder om jag f\u00f6redrar att inte arbeta med n\u00e5gon av dessa partners?\" content=\"&lt;p&gt;Ni kan ladda ner Monta Charge-appen och skapa ett gratis konto med upp till 3 laddpunkter. Ni kan l\u00e4ra er hur ni sj\u00e4lv st\u00e4ller in det h\u00e4r. Om ni beh\u00f6ver tillg\u00e5ng till avancerade funktioner, som export av ladddata, fakturering, roaming, lastbalansering eller andra, \u00e4r det b\u00e4sta valet att v\u00e4lja en Trusted Partner. De kan erbjuda er priss\u00e4ttning och hj\u00e4lp med att konfigurera Monta.&lt;\/p&gt;\n\" background=\"transparent\"><\/faq>\n            <\/div><\/div>\n<\/section>","protected":false},"excerpt":{"rendered":"","protected":false},"author":1,"featured_media":0,"parent":0,"menu_order":0,"comment_status":"closed","ping_status":"closed","template":"","meta":{"_acf_changed":false,"inline_featured_image":false,"footnotes":""},"class_list":["post-4228","page","type-page","status-publish","hentry"],"acf":[],"_links":{"self":[{"href":"https:\/\/monta.com\/sv\/wp-json\/wp\/v2\/pages\/4228","targetHints":{"allow":["GET"]}}],"collection":[{"href":"https:\/\/monta.com\/sv\/wp-json\/wp\/v2\/pages"}],"about":[{"href":"https:\/\/monta.com\/sv\/wp-json\/wp\/v2\/types\/page"}],"author":[{"embeddable":true,"href":"https:\/\/monta.com\/sv\/wp-json\/wp\/v2\/users\/1"}],"replies":[{"embeddable":true,"href":"https:\/\/monta.com\/sv\/wp-json\/wp\/v2\/comments?post=4228"}],"version-history":[{"count":9,"href":"https:\/\/monta.com\/sv\/wp-json\/wp\/v2\/pages\/4228\/revisions"}],"predecessor-version":[{"id":5674,"href":"https:\/\/monta.com\/sv\/wp-json\/wp\/v2\/pages\/4228\/revisions\/5674"}],"wp:attachment":[{"href":"https:\/\/monta.com\/sv\/wp-json\/wp\/v2\/media?parent=4228"}],"curies":[{"name":"wp","href":"https:\/\/api.w.org\/{rel}","templated":true}]}}