{"id":4592,"date":"2025-07-04T12:18:42","date_gmt":"2025-07-04T11:18:42","guid":{"rendered":"https:\/\/monta.com\/sv\/?page_id=4592"},"modified":"2026-03-02T11:59:15","modified_gmt":"2026-03-02T10:59:15","slug":"partner-services","status":"publish","type":"page","link":"https:\/\/monta.com\/sv\/partner-services\/","title":{"rendered":"Partner Services product page"},"content":{"rendered":"<section aria-label=\"Bygg en l\u00f6sning med v\u00e5r infrastruktur som grund\" class=\"bg-transparent text-charcoal mb-0 rounded-section\" >\n    <div class=\"grid grid-cols-1 md:grid-cols-12 gap-12 items-center\">\n                <div class=\"md:col-span-6 -ml-4 md:-ml-10 my-0 md:-my-18 hidden md:block\">\n                            <img decoding=\"async\" title=\"illustration_portal_mockup\" alt=\"\" class=\"mx-auto max-h-200\"\n                    src=\"https:\/\/monta.com\/wp-content\/uploads\/2025\/06\/illustration_portal_mockup.webp\" \/>\n                                            <\/div>\n                <div class=\"md:col-span-5 md:col-start-8\">\n                                                                <h1 class=\"h1 mb-10 \">\n                    Bygg en l\u00f6sning med v\u00e5r infrastruktur som grund                <\/h1>\n                                                <div class=\"md:hidden block mb-10  -mx-4 \">\n                                    <img decoding=\"async\" title=\"img_mobile-hero\" alt=\"\" src=\"https:\/\/monta.com\/wp-content\/uploads\/2025\/07\/img_mobile-hero.webp\" \/>\n                                                            <\/div>\n                        <div class=\"rich-text \">\n                <h4><strong>Monta Partner Services<\/strong><\/h4>\n<p id=\"text_block-1482-16517\" class=\"ct-text-block margin-bottom--l text--secondary-dark\">Monta Partner Services erbjuder det b\u00e4sta av tv\u00e5 v\u00e4rldar, s\u00e5 att ni kan bygga en l\u00f6sning med hj\u00e4lp av v\u00e5r omfattande svit av produktst\u00f6d, inklusive v\u00e5rt partner-API, migrationsst\u00f6d, white label-l\u00f6sningar och mycket mer.<\/p>\n\n            <\/div>\n                                    <a href=\"https:\/\/monta.com\/sv\/kontakta-forsaljning\/\" class=\"btn-primary-blue mt-8\">\n                Boka demo            <\/a>\n                                            <\/div>\n            <\/div>\n<\/section>\n\n\n\n<section aria-label=\"Den sj\u00e4lvklara mjukvarupartnern f\u00f6r vision\u00e4rer inom industrin\" class=\" bg-white py-8 pt-4\">\n    <div class=\" mx-auto text-center\">\n                <div class=\"text-gray-600 mt-6 mb-3\">Den sj\u00e4lvklara mjukvarupartnern f\u00f6r vision\u00e4rer inom industrin<\/div>\n        <div class=\"flex flex-wrap justify-center gap-4 md:gap-8 mb-6 items-center max-w-[1054px] m-auto\">\n                            <!-- Logo 1 -->\n                <div class=\"w-[calc(50%-0.5rem)] md:w-[calc(25%-1.5rem)]\">\n                    <img decoding=\"async\" src=\"https:\/\/monta.com\/wp-content\/uploads\/2025\/06\/logo_vestas-black.svg\" title=\"logo_vestas-black\" alt=\"\" class=\"w-full\" \/>\n                <\/div>\n                                        <!-- Logo 2 -->\n                <div class=\"w-[calc(50%-0.5rem)] md:w-[calc(25%-1.5rem)]\">\n                    <img decoding=\"async\" src=\"https:\/\/monta.com\/wp-content\/uploads\/2025\/06\/logo_Rolec-black.svg\" title=\"logo_Rolec-black\" alt=\"\" class=\"w-full\" \/>\n                <\/div>\n                                        <!-- Logo 3 -->\n                <div class=\"w-[calc(50%-0.5rem)] md:w-[calc(25%-1.5rem)]\">\n                    <img decoding=\"async\" src=\"https:\/\/monta.com\/app\/uploads\/sites\/16\/2025\/11\/AHLSELL-SVERIGE.png\" title=\"Elbilsladdningssymbol f\u00f6r Monta-plattformen\" alt=\"Logotyp f\u00f6r Ahlsell med stiliserad design, inneh\u00e5llande enkel typografi och grafiska element f\u00f6r att representera elbilsladdning.\" class=\"w-full\" \/>\n                <\/div>\n                                        <!-- Logo 4 -->\n                <div class=\"w-[calc(50%-0.5rem)] md:w-[calc(25%-1.5rem)]\">\n                    <img decoding=\"async\" src=\"https:\/\/monta.com\/wp-content\/uploads\/2025\/06\/logo_ewii-black.svg\" title=\"logo_ewii-black\" alt=\"\" class=\"w-full\" \/>\n                <\/div>\n                    <\/div>\n            <\/div>\n<\/section>\n\n\n<section aria-label=\"Att bygga eller att k\u00f6pa? Det \u00e4r fr\u00e5gan.\" class=\"bg-grey text-black  rounded-section\" >\n    <div class=\"grid grid-cols-1 md:grid-cols-12 gap-12 items-center\">\n                <div class=\"md:col-span-5\">\n                                    <div class=\"pill-label mb-8 \">\n                Monta platform            <\/div>\n                                                    <h2 class=\"h2 mb-10 \">\n                    Att bygga eller att k\u00f6pa? Det \u00e4r fr\u00e5gan.                <\/h2>\n                                                <div class=\"md:hidden block mb-10 \">\n                                    <img decoding=\"async\" title=\"Bygga eller k\u00f6pa: Valalternativ f\u00f6r partnerl\u00f6sningar\" alt=\"Stapel av 3D-kuber som v\u00e4xer i trappform med tv\u00e5 alternativ f\u00f6r att v\u00e4lja &quot;Bygga&quot; eller &quot;K\u00f6pa&quot; i bl\u00e5tt och vitt.\" src=\"https:\/\/monta.com\/app\/uploads\/sites\/16\/2025\/08\/Frame-26082703.png\" \/>\n                                                            <\/div>\n                        <div class=\"rich-text \">\n                <p>Svaret p\u00e5 fr\u00e5gan? B\u00e5de och. Monta Partner Services hj\u00e4lper er att skapa en hybridl\u00f6sning, s\u00e5 att ni sj\u00e4lv kan best\u00e4mma vilka delar ni vill bygga och vilka ni vill k\u00f6pa.<\/p>\n<p>P\u00e5 s\u00e5 s\u00e4tt kan ni utforma en skr\u00e4ddarsydd laddningsl\u00f6sning f\u00f6r elbilar genom att v\u00e4lja exakt de tj\u00e4nster som matchar era behov. Leverant\u00f6rer av laddl\u00f6sningar f\u00f6r elbilar kan anv\u00e4nda en blandning av anpassade och nyckelf\u00e4rdiga funktioner f\u00f6r att betj\u00e4na sina kunder effektivt ovanp\u00e5 Montas end-to-end-plattform.<\/p>\n\n            <\/div>\n                                                        <\/div>\n                <div class=\"md:col-span-6 md:col-start-7 justify-items-end hidden md:block\">\n                            <img decoding=\"async\" title=\"Bygga eller k\u00f6pa: Valalternativ f\u00f6r partnerl\u00f6sningar\" class=\"mx-auto max-h-200\" alt=\"Stapel av 3D-kuber som v\u00e4xer i trappform med tv\u00e5 alternativ f\u00f6r att v\u00e4lja \"Bygga\" eller \"K\u00f6pa\" i bl\u00e5tt och vitt.\"\n                    src=\"https:\/\/monta.com\/app\/uploads\/sites\/16\/2025\/08\/Frame-26082703.png\" \/>\n                                            <\/div>\n            <\/div>\n<\/section>\n\n\n\n<section aria-label=\"Partner Services k\u00e4rnutbud\" class=\"p-0 \">\n    <div class=\"md:grid md:grid-cols-12 px-4 md:px-10 md:pb-56 pb-18 md:-mb-27 -mb-12 md:pt-17 pt-6 bg-black text-white rounded-section\">\n        \n         <h2  class=\"mb-4 md:mb-0 md:col-span-5\">Partner Services k\u00e4rnutbud <\/h2>             <\/div>\n    \n    <accordion data-items='[{\"title\":\"Partner API\",\"description\":\"\\u003Cp\\u003EV\\u00e5rt partner-API \\u00e4r nyckeln till att l\\u00e5sa upp funktionalitet p\\u00e5 f\\u00f6retagsniv\\u00e5, s\\u00e5 att ni kan integrera Monta direkt i era system.\\u003C\\\/p\\u003E\\n\\u003Cp\\u003EFr\\u00e5n att visa laddpunkter p\\u00e5 kartan i er app till att styra laddningssessioner och synkronisera med ditt CRM \\u0026#8211; API:ets kraft och flexibilitet kan st\\u00f6dja alla era tekniska och aff\\u00e4rsm\\u00e4ssiga krav.\\u003C\\\/p\\u003E\\n\",\"image\":{\"ID\":5297,\"id\":5297,\"title\":\"Laddpunktstj\\u00e4nst i G\\u00f6teborg - Partner Services produktbild\",\"filename\":\"Partner-API.png\",\"filesize\":544278,\"url\":\"https:\\\/\\\/monta.com\\\/app\\\/uploads\\\/sites\\\/16\\\/2025\\\/08\\\/Partner-API.png\",\"link\":\"https:\\\/\\\/monta.com\\\/sv\\\/partner-services\\\/partner-api-3\\\/\",\"alt\":\"Laddningsstation med adress och knapp f\\u00f6r anslutning, omgiven av ett m\\u00f6nster av genomskinliga kuber p\\u00e5 svart bakgrund.\",\"author\":\"35\",\"description\":\"\",\"caption\":\"\",\"name\":\"partner-api-3\",\"status\":\"inherit\",\"uploaded_to\":4592,\"date\":\"2025-08-22 11:07:07\",\"modified\":\"2025-10-24 11:20:18\",\"menu_order\":0,\"mime_type\":\"image\\\/png\",\"type\":\"image\",\"subtype\":\"png\",\"icon\":\"https:\\\/\\\/monta.com\\\/sv\\\/wp-includes\\\/images\\\/media\\\/default.png\",\"width\":1771,\"height\":1350,\"sizes\":{\"thumbnail\":\"https:\\\/\\\/monta.com\\\/app\\\/uploads\\\/sites\\\/16\\\/2025\\\/08\\\/Partner-API-150x150.png\",\"thumbnail-width\":150,\"thumbnail-height\":150,\"medium\":\"https:\\\/\\\/monta.com\\\/app\\\/uploads\\\/sites\\\/16\\\/2025\\\/08\\\/Partner-API-300x229.png\",\"medium-width\":300,\"medium-height\":229,\"medium_large\":\"https:\\\/\\\/monta.com\\\/app\\\/uploads\\\/sites\\\/16\\\/2025\\\/08\\\/Partner-API-768x585.png\",\"medium_large-width\":768,\"medium_large-height\":585,\"large\":\"https:\\\/\\\/monta.com\\\/app\\\/uploads\\\/sites\\\/16\\\/2025\\\/08\\\/Partner-API-1024x781.png\",\"large-width\":1024,\"large-height\":781,\"1536x1536\":\"https:\\\/\\\/monta.com\\\/app\\\/uploads\\\/sites\\\/16\\\/2025\\\/08\\\/Partner-API-1536x1171.png\",\"1536x1536-width\":1536,\"1536x1536-height\":1171,\"2048x2048\":\"https:\\\/\\\/monta.com\\\/app\\\/uploads\\\/sites\\\/16\\\/2025\\\/08\\\/Partner-API.png\",\"2048x2048-width\":1771,\"2048x2048-height\":1350}}},{\"title\":\"St\\u00f6d f\\u00f6r migrering\",\"description\":\"\\u003Cp\\u003EAtt migrera er infrastruktur och anv\\u00e4ndarbas till Monta beh\\u00f6ver inte vara komplicerat. Vi erbjuder en expertdriven, strukturerad migreringsprocess som \\u00e4r utformad f\\u00f6r att minimera driftstopp och maximera effektiviteten.\\u003C\\\/p\\u003E\\n\\u003Cp\\u003EMed ett dedikerat migrationsteam, f\\u00f6rstklassiga verktyg och flexibla serviceniv\\u00e5er s\\u00e4kerst\\u00e4ller vi en s\\u00f6ml\\u00f6s \\u00f6verg\\u00e5ng till v\\u00e5r plattform, s\\u00e5 att ditt f\\u00f6retag kan forts\\u00e4tta v\\u00e4xa med minimala st\\u00f6rningar.\\u003C\\\/p\\u003E\\n\",\"image\":{\"ID\":4609,\"id\":4609,\"title\":\"illustration_partner-api_migration-support\",\"filename\":\"illustration_partner-api_migration-support.webp\",\"filesize\":0,\"url\":\"https:\\\/\\\/monta.com\\\/wp-content\\\/uploads\\\/2025\\\/06\\\/illustration_partner-api_migration-support.webp\",\"link\":\"https:\\\/\\\/monta.com\\\/sv\\\/illustration_partner-api_migration-support\\\/\",\"alt\":\"\",\"author\":\"35\",\"description\":\"\",\"caption\":\"\",\"name\":\"illustration_partner-api_migration-support\",\"status\":\"inherit\",\"uploaded_to\":0,\"date\":\"2025-07-04 11:23:57\",\"modified\":\"2025-07-04 11:23:57\",\"menu_order\":0,\"mime_type\":\"image\\\/webp\",\"type\":\"image\",\"subtype\":\"webp\",\"icon\":\"https:\\\/\\\/monta.com\\\/sv\\\/wp-includes\\\/images\\\/media\\\/default.png\",\"width\":2360,\"height\":1800,\"sizes\":{\"thumbnail\":\"https:\\\/\\\/monta.com\\\/wp-content\\\/uploads\\\/2025\\\/06\\\/illustration_partner-api_migration-support-150x150.webp\",\"thumbnail-width\":150,\"thumbnail-height\":150,\"medium\":\"https:\\\/\\\/monta.com\\\/wp-content\\\/uploads\\\/2025\\\/06\\\/illustration_partner-api_migration-support-300x229.webp\",\"medium-width\":300,\"medium-height\":229,\"medium_large\":\"https:\\\/\\\/monta.com\\\/wp-content\\\/uploads\\\/2025\\\/06\\\/illustration_partner-api_migration-support-768x586.webp\",\"medium_large-width\":768,\"medium_large-height\":586,\"large\":\"https:\\\/\\\/monta.com\\\/wp-content\\\/uploads\\\/2025\\\/06\\\/illustration_partner-api_migration-support-1024x781.webp\",\"large-width\":1024,\"large-height\":781,\"1536x1536\":\"https:\\\/\\\/monta.com\\\/wp-content\\\/uploads\\\/2025\\\/06\\\/illustration_partner-api_migration-support-1536x1172.webp\",\"1536x1536-width\":1536,\"1536x1536-height\":1172,\"2048x2048\":\"https:\\\/\\\/monta.com\\\/wp-content\\\/uploads\\\/2025\\\/06\\\/illustration_partner-api_migration-support-2048x1562.webp\",\"2048x2048-width\":2048,\"2048x2048-height\":1562}}},{\"title\":\"White label-l\\u00f6sningar\",\"description\":\"\\u003Cp\\u003EV\\u00e5ra white label-l\\u00f6sningar erbjuder en m\\u00e4ngd olika tj\\u00e4nster som \\u00e4r utformade f\\u00f6r att uppfylla era behov. Vi har allt fr\\u00e5n en anpassningsbar app och en Hub med eget varum\\u00e4rke till personliga kvitton, fakturor, meddelanden och e-postmeddelanden som skickas fr\\u00e5n er egen dom\\u00e4n.\\u003C\\\/p\\u003E\\n\\u003Cp\\u003EDen h\\u00e4r l\\u00f6sningen s\\u00e4kerst\\u00e4ller att ni har en snabb time-to-market samtidigt som ni levererar den enast\\u00e5ende anv\\u00e4ndarn\\u00f6jdhet som Monta \\u00e4r k\\u00e4nt f\\u00f6r.\\u003C\\\/p\\u003E\\n\",\"image\":{\"ID\":5299,\"id\":5299,\"title\":\"Partner Services: Anpassade produktgr\\u00e4nssnitt i olika f\\u00e4rger\",\"filename\":\"White-label-solutions.png\",\"filesize\":550392,\"url\":\"https:\\\/\\\/monta.com\\\/app\\\/uploads\\\/sites\\\/16\\\/2025\\\/08\\\/White-label-solutions.png\",\"link\":\"https:\\\/\\\/monta.com\\\/sv\\\/partner-services\\\/white-label-solutions\\\/\",\"alt\":\"Tre olika designlayouter i svart, bl\\u00e5tt och m\\u00f6rkr\\u00f6tt, med plats f\\u00f6r logotyp och text, mot en svart bakgrund.\",\"author\":\"35\",\"description\":\"\",\"caption\":\"\",\"name\":\"white-label-solutions\",\"status\":\"inherit\",\"uploaded_to\":4592,\"date\":\"2025-08-22 11:07:14\",\"modified\":\"2025-10-24 11:20:06\",\"menu_order\":0,\"mime_type\":\"image\\\/png\",\"type\":\"image\",\"subtype\":\"png\",\"icon\":\"https:\\\/\\\/monta.com\\\/sv\\\/wp-includes\\\/images\\\/media\\\/default.png\",\"width\":1770,\"height\":1351,\"sizes\":{\"thumbnail\":\"https:\\\/\\\/monta.com\\\/app\\\/uploads\\\/sites\\\/16\\\/2025\\\/08\\\/White-label-solutions-150x150.png\",\"thumbnail-width\":150,\"thumbnail-height\":150,\"medium\":\"https:\\\/\\\/monta.com\\\/app\\\/uploads\\\/sites\\\/16\\\/2025\\\/08\\\/White-label-solutions-300x229.png\",\"medium-width\":300,\"medium-height\":229,\"medium_large\":\"https:\\\/\\\/monta.com\\\/app\\\/uploads\\\/sites\\\/16\\\/2025\\\/08\\\/White-label-solutions-768x586.png\",\"medium_large-width\":768,\"medium_large-height\":586,\"large\":\"https:\\\/\\\/monta.com\\\/app\\\/uploads\\\/sites\\\/16\\\/2025\\\/08\\\/White-label-solutions-1024x782.png\",\"large-width\":1024,\"large-height\":782,\"1536x1536\":\"https:\\\/\\\/monta.com\\\/app\\\/uploads\\\/sites\\\/16\\\/2025\\\/08\\\/White-label-solutions-1536x1172.png\",\"1536x1536-width\":1536,\"1536x1536-height\":1172,\"2048x2048\":\"https:\\\/\\\/monta.com\\\/app\\\/uploads\\\/sites\\\/16\\\/2025\\\/08\\\/White-label-solutions.png\",\"2048x2048-width\":1770,\"2048x2048-height\":1351}}},{\"title\":\"Professionella tj\\u00e4nster\",\"description\":\"\\u003Cp\\u003ET\\u00e4nk p\\u00e5 Professional Services som era egna dedikerade ingenj\\u00f6rer fr\\u00e5n Monta som arbetar med era projekt, som om de vore en del av ditt eget team \\u0026#8211; fr\\u00e5n anpassade integrationer till funktionsf\\u00f6rfr\\u00e5gningar.\\u003C\\\/p\\u003E\\n\\u003Cp\\u003ESom en uppskattad partner \\u00e4r er feedback viktig f\\u00f6r att forma v\\u00e5r f\\u00e4rdplan. Det \\u00e4r just d\\u00e4rf\\u00f6r som Professional Services-teamet hj\\u00e4lper er att prioritera och implementera funktioner som annars kanske ligger flera m\\u00e5nader bort fr\\u00e5n utveckling.\\u003C\\\/p\\u003E\\n\",\"image\":{\"ID\":5298,\"id\":5298,\"title\":\"Anpassad integration beg\\u00e4rd f\\u00f6r partnerl\\u00f6sningar\",\"filename\":\"Professional-Services.png\",\"filesize\":349356,\"url\":\"https:\\\/\\\/monta.com\\\/app\\\/uploads\\\/sites\\\/16\\\/2025\\\/08\\\/Professional-Services.png\",\"link\":\"https:\\\/\\\/monta.com\\\/sv\\\/partner-services\\\/professional-services\\\/\",\"alt\":\"Svart bakgrund med en cirkel av gr\\u00e5 konturerade ringar. En bl\\u00e5 ruta i mitten med texten \\u0022Anpassad integration har beg\\u00e4rts!\\u0022\",\"author\":\"35\",\"description\":\"\",\"caption\":\"\",\"name\":\"professional-services\",\"status\":\"inherit\",\"uploaded_to\":4592,\"date\":\"2025-08-22 11:07:11\",\"modified\":\"2025-10-24 11:20:14\",\"menu_order\":0,\"mime_type\":\"image\\\/png\",\"type\":\"image\",\"subtype\":\"png\",\"icon\":\"https:\\\/\\\/monta.com\\\/sv\\\/wp-includes\\\/images\\\/media\\\/default.png\",\"width\":1770,\"height\":1351,\"sizes\":{\"thumbnail\":\"https:\\\/\\\/monta.com\\\/app\\\/uploads\\\/sites\\\/16\\\/2025\\\/08\\\/Professional-Services-150x150.png\",\"thumbnail-width\":150,\"thumbnail-height\":150,\"medium\":\"https:\\\/\\\/monta.com\\\/app\\\/uploads\\\/sites\\\/16\\\/2025\\\/08\\\/Professional-Services-300x229.png\",\"medium-width\":300,\"medium-height\":229,\"medium_large\":\"https:\\\/\\\/monta.com\\\/app\\\/uploads\\\/sites\\\/16\\\/2025\\\/08\\\/Professional-Services-768x586.png\",\"medium_large-width\":768,\"medium_large-height\":586,\"large\":\"https:\\\/\\\/monta.com\\\/app\\\/uploads\\\/sites\\\/16\\\/2025\\\/08\\\/Professional-Services-1024x782.png\",\"large-width\":1024,\"large-height\":782,\"1536x1536\":\"https:\\\/\\\/monta.com\\\/app\\\/uploads\\\/sites\\\/16\\\/2025\\\/08\\\/Professional-Services-1536x1172.png\",\"1536x1536-width\":1536,\"1536x1536-height\":1172,\"2048x2048\":\"https:\\\/\\\/monta.com\\\/app\\\/uploads\\\/sites\\\/16\\\/2025\\\/08\\\/Professional-Services.png\",\"2048x2048-width\":1770,\"2048x2048-height\":1351}}}]' bg=\"black\"\/>\n<\/section>\n\n<section aria-label=\"F\u00f6rb\u00e4ttra era Partnertj\u00e4nster ytterligare\" class=\"\">\n        <div class=\"md:grid md:grid-cols-12 mb-12\">\n        <div class=\"col-span-5\">\n             <h2>  F\u00f6rb\u00e4ttra era Partnertj\u00e4nster ytterligare  <\/h2>         <\/div>\n        <div class=\"rich-text col-start-8 col-span-5 intro\">\n            G\u00f6r er l\u00f6sning \u00e4nnu mer \u00e4ndam\u00e5lsenlig med n\u00e5got av till\u00e4ggsprogrammen nedan.\n        <\/div>\n    <\/div>\n            <div class=\"md:grid md:grid-cols-2 gap-6\">\n                                    <div class=\"md:grid md:grid-cols-3 mb-6 md:mb-0 gap-6 md:p-10 px-4 -mx-4 md:-mx-0 py-6 h-full bg-grey text-charcoal rounded-xl\">\n                    <div class=\"mb-4 md:mb-0 md:col-span-1 max-w-[30%] md:max-w-full\">\n                        <img decoding=\"async\" src=\"https:\/\/monta.com\/wp-content\/uploads\/2025\/06\/icon_squares_abstract.svg\" alt=\"Datalagring och datahantering\" class=\"\" \/>\n                    <\/div>\n                    <div class=\"md:col-span-2 flex flex-col\">\n                        <h3 class=\"mb-3 md:mb-8\">Datalagring och datahantering<\/h3>\n                        <div class=\"mb-3 md:mb-8 flex-1\">\n                            Med Monta Data Warehouse kan ni f\u00e5 tillg\u00e5ng till r\u00e5data fr\u00e5n v\u00e5rt system och synkronisera det med ditt eget datalager f\u00f6r att berika er instrumentpanel och rapportering.\n                        <\/div>\n                                            <\/div>\n                <\/div>\n            \n                                    <div class=\"md:grid md:grid-cols-3 mb-6 md:mb-0 gap-6 md:p-10 px-4 -mx-4 md:-mx-0 py-6 h-full bg-grey text-charcoal rounded-xl\">\n                    <div class=\"mb-4 md:mb-0 md:col-span-1 max-w-[30%] md:max-w-full\">\n                        <img decoding=\"async\" src=\"https:\/\/monta.com\/wp-content\/uploads\/2025\/06\/icon_square_abstract.svg\" alt=\"Support dygnet runt f\u00f6r er och era kunder\" class=\"\" \/>\n                    <\/div>\n                    <div class=\"md:col-span-2 flex flex-col\">\n                        <h3 class=\"mb-3 md:mb-8\">Support dygnet runt f\u00f6r er och era kunder<\/h3>\n                        <div class=\"mb-3 md:mb-8 flex-1\">\n                            Monta Partner Services erbjuder support dygnet runt f\u00f6r b\u00e5de er och era slutanv\u00e4ndare, s\u00e5 att hj\u00e4lpen alltid bara \u00e4r ett samtal eller ett klick bort. Det g\u00f6r att ni kan fokusera p\u00e5 er k\u00e4rnverksamhet medan vi ger er experthj\u00e4lp.\n                        <\/div>\n                                            <\/div>\n                <\/div>\n            \n            <\/div>\n        \n<\/section>\n\n\n<section aria-label=\"Framg\u00e5ngsrika ber\u00e4ttelser\" class=\"\">\n    <div class=\"grid grid-cols-1 md:grid-cols-12\">\n        <div class=\"col-span-12 md:col-span-5\">\n             <h2  class=\"mb-8 md:mb-14\">Framg\u00e5ngsrika ber\u00e4ttelser <\/h2>         <\/div>\n        <div class=\"col-span-12\">\n                        <div\n                class=\"border-faded-grey-horizontal border-t-1 border-b-0 md:last:border-b-1 grid grid-cols-1 md:grid-cols-2\">\n                                <a href=\"https:\/\/monta.com\/sv\/fallstudier\/kopenhamns-flygplats\/\" class=\"block group h-full\">\n                <div class=\"py-8 border-l-0 border-t-0 md:border-b-0 max-md:border-faded-grey-horizontal max-md:border-b-1 h-full flex flex-col\n                            md:border-faded-grey-vertical md:border-r-1 md:last:border-r-0                             \">\n                    <div class=\"grid grid-cols-1 md:grid-cols-3 gap-6 items-center  flex-1\">\n                        <div class=\"overflow-hidden rounded-xl\">\n                                                        <img decoding=\"async\" class=\"w-full h-full aspect-video object-cover rounded-xl transition-transform duration-300 group-hover:scale-110\" src=\"https:\/\/monta.com\/app\/uploads\/sites\/16\/2022\/11\/lund-copenhagen-airport-1-1024x610.jpeg\" title=\"Laddning f\u00f6r Skandinaviens st\u00f6rsta flygplats p\u00e5 landsidan och flygsidan\" alt=\"Laddning f\u00f6r Skandinaviens st\u00f6rsta flygplats p\u00e5 landsidan och flygsidan\" \/>\n                                                    <\/div>\n                        <div class=\"col-span-2 md:pr-8 flex flex-col justify-between\">\n                            <div>\n                                <div class=\"pill-label mb-4\">\n                                    Case study\n                                <\/div>\n                                <h4 class=\"text-2xl transition-colors duration-300 group-hover:text-primary-blue\">Laddning f\u00f6r Skandinaviens st\u00f6rsta flygplats p\u00e5 landsidan och flygsidan<\/h4>\n                            <\/div>\n                        <\/div>\n                    <\/div>\n\n                <\/div>\n                <\/a>\n                                <a href=\"https:\/\/monta.com\/sv\/fallstudier\/elkedjan\/\" class=\"block group h-full\">\n                <div class=\"py-8 border-l-0 border-t-0 md:border-b-0 max-md:border-faded-grey-horizontal max-md:border-b-1 h-full flex flex-col\n                            md:border-faded-grey-vertical md:border-r-1 md:last:border-r-0                             \">\n                    <div class=\"grid grid-cols-1 md:grid-cols-3 gap-6 items-center md:pl-6 flex-1\">\n                        <div class=\"overflow-hidden rounded-xl\">\n                                                        <img decoding=\"async\" class=\"w-full h-full aspect-video object-cover rounded-xl transition-transform duration-300 group-hover:scale-110\" src=\"https:\/\/monta.com\/app\/uploads\/sites\/16\/2023\/02\/Elkedjan-hero-1024x230.webp\" title=\"Monta hj\u00e4lper Elkedjan att utbilda 1700 elektriker i Sverige\" alt=\"Monta hj\u00e4lper Elkedjan att utbilda 1700 elektriker i Sverige\" \/>\n                                                    <\/div>\n                        <div class=\"col-span-2 md:pr-8 flex flex-col justify-between\">\n                            <div>\n                                <div class=\"pill-label mb-4\">\n                                    Case study\n                                <\/div>\n                                <h4 class=\"text-2xl transition-colors duration-300 group-hover:text-primary-blue\">Monta hj\u00e4lper Elkedjan att utbilda 1700 elektriker i Sverige<\/h4>\n                            <\/div>\n                        <\/div>\n                    <\/div>\n\n                <\/div>\n                <\/a>\n                            <\/div>\n            \n        <\/div>\n<\/section>\n\n<section aria-label=\" \u00c4r ni redo att bygga er anpassade laddningsl\u00f6sning med Montas Partner Services?\" class=\" md:mx-15 md:px-26 py-10 rounded-section bg-primary-blue md:flex md:items-center md:justify-between\">\n    <h3 class=\"text-random-fade text-white mb-5 md:mb-0 mr-0 md:mr-20\"> \u00c4r ni redo att bygga er anpassade laddningsl\u00f6sning med Montas Partner Services?<\/h3>\n        <div class=\"flex flex-col md:flex-row gap-4 items-stretch\">\n        <a href=\"https:\/\/monta.com\/sv\/kontakta-forsaljning\/\"\n            class=\"btn-primary-black whitespace-nowrap flex items-center gap-2 justify-center\">\n            Boka demo            <div\n    class=\"size-5.5 border-white rounded-full border-2 place-content-center grid\" \n    >\n    <span href=\"#\" class=\"text-sm text-white ml-auto\">\u2192<\/span>\n<\/div>        <\/a>\n            <\/div>\n        <\/section>","protected":false},"excerpt":{"rendered":"","protected":false},"author":35,"featured_media":0,"parent":0,"menu_order":0,"comment_status":"closed","ping_status":"closed","template":"","meta":{"_acf_changed":false,"inline_featured_image":false,"footnotes":""},"class_list":["post-4592","page","type-page","status-publish","hentry"],"acf":null,"_links":{"self":[{"href":"https:\/\/monta.com\/sv\/wp-json\/wp\/v2\/pages\/4592","targetHints":{"allow":["GET"]}}],"collection":[{"href":"https:\/\/monta.com\/sv\/wp-json\/wp\/v2\/pages"}],"about":[{"href":"https:\/\/monta.com\/sv\/wp-json\/wp\/v2\/types\/page"}],"author":[{"embeddable":true,"href":"https:\/\/monta.com\/sv\/wp-json\/wp\/v2\/users\/35"}],"replies":[{"embeddable":true,"href":"https:\/\/monta.com\/sv\/wp-json\/wp\/v2\/comments?post=4592"}],"version-history":[{"count":20,"href":"https:\/\/monta.com\/sv\/wp-json\/wp\/v2\/pages\/4592\/revisions"}],"predecessor-version":[{"id":5655,"href":"https:\/\/monta.com\/sv\/wp-json\/wp\/v2\/pages\/4592\/revisions\/5655"}],"wp:attachment":[{"href":"https:\/\/monta.com\/sv\/wp-json\/wp\/v2\/media?parent=4592"}],"curies":[{"name":"wp","href":"https:\/\/api.w.org\/{rel}","templated":true}]}}