{"id":4793,"date":"2025-07-08T08:01:08","date_gmt":"2025-07-08T07:01:08","guid":{"rendered":"https:\/\/monta.com\/sv\/?page_id=4793"},"modified":"2026-03-02T12:00:54","modified_gmt":"2026-03-02T11:00:54","slug":"solution-provider","status":"publish","type":"page","link":"https:\/\/monta.com\/sv\/losningar\/solution-provider\/","title":{"rendered":"Solution Provider"},"content":{"rendered":"<section aria-label=\"Leverera kompletta l\u00f6sningar f\u00f6r laddning av elbilar\" class=\"bg-primary-blue text-white mb-0 rounded-section\" >\n    <div class=\"grid grid-cols-1 md:grid-cols-12 gap-12 items-center\">\n                <div class=\"md:col-span-5\">\n                                                                <h1 class=\"h1 mb-10 \">\n                    Leverera kompletta l\u00f6sningar f\u00f6r laddning av elbilar                <\/h1>\n                                                <div class=\"md:hidden block mb-10  -mx-4 \">\n                                    <img decoding=\"async\" title=\"Solutionproviders_hero\" alt=\"Sk\u00e4rmbild av ett anv\u00e4ndargr\u00e4nssnitt med statistik \u00f6ver laddpunkter. Visar data som laddningssessioner och varningar.\" src=\"https:\/\/monta.com\/app\/uploads\/sites\/16\/2025\/08\/Solutionproviders_hero.png\" \/>\n                                                            <\/div>\n                        <div class=\"rich-text \">\n                <p id=\"text_block-159-16517\" class=\"ct-text-block margin-bottom--l text--secondary-dark\">Monta \u00e4r skr\u00e4ddarsytt f\u00f6r f\u00f6retag som tillhandah\u00e5ller fullservicel\u00f6sningar f\u00f6r laddning av elbilar utan att \u00e4ga platserna. V\u00e5r programvara g\u00f6r det m\u00f6jligt f\u00f6r er att effektivt s\u00e4lja och hantera l\u00f6sningar f\u00f6r andra f\u00f6retag, med s\u00f6ml\u00f6st st\u00f6d f\u00f6r olika anv\u00e4ndningsfall, h\u00e5rdvarumodeller och l\u00e4nder. Oavsett komplexitetsniv\u00e5 \u00e4r Montas programvara byggd f\u00f6r att hj\u00e4lpa er att uppn\u00e5 era m\u00e5l.<\/p>\n\n            <\/div>\n                                    <a href=\"https:\/\/monta.com\/sv\/kontakta-forsaljning\/\" class=\"btn-primary-black mt-8\">\n                Boka demo            <\/a>\n                                            <\/div>\n                <div class=\"md:col-span-6 md:col-start-7 -mr-4 md:-mr-10 my-0 md:-my-18 justify-items-end hidden md:block\">\n                            <img decoding=\"async\" title=\"Solutionproviders_hero\" class=\"mx-auto max-h-200\" alt=\"Sk\u00e4rmbild av ett anv\u00e4ndargr\u00e4nssnitt med statistik \u00f6ver laddpunkter. Visar data som laddningssessioner och varningar.\"\n                    src=\"https:\/\/monta.com\/app\/uploads\/sites\/16\/2025\/08\/Solutionproviders_hero.png\" \/>\n                                            <\/div>\n            <\/div>\n<\/section>\n\n\n\n<section aria-label=\"Den sj\u00e4lvklara mjukvarupartnern f\u00f6r vision\u00e4rer inom industrin\" class=\" bg-white py-8 pt-4\">\n    <div class=\" mx-auto text-center\">\n                <div class=\"text-gray-600 mt-6 mb-3\">Den sj\u00e4lvklara mjukvarupartnern f\u00f6r vision\u00e4rer inom industrin<\/div>\n        <div class=\"flex flex-wrap justify-center gap-4 md:gap-8 mb-6 items-center max-w-[1054px] m-auto\">\n                            <!-- Logo 1 -->\n                <div class=\"w-[calc(50%-0.5rem)] md:w-[calc(25%-1.5rem)]\">\n                    <img decoding=\"async\" src=\"https:\/\/monta.com\/wp-content\/uploads\/2025\/06\/logo_vestas-black.svg\" title=\"logo_vestas-black\" alt=\"\" class=\"w-full\" \/>\n                <\/div>\n                                        <!-- Logo 2 -->\n                <div class=\"w-[calc(50%-0.5rem)] md:w-[calc(25%-1.5rem)]\">\n                    <img decoding=\"async\" src=\"https:\/\/monta.com\/wp-content\/uploads\/2025\/06\/logo_Rolec-black.svg\" title=\"logo_Rolec-black\" alt=\"\" class=\"w-full\" \/>\n                <\/div>\n                                        <!-- Logo 3 -->\n                <div class=\"w-[calc(50%-0.5rem)] md:w-[calc(25%-1.5rem)]\">\n                    <img decoding=\"async\" src=\"https:\/\/monta.com\/app\/uploads\/sites\/16\/2025\/11\/AHLSELL-SVERIGE.png\" title=\"Elbilsladdningssymbol f\u00f6r Monta-plattformen\" alt=\"Logotyp f\u00f6r Ahlsell med stiliserad design, inneh\u00e5llande enkel typografi och grafiska element f\u00f6r att representera elbilsladdning.\" class=\"w-full\" \/>\n                <\/div>\n                                        <!-- Logo 4 -->\n                <div class=\"w-[calc(50%-0.5rem)] md:w-[calc(25%-1.5rem)]\">\n                    <img decoding=\"async\" src=\"https:\/\/monta.com\/wp-content\/uploads\/2025\/06\/logo_ewii-black.svg\" title=\"logo_ewii-black\" alt=\"\" class=\"w-full\" \/>\n                <\/div>\n                    <\/div>\n            <\/div>\n<\/section>\n\n\n<section aria-label=\"Specialbyggd programvara som hj\u00e4lper er att vinna aff\u00e4rer och betj\u00e4na kunder p\u00e5 ett effektivt s\u00e4tt\" class=\"bg-grey text-black  rounded-section\">\n    <div class=\"\">\n                    <div class=\"pill-label text-primary-blue border-primary-blue mb-10\">Monta Hub<\/div>\n        \n        <div class=\"grid grid-cols-1 md:grid-cols-2 gap-8 md:gap-22 h-full\">\n            <div class=\"flex flex-col  md:sticky md:top-25 md:self-start \">\n                <div>\n                     <h2  class=\"h2 mb-6 md:mb-10 col-end-2\">Specialbyggd programvara som hj\u00e4lper er att vinna aff\u00e4rer och betj\u00e4na kunder p\u00e5 ett effektivt s\u00e4tt  <\/h2>                                                             <a href=\"https:\/\/monta.com\/sv\/kontakta-forsaljning\/\" class=\"btn-primary-blue mb-8 hidden md:inline-block\">\n                        Boka demo                    <\/a>\n                                    <\/div>\n                \n            <\/div>\n            \n            \n            <div class=\"h-auto md:pr-6\">\n                                                                                                <div class=\" pb-6 md:pb-8  md:pl-6 md:pr-16 w-full flex flex-row gap-6 md:gap-10 items-start\" style=\" border-bottom: 1px solid; border-image: linear-gradient(to right, rgba(163, 163, 163, 0), rgb(163, 163, 163), rgba(163, 163, 163, 0)) 1; \">\n                                        <div class=\"hidden md:block flex-shrink-0 w-10 h-10\"><\/div>\n                                        <div class=\"flex-1\">\n                                                <h4 class=\"h4  mb-4\">Skapa tillf\u00f6rlitliga int\u00e4ktsstr\u00f6mmar<\/h4>\n\n                                                <div class=\"rich-text paragraph \">\n                            <p>Med v\u00e5ra prenumerationstj\u00e4nster kan ni enkelt fakturera era kunder \u00e4ven inom Monta, och v\u00e5ra avancerade priss\u00e4ttningsverktyg hj\u00e4lper er att skapa stabila int\u00e4ktsstr\u00f6mmar f\u00f6r ditt f\u00f6retag.<\/p>\n\n                        <\/div>\n                                                                    <\/div>\n                <\/div>\n                                                <div class=\" py-6 md:py-8  md:pl-6 md:pr-16 w-full flex flex-row gap-6 md:gap-10 items-start\" style=\" border-bottom: 1px solid; border-image: linear-gradient(to right, rgba(163, 163, 163, 0), rgb(163, 163, 163), rgba(163, 163, 163, 0)) 1; \">\n                                        <div class=\"hidden md:block flex-shrink-0 w-10 h-10\"><\/div>\n                                        <div class=\"flex-1\">\n                                                <h4 class=\"h4  mb-4\">Integrera med befintliga system och verktyg<\/h4>\n\n                                                <div class=\"rich-text paragraph \">\n                            <p>Med Montas Partner API kan ni integrera era EV-l\u00f6sningar i befintliga system, f\u00f6renkla verksamheten och skapa merv\u00e4rde f\u00f6r era kunder genom en enda, centraliserad installation.<\/p>\n\n                        <\/div>\n                                                                    <\/div>\n                <\/div>\n                                                <div class=\" py-6 md:py-8  md:pl-6 md:pr-16 w-full flex flex-row gap-6 md:gap-10 items-start\" style=\" border-bottom: 1px solid; border-image: linear-gradient(to right, rgba(163, 163, 163, 0), rgb(163, 163, 163), rgba(163, 163, 163, 0)) 1; \">\n                                        <div class=\"hidden md:block flex-shrink-0 w-10 h-10\"><\/div>\n                                        <div class=\"flex-1\">\n                                                <h4 class=\"h4  mb-4\">Effektivisera installationen med p\u00e5litliga h\u00e5rdvarum\u00e4rken<\/h4>\n\n                                                <div class=\"rich-text paragraph \">\n                            <p>Monta samarbetar med ledande h\u00e5rdvarum\u00e4rken f\u00f6r s\u00f6ml\u00f6s integration, medan v\u00e5r CPMS Monta Hub l\u00e5ter er ansluta h\u00e5rdvara antingen individuellt eller i bulk. F\u00f6r avl\u00e4gsna eller n\u00e4tverksbegr\u00e4nsade platser \u00e4r det viktigt att utrusta laddningsstationer med SIM-kort f\u00f6r endast data f\u00f6r att s\u00e4kerst\u00e4lla att de f\u00f6rblir anslutna, se v\u00e5r guide f\u00f6r b\u00e4sta praxis f\u00f6r anslutning.<\/p>\n\n                        <\/div>\n                                                                    <\/div>\n                <\/div>\n                                                <div class=\" py-6 md:py-8  md:pl-6 md:pr-16 w-full flex flex-row gap-6 md:gap-10 items-start\" style=\"\">\n                                        <div class=\"hidden md:block flex-shrink-0 w-10 h-10\"><\/div>\n                                        <div class=\"flex-1\">\n                                                <h4 class=\"h4  mb-4\">Erbjuda l\u00f6sningar med ditt varum\u00e4rkes utseende och k\u00e4nsla<\/h4>\n\n                                                <div class=\"rich-text paragraph \">\n                            <p>Skapa en laddningsupplevelse som k\u00e4nns unik f\u00f6r era kunder genom tematisering, white labeling eller till och med genom att bygga en personlig l\u00f6sning i n\u00e4ra samarbete med Montas Partner Services &#8211; utan att beh\u00f6va t\u00e4nka p\u00e5 underh\u00e5ll av programvaran.<\/p>\n\n                        <\/div>\n                                                                    <\/div>\n                <\/div>\n                \n            <\/div>\n                        <a href=\"https:\/\/monta.com\/sv\/kontakta-forsaljning\/\" class=\"btn-primary-blue md:hidden block\">\n                Boka demo            <\/a>\n                    <\/div>\n    <\/div>\n\n<\/section>\n\n<section aria-label=\"Programvarupartner nr 1 f\u00f6r leverant\u00f6rer av fullservice EV-laddning\" class=\"bg-transparent text-charcoal  rounded-section\" >\n    <div class=\"grid grid-cols-1 md:grid-cols-12 gap-12 items-center\">\n                <div class=\"md:col-span-5\">\n                                                                <h2 class=\"h2 mb-10 \">\n                    Programvarupartner nr 1 f\u00f6r leverant\u00f6rer av fullservice EV-laddning                <\/h2>\n                                                <div class=\"md:hidden block mb-10 \">\n                                    <img decoding=\"async\" title=\"L\u00e4gg till ny laddplats f\u00f6r elektriska fordon i appen\" alt=\"En ljusbl\u00e5 bakgrund med cirklar, ett centralt gr\u00e5tt kortladdare-ikon och en vit ruta som uppmanar till att konfigurera laddplatser.\" src=\"https:\/\/monta.com\/app\/uploads\/sites\/16\/2025\/08\/Card.png\" \/>\n                                                            <\/div>\n                        <div class=\"rich-text \">\n                <p>Monta \u00e4r branschvalet f\u00f6r fullserviceleverant\u00f6rer av elbilsladdning och erbjuder polerade mjukvarul\u00f6sningar som v\u00e5ra kunder \u00e4lskar.<\/p>\n<p>Oavsett om ni v\u00e4ljer att bygga en skr\u00e4ddarsydd l\u00f6sning i samarbete med oss eller f\u00f6redrar ett out-of-the-box-alternativ, ger v\u00e5r programvara er m\u00f6jlighet att leverera m\u00e5ngsidiga, monetariserbara l\u00f6sningar till era kunder som s\u00f6ml\u00f6st integreras med befintliga system och partnerskap.<\/p>\n<p>Med Monta har ni fullst\u00e4ndig kontroll \u00f6ver de m\u00e5nga lagren i er verksamhet, tack vare funktioner som detaljerad analys, hemers\u00e4ttning f\u00f6r anst\u00e4llda och v\u00e5r robusta Fleet-modul. Oavsett hur er verksamhet ser ut erbjuder v\u00e5r allt-i-ett-plattform den perfekta l\u00f6sningen f\u00f6r att uppfylla era behov.<\/p>\n\n            <\/div>\n                                    <a href=\"https:\/\/monta.com\/sv\/kontakta-forsaljning\/\" class=\"btn-primary-blue mt-8\">\n                Kom ig\u00e5ng            <\/a>\n                                            <\/div>\n                <div class=\"md:col-span-6 md:col-start-7 justify-items-end hidden md:block\">\n                            <img decoding=\"async\" title=\"L\u00e4gg till ny laddplats f\u00f6r elektriska fordon i appen\" class=\"mx-auto max-h-200\" alt=\"En ljusbl\u00e5 bakgrund med cirklar, ett centralt gr\u00e5tt kortladdare-ikon och en vit ruta som uppmanar till att konfigurera laddplatser.\"\n                    src=\"https:\/\/monta.com\/app\/uploads\/sites\/16\/2025\/08\/Card.png\" \/>\n                                            <\/div>\n            <\/div>\n<\/section>\n\n\n\n<section aria-label=\"Utformad f\u00f6r att v\u00e4xa med ditt f\u00f6retag\" class=\"p-0 \">\n    <div class=\"md:grid md:grid-cols-12 px-4 md:px-10 md:pb-56 pb-18 md:-mb-27 -mb-12 md:pt-17 pt-6 bg-black text-white rounded-section\">\n        \n         <h2  class=\"mb-4 md:mb-0 md:col-span-5\">Utformad f\u00f6r att v\u00e4xa med ditt f\u00f6retag <\/h2>                     <div class=\"rich-text intro mb-4 md:md-0 md:col-start-7 md:col-span-6\">\n                <p>Oavsett om ni vill erbjuda kompletta elbilsl\u00f6sningar till kunder eller skapa en skr\u00e4ddarsydd upplevelse med ditt varum\u00e4rkes utseende och k\u00e4nsla, finns Monta h\u00e4r f\u00f6r att hj\u00e4lpa er fokusera p\u00e5 aff\u00e4rstillv\u00e4xt och f\u00f6rarn\u00f6jdhet.<\/p>\n\n            <\/div>\n            <\/div>\n    \n    <accordion data-items='[{\"title\":\"Monta Hub\",\"description\":\"\\u003Cp\\u003EV\\u00e5rt CPMS, Monta Hub, \\u00e4r en enhetlig plattform utformad f\\u00f6r att effektivisera verksamheten, minska kostnaderna och driva nya int\\u00e4ktsstr\\u00f6mmar samtidigt som den st\\u00f6der marknadsexpansion.\\u003C\\\/p\\u003E\\n\\u003Cp\\u003EMed Monta Hub kan ni enkelt hantera alla era laddplatser. Och med Teams-funktionen kan ni bjuda in era kunder att sj\\u00e4lvst\\u00e4ndigt hantera sina n\\u00e4tverk, vilket fr\\u00e4mjar samarbete och effektivitet.\\u003C\\\/p\\u003E\\n\",\"image\":{\"ID\":5321,\"id\":5321,\"title\":\"Titel: L\\u00f6sningstj\\u00e4nster f\\u00f6r laddinfrastruktur och verksamhetsoptimering Sammanfattning: Hantering av laddplatser och expertst\\u00f6d f\\u00f6r f\\u00f6retag.\",\"filename\":\"Monta-Hub.png\",\"filesize\":503864,\"url\":\"https:\\\/\\\/monta.com\\\/app\\\/uploads\\\/sites\\\/16\\\/2025\\\/08\\\/Monta-Hub.png\",\"link\":\"https:\\\/\\\/monta.com\\\/sv\\\/losningar\\\/solution-provider\\\/monta-hub-4\\\/\",\"alt\":\"Ett gr\\u00e4nssnitt med en m\\u00f6rk bakgrund som visar tre uppgifter: hantera laddplatser, effektivisera verksamheten och l\\u00f6pande expertsupport.\",\"author\":\"35\",\"description\":\"\",\"caption\":\"\",\"name\":\"monta-hub-4\",\"status\":\"inherit\",\"uploaded_to\":4793,\"date\":\"2025-08-22 11:21:53\",\"modified\":\"2025-10-24 11:18:46\",\"menu_order\":0,\"mime_type\":\"image\\\/png\",\"type\":\"image\",\"subtype\":\"png\",\"icon\":\"https:\\\/\\\/monta.com\\\/sv\\\/wp-includes\\\/images\\\/media\\\/default.png\",\"width\":1770,\"height\":1350,\"sizes\":{\"thumbnail\":\"https:\\\/\\\/monta.com\\\/app\\\/uploads\\\/sites\\\/16\\\/2025\\\/08\\\/Monta-Hub-150x150.png\",\"thumbnail-width\":150,\"thumbnail-height\":150,\"medium\":\"https:\\\/\\\/monta.com\\\/app\\\/uploads\\\/sites\\\/16\\\/2025\\\/08\\\/Monta-Hub-300x229.png\",\"medium-width\":300,\"medium-height\":229,\"medium_large\":\"https:\\\/\\\/monta.com\\\/app\\\/uploads\\\/sites\\\/16\\\/2025\\\/08\\\/Monta-Hub-768x586.png\",\"medium_large-width\":768,\"medium_large-height\":586,\"large\":\"https:\\\/\\\/monta.com\\\/app\\\/uploads\\\/sites\\\/16\\\/2025\\\/08\\\/Monta-Hub-1024x781.png\",\"large-width\":1024,\"large-height\":781,\"1536x1536\":\"https:\\\/\\\/monta.com\\\/app\\\/uploads\\\/sites\\\/16\\\/2025\\\/08\\\/Monta-Hub-1536x1172.png\",\"1536x1536-width\":1536,\"1536x1536-height\":1172,\"2048x2048\":\"https:\\\/\\\/monta.com\\\/app\\\/uploads\\\/sites\\\/16\\\/2025\\\/08\\\/Monta-Hub.png\",\"2048x2048-width\":1770,\"2048x2048-height\":1350}}},{\"title\":\"Partnertj\\u00e4nster\",\"description\":\"\\u003Cp\\u003EN\\u00e4r de \\u00f6verv\\u00e4ger programvara st\\u00e5r de mest f\\u00f6retagsamma operat\\u00f6rerna inf\\u00f6r ett kritiskt beslut: bygga en laddningsl\\u00f6sning f\\u00f6r elbilar fr\\u00e5n grunden eller k\\u00f6pa ett f\\u00e4rdigt alternativ.\\u003C\\\/p\\u003E\\n\\u003Cp\\u003EMonta Partner Services erbjuder det b\\u00e4sta av tv\\u00e5 v\\u00e4rldar, s\\u00e5 att ni kan skapa en anpassad l\\u00f6sning med v\\u00e5r omfattande svit (inklusive v\\u00e5rt Partner API, migreringsst\\u00f6d, white-label-l\\u00f6sningar, avancerad lastbalansering med mera).\\u003C\\\/p\\u003E\\n\",\"image\":{\"ID\":5320,\"id\":5320,\"title\":\"Designa dina l\\u00f6sningar med anpassade gr\\u00e4nssnitt och f\\u00e4rger.\",\"filename\":\"Partner-Services.png\",\"filesize\":554753,\"url\":\"https:\\\/\\\/monta.com\\\/app\\\/uploads\\\/sites\\\/16\\\/2025\\\/08\\\/Partner-Services.png\",\"link\":\"https:\\\/\\\/monta.com\\\/sv\\\/losningar\\\/solution-provider\\\/partner-services-3\\\/\",\"alt\":\"Tre f\\u00e4lt med olika f\\u00e4rger: svart, bl\\u00e5 och vinr\\u00f6d. Varje f\\u00e4lt inneh\\u00e5ller textomr\\u00e5den och plats f\\u00f6r logotyp.\",\"author\":\"35\",\"description\":\"\",\"caption\":\"\",\"name\":\"partner-services-3\",\"status\":\"inherit\",\"uploaded_to\":4793,\"date\":\"2025-08-22 11:21:40\",\"modified\":\"2025-10-24 11:18:50\",\"menu_order\":0,\"mime_type\":\"image\\\/png\",\"type\":\"image\",\"subtype\":\"png\",\"icon\":\"https:\\\/\\\/monta.com\\\/sv\\\/wp-includes\\\/images\\\/media\\\/default.png\",\"width\":1770,\"height\":1350,\"sizes\":{\"thumbnail\":\"https:\\\/\\\/monta.com\\\/app\\\/uploads\\\/sites\\\/16\\\/2025\\\/08\\\/Partner-Services-150x150.png\",\"thumbnail-width\":150,\"thumbnail-height\":150,\"medium\":\"https:\\\/\\\/monta.com\\\/app\\\/uploads\\\/sites\\\/16\\\/2025\\\/08\\\/Partner-Services-300x229.png\",\"medium-width\":300,\"medium-height\":229,\"medium_large\":\"https:\\\/\\\/monta.com\\\/app\\\/uploads\\\/sites\\\/16\\\/2025\\\/08\\\/Partner-Services-768x586.png\",\"medium_large-width\":768,\"medium_large-height\":586,\"large\":\"https:\\\/\\\/monta.com\\\/app\\\/uploads\\\/sites\\\/16\\\/2025\\\/08\\\/Partner-Services-1024x781.png\",\"large-width\":1024,\"large-height\":781,\"1536x1536\":\"https:\\\/\\\/monta.com\\\/app\\\/uploads\\\/sites\\\/16\\\/2025\\\/08\\\/Partner-Services-1536x1172.png\",\"1536x1536-width\":1536,\"1536x1536-height\":1172,\"2048x2048\":\"https:\\\/\\\/monta.com\\\/app\\\/uploads\\\/sites\\\/16\\\/2025\\\/08\\\/Partner-Services.png\",\"2048x2048-width\":1770,\"2048x2048-height\":1350}}}]' bg=\"black\"\/>\n<\/section>\n\n<section aria-label=\"Monta ger er m\u00f6jlighet att...\" class=\"\">\n    <div class=\"md:grid md:grid-cols-12\">\n        <div class=\"md:col-span-5 md:grid mb-8 md:mb-0\">\n             <h2  class=\"mb-8\">Monta ger er m\u00f6jlighet att&#8230;  <\/h2>             <div class=\"mb-8 intro md:hidden block rich-text\"><p>&nbsp;<\/p>\n<ul>\n<li>S\u00e4lj kompletta laddningsl\u00f6sningar<\/li>\n<li>Samarbeta med h\u00e5rdvarutillverkare och energibolag<\/li>\n<li>M\u00f6t f\u00f6r\u00e4ndrade marknads- och kundbehov<\/li>\n<li>Hantera livscykeln f\u00f6r era kunders laddningsl\u00f6sningar<\/li>\n<li>S\u00e4kerst\u00e4lla l\u00e5ngsiktiga partnerskap med webbplats\u00e4gare<\/li>\n<li>Expandera till nya marknader<\/li>\n<\/ul>\n<\/div>\n            <img decoding=\"async\" class=\"md:self-end md:mx-0 mx-auto md:w-auto max-w-2\/3\" src=\"https:\/\/monta.com\/wp-content\/uploads\/2025\/07\/icon_Monta_Illu_13_Lightblue.png\" title=\"icon_Monta_Illu_13_Lightblue\" alt=\"\" \/>\n        <\/div>\n        <div class=\"md:col-start-7 md:col-span-6\">\n            <div class=\"mb-17 intro hidden md:block rich-text\"><p>&nbsp;<\/p>\n<ul>\n<li>S\u00e4lj kompletta laddningsl\u00f6sningar<\/li>\n<li>Samarbeta med h\u00e5rdvarutillverkare och energibolag<\/li>\n<li>M\u00f6t f\u00f6r\u00e4ndrade marknads- och kundbehov<\/li>\n<li>Hantera livscykeln f\u00f6r era kunders laddningsl\u00f6sningar<\/li>\n<li>S\u00e4kerst\u00e4lla l\u00e5ngsiktiga partnerskap med webbplats\u00e4gare<\/li>\n<li>Expandera till nya marknader<\/li>\n<\/ul>\n<\/div>\n                    <\/div>\n    <\/div>\n<\/section>\n\n<section aria-label=\"Redo att erbjuda kompletta laddningsl\u00f6sningar till era kunder?\" class=\" md:mx-15 md:px-26 py-10 rounded-section bg-primary-blue md:flex md:items-center md:justify-between\">\n    <h3 class=\"text-random-fade text-white mb-5 md:mb-0 mr-0 md:mr-20\">Redo att erbjuda kompletta laddningsl\u00f6sningar till era kunder?<\/h3>\n        <div class=\"flex flex-col md:flex-row gap-4 items-stretch\">\n        <a href=\"https:\/\/monta.com\/sv\/kontakta-forsaljning\/\"\n            class=\"btn-primary-black whitespace-nowrap flex items-center gap-2 justify-center\">\n            Boka demo            <div\n    class=\"size-5.5 border-white rounded-full border-2 place-content-center grid\" \n    >\n    <span href=\"#\" class=\"text-sm text-white ml-auto\">\u2192<\/span>\n<\/div>        <\/a>\n            <\/div>\n        <\/section>","protected":false},"excerpt":{"rendered":"","protected":false},"author":35,"featured_media":0,"parent":3706,"menu_order":0,"comment_status":"closed","ping_status":"closed","template":"","meta":{"_acf_changed":false,"inline_featured_image":false,"footnotes":""},"class_list":["post-4793","page","type-page","status-publish","hentry"],"acf":null,"_links":{"self":[{"href":"https:\/\/monta.com\/sv\/wp-json\/wp\/v2\/pages\/4793","targetHints":{"allow":["GET"]}}],"collection":[{"href":"https:\/\/monta.com\/sv\/wp-json\/wp\/v2\/pages"}],"about":[{"href":"https:\/\/monta.com\/sv\/wp-json\/wp\/v2\/types\/page"}],"author":[{"embeddable":true,"href":"https:\/\/monta.com\/sv\/wp-json\/wp\/v2\/users\/35"}],"replies":[{"embeddable":true,"href":"https:\/\/monta.com\/sv\/wp-json\/wp\/v2\/comments?post=4793"}],"version-history":[{"count":22,"href":"https:\/\/monta.com\/sv\/wp-json\/wp\/v2\/pages\/4793\/revisions"}],"predecessor-version":[{"id":5657,"href":"https:\/\/monta.com\/sv\/wp-json\/wp\/v2\/pages\/4793\/revisions\/5657"}],"up":[{"embeddable":true,"href":"https:\/\/monta.com\/sv\/wp-json\/wp\/v2\/pages\/3706"}],"wp:attachment":[{"href":"https:\/\/monta.com\/sv\/wp-json\/wp\/v2\/media?parent=4793"}],"curies":[{"name":"wp","href":"https:\/\/api.w.org\/{rel}","templated":true}]}}