{"id":5396,"date":"2025-10-08T14:25:26","date_gmt":"2025-10-08T13:25:26","guid":{"rendered":"https:\/\/monta.com\/sv\/?page_id=5396"},"modified":"2025-10-08T20:35:51","modified_gmt":"2025-10-08T19:35:51","slug":"nyheter-fran-monta","status":"publish","type":"page","link":"https:\/\/monta.com\/sv\/nyheter-fran-monta\/","title":{"rendered":"Nyheter fr\u00e5n Monta"},"content":{"rendered":"<section aria-label=\"Nyheter fr\u00e5n Monta\" class=\"bg-transparent text-charcoal  rounded-section\">\n    <div class=\"max-w-4xl mx-auto text-center\">\n                <div class=\"pill-label mb-8 \">\n            Monta Resurser        <\/div>\n                                    <h1 class=\"h1 mb-10\">\n                Nyheter fr\u00e5n Monta            <\/h1>\n                                <div class=\"text-lg mb-10 \">\n            <p class=\"intro\">Uppt\u00e4ck Montas senaste produkt uppdateringar och funktioner! Designade f\u00f6r att hj\u00e4lpa operat\u00f6rer jobba smartare genom snabbare fels\u00f6kning, smidig daglig operation, f\u00f6rb\u00e4ttrad compliance och nya inkomst m\u00f6jligheter.<\/p>\n        <\/div>\n                    <\/div>\n<\/section>\n\n<section aria-label=\"Q3 2025 Releases\" class=\"bg-grey text-black  rounded-section\" >\n    <div class=\"grid grid-cols-1 md:grid-cols-12 gap-12 items-center\">\n                <div class=\"md:col-span-6 hidden md:block\">\n                            <img decoding=\"async\" title=\"Newsletter_Image (1)\" alt=\"\" class=\"mx-auto max-h-144\"\n                    src=\"https:\/\/monta.com\/wp-content\/uploads\/2025\/10\/Newsletter_Image-1.png\" \/>\n                                            <\/div>\n                <div class=\"md:col-span-5 md:col-start-8\">\n                                                                <h2 class=\"h2 mb-10 \">\n                    Q3 2025 Releases                <\/h2>\n                                                <div class=\"md:hidden block mb-10 \">\n                                    <img decoding=\"async\" title=\"Newsletter_Image (1)\" alt=\"\" src=\"https:\/\/monta.com\/wp-content\/uploads\/2025\/10\/Newsletter_Image-1.png\" \/>\n                                                            <\/div>\n                        <div class=\"rich-text \">\n                <ul>\n<li>NOC Agent<\/li>\n<li>Central s\u00f6kning<\/li>\n<li>Network Overview<\/li>\n<li>Data Pipelines<\/li>\n<li>Sub-Account Plans<\/li>\n<li>Fleet View<\/li>\n<\/ul>\n\n            <\/div>\n                                    <a href=\"https:\/\/monta.com\/sv\/q3-2025-releases\/\" class=\"btn-primary-blue mt-8\">\n                Utforska mer            <\/a>\n                                            <\/div>\n            <\/div>\n<\/section>\n\n\n\n<section aria-label=\"H\u00e5ll dig uppdaterad om de senaste produktf\u00f6r\u00e4ndringarna\" class=\" md:mx-15 md:px-26 py-10 rounded-section bg-primary-blue md:flex md:items-center md:justify-between\">\n    <h3 class=\" text-white mb-5 md:mb-0 mr-0 md:mr-20\">H\u00e5ll dig uppdaterad om de senaste produktf\u00f6r\u00e4ndringarna<\/h3>\n        <div class=\"flex flex-col md:flex-row gap-4 items-stretch\">\n        <a href=\"https:\/\/changelog.monta.com\/en\"\n            class=\"btn-primary-black whitespace-nowrap flex items-center gap-2 justify-center\">\n            Visa Changelog            <div\n    class=\"size-5.5 border-white rounded-full border-2 place-content-center grid\" \n    >\n    <span href=\"#\" class=\"text-sm text-white ml-auto\">\u2192<\/span>\n<\/div>        <\/a>\n            <\/div>\n        <\/section>","protected":false},"excerpt":{"rendered":"","protected":false},"author":35,"featured_media":0,"parent":0,"menu_order":0,"comment_status":"closed","ping_status":"closed","template":"","meta":{"_acf_changed":false,"inline_featured_image":false,"footnotes":""},"class_list":["post-5396","page","type-page","status-publish","hentry"],"acf":[],"_links":{"self":[{"href":"https:\/\/monta.com\/sv\/wp-json\/wp\/v2\/pages\/5396","targetHints":{"allow":["GET"]}}],"collection":[{"href":"https:\/\/monta.com\/sv\/wp-json\/wp\/v2\/pages"}],"about":[{"href":"https:\/\/monta.com\/sv\/wp-json\/wp\/v2\/types\/page"}],"author":[{"embeddable":true,"href":"https:\/\/monta.com\/sv\/wp-json\/wp\/v2\/users\/35"}],"replies":[{"embeddable":true,"href":"https:\/\/monta.com\/sv\/wp-json\/wp\/v2\/comments?post=5396"}],"version-history":[{"count":6,"href":"https:\/\/monta.com\/sv\/wp-json\/wp\/v2\/pages\/5396\/revisions"}],"predecessor-version":[{"id":5405,"href":"https:\/\/monta.com\/sv\/wp-json\/wp\/v2\/pages\/5396\/revisions\/5405"}],"wp:attachment":[{"href":"https:\/\/monta.com\/sv\/wp-json\/wp\/v2\/media?parent=5396"}],"curies":[{"name":"wp","href":"https:\/\/api.w.org\/{rel}","templated":true}]}}